{"id":335935,"date":"2022-11-08T22:52:32","date_gmt":"2024-04-19T12:41:52","guid":{"rendered":"https:\/\/www.moskito.cz\/produkt\/tomahawk-cold-steel-trench-hawk-negro\/"},"modified":"2025-05-07T11:13:03","modified_gmt":"2025-05-07T10:13:03","slug":"tomahawk-cold-steel-trench-hawk-negro","status":"publish","type":"product","link":"https:\/\/www.moskito.cz\/es\/produkt\/tomahawk-cold-steel-trench-hawk-negro\/","title":{"rendered":"Tomahawk Cold Steel TRENCH HAWK NEGRO"},"content":{"rendered":"<p>Tomahawk Cold Steel TRENCH HAWK NEGRO.<\/p>\n<p>El Cold Steel Trench Hawk presenta un borde afilado y una punta de cu\u00f1a que ofrece muchas opciones t\u00e1cticas para los guerreros modernos de nuestra naci\u00f3n. Forjada en acero al carbono 5150 y endurecida diferencialmente, la cabeza Trench Hawk puede soportar enormes impactos, as\u00ed como el terrible estr\u00e9s del uso intenso a largo plazo. El mango de nuestro Trench Hawk es altamente resistente a los impactos y resistir\u00e1 un manejo brusco hasta el punto de romperse. mango de nogal macizo. Y como beneficio adicional, es f\u00e1cil y econ\u00f3mico reemplazarlo cuando finalmente se desgasta debido a los repetidos lanzamientos.* El Trench Hawk viene con una funda articulada Secure-Ex patentada.<\/p>\n<p>PARAMETROS DEL PRODUCTO<br \/>\nDe color negro<br \/>\nPeso: 822,13 gramos<br \/>\nTama\u00f1o total: 482 mm<br \/>\nAcero: carbono 1055 forjado<br \/>\nMaterial del mango: Polipropileno<\/p>\n","protected":false},"excerpt":{"rendered":"<p>COLD STEEL Trench Hawk es un tomahawk fabricado con materiales modernos y muy duraderos. Por su construcci\u00f3n es considerada un hacha de batalla y arrojadiza.<\/p>\n","protected":false},"featured_media":335936,"comment_status":"open","ping_status":"closed","template":"","meta":[],"pwb-brand":[3790],"product_brand":[],"product_cat":[3732],"product_tag":[],"class_list":{"0":"post-335935","1":"product","2":"type-product","3":"status-publish","4":"has-post-thumbnail","6":"pwb-brand-arma-blanca","7":"product_cat-ejes","9":"first","10":"outofstock","11":"taxable","12":"shipping-taxable","13":"purchasable","14":"product-type-simple"},"brands":[{"id":3790,"name":"Arma blanca","slug":"arma-blanca"}],"_links":{"self":[{"href":"https:\/\/www.moskito.cz\/es\/wp-json\/wp\/v2\/product\/335935","targetHints":{"allow":["GET"]}}],"collection":[{"href":"https:\/\/www.moskito.cz\/es\/wp-json\/wp\/v2\/product"}],"about":[{"href":"https:\/\/www.moskito.cz\/es\/wp-json\/wp\/v2\/types\/product"}],"replies":[{"embeddable":true,"href":"https:\/\/www.moskito.cz\/es\/wp-json\/wp\/v2\/comments?post=335935"}],"wp:featuredmedia":[{"embeddable":true,"href":"https:\/\/www.moskito.cz\/es\/wp-json\/wp\/v2\/media\/335936"}],"wp:attachment":[{"href":"https:\/\/www.moskito.cz\/es\/wp-json\/wp\/v2\/media?parent=335935"}],"wp:term":[{"taxonomy":"pwb-brand","embeddable":true,"href":"https:\/\/www.moskito.cz\/es\/wp-json\/wp\/v2\/pwb-brand?post=335935"},{"taxonomy":"product_brand","embeddable":true,"href":"https:\/\/www.moskito.cz\/es\/wp-json\/wp\/v2\/product_brand?post=335935"},{"taxonomy":"product_cat","embeddable":true,"href":"https:\/\/www.moskito.cz\/es\/wp-json\/wp\/v2\/product_cat?post=335935"},{"taxonomy":"product_tag","embeddable":true,"href":"https:\/\/www.moskito.cz\/es\/wp-json\/wp\/v2\/product_tag?post=335935"}],"curies":[{"name":"wp","href":"https:\/\/api.w.org\/{rel}","templated":true}]}}