{"id":335942,"date":"2023-04-05T15:11:21","date_gmt":"2024-04-19T12:43:24","guid":{"rendered":"https:\/\/www.moskito.cz\/produkt\/hacha-cold-steel-trench-hawk-de-green\/"},"modified":"2025-05-07T11:13:04","modified_gmt":"2025-05-07T10:13:04","slug":"hacha-cold-steel-trench-hawk-de-green","status":"publish","type":"product","link":"https:\/\/www.moskito.cz\/es\/produkt\/hacha-cold-steel-trench-hawk-de-green\/","title":{"rendered":"Hacha Cold Steel TRENCH HAWK de GREEN"},"content":{"rendered":"<p>Hacha <strong>Cold Steel<\/strong> TRENCH HAWK de GREEN<\/p>\n<p><strong>Halc\u00f3n de trinchera de acero fr\u00edo<\/strong>  presenta un borde afilado y una punta de cu\u00f1a que ofrece numerosas \u00abopciones\u00bb t\u00e1cticas para los guerreros modernos de nuestra naci\u00f3n. Forjada en acero al carbono 1055 y endurecida diferencialmente, la cabeza Trench Hawk resiste enormes impactos y el terrible estr\u00e9s del uso intenso a largo plazo. El mango de nuestro Trench Hawk es altamente resistente a los impactos y resistir\u00e1 el abuso que romper\u00eda incluso un mango s\u00f3lido de nogal. Y como beneficio adicional, es f\u00e1cil y econ\u00f3mico reemplazarlo cuando finalmente se desgasta debido a los repetidos lanzamientos.* El Trench Hawk viene con una funda articulada patentada Secure-Ex\u2122.<\/p>\n<p>Descripci\u00f3n:<\/p>\n<p>Material de la caja: Secure-Ex<br \/>\nMaterial del mango: Polipropileno<br \/>\nMaterial de la hoja: 1055<br \/>\nTipo de hacha: Tomahawk<br \/>\nPeso: 822 gramos<br \/>\nLongitud total: 48,3 cm.<br \/>\nLongitud de la cabeza del hacha: 9 cm<\/p>\n<p>&nbsp;<\/p>\n","protected":false},"excerpt":{"rendered":"<p><strong>COLD STEEL Trench Hawk es un tomahawk fabricado con materiales modernos y muy duraderos.<\/strong><\/p>\n","protected":false},"featured_media":335943,"comment_status":"open","ping_status":"closed","template":"","meta":[],"pwb-brand":[3790],"product_brand":[],"product_cat":[3732],"product_tag":[],"class_list":{"0":"post-335942","1":"product","2":"type-product","3":"status-publish","4":"has-post-thumbnail","6":"pwb-brand-arma-blanca","7":"product_cat-ejes","9":"first","10":"outofstock","11":"taxable","12":"shipping-taxable","13":"purchasable","14":"product-type-simple"},"brands":[{"id":3790,"name":"Arma blanca","slug":"arma-blanca"}],"_links":{"self":[{"href":"https:\/\/www.moskito.cz\/es\/wp-json\/wp\/v2\/product\/335942","targetHints":{"allow":["GET"]}}],"collection":[{"href":"https:\/\/www.moskito.cz\/es\/wp-json\/wp\/v2\/product"}],"about":[{"href":"https:\/\/www.moskito.cz\/es\/wp-json\/wp\/v2\/types\/product"}],"replies":[{"embeddable":true,"href":"https:\/\/www.moskito.cz\/es\/wp-json\/wp\/v2\/comments?post=335942"}],"wp:featuredmedia":[{"embeddable":true,"href":"https:\/\/www.moskito.cz\/es\/wp-json\/wp\/v2\/media\/335943"}],"wp:attachment":[{"href":"https:\/\/www.moskito.cz\/es\/wp-json\/wp\/v2\/media?parent=335942"}],"wp:term":[{"taxonomy":"pwb-brand","embeddable":true,"href":"https:\/\/www.moskito.cz\/es\/wp-json\/wp\/v2\/pwb-brand?post=335942"},{"taxonomy":"product_brand","embeddable":true,"href":"https:\/\/www.moskito.cz\/es\/wp-json\/wp\/v2\/product_brand?post=335942"},{"taxonomy":"product_cat","embeddable":true,"href":"https:\/\/www.moskito.cz\/es\/wp-json\/wp\/v2\/product_cat?post=335942"},{"taxonomy":"product_tag","embeddable":true,"href":"https:\/\/www.moskito.cz\/es\/wp-json\/wp\/v2\/product_tag?post=335942"}],"curies":[{"name":"wp","href":"https:\/\/api.w.org\/{rel}","templated":true}]}}