{"id":335948,"date":"2022-11-08T22:13:14","date_gmt":"2024-04-19T12:44:42","guid":{"rendered":"https:\/\/www.moskito.cz\/produkt\/tomahawk-cold-steel-guerra-hawk\/"},"modified":"2025-05-07T11:13:04","modified_gmt":"2025-05-07T10:13:04","slug":"tomahawk-cold-steel-guerra-hawk","status":"publish","type":"product","link":"https:\/\/www.moskito.cz\/es\/produkt\/tomahawk-cold-steel-guerra-hawk\/","title":{"rendered":"Tomahawk Cold Steel GUERRA HAWK"},"content":{"rendered":"<p>Tomahawk <strong>Cold Steel<\/strong> GUERRA HAWK.<\/p>\n<p>Nuestro War Hawk combina el estilo t\u00e1ctico y los materiales utilizados en nuestro popular Trench Hawk con elementos de dise\u00f1o de inspiraci\u00f3n hist\u00f3rica de antiguas hachas de mano de combate. Con su amplia cabeza de hacha barbuda y su punta curvada reforzada estilo Tanto, este es un hacha de guerra t\u00e1ctica completamente moderna. \u00a1herramienta! Cada War Hawk viene con una funda articulada Secure-Ex patentada.<br \/>\nPARAMETROS DEL PRODUCTO<br \/>\nDe color negro<br \/>\nAcero: carbono 1055 forjado<br \/>\nTama\u00f1o de la cabeza: 76<br \/>\nTama\u00f1o total: 482 mm<br \/>\nPeso: 836,31 gramos<br \/>\nMaterial del mango: Polipropileno<\/p>\n","protected":false},"excerpt":{"rendered":"<p>Tomahawk Cold Steel GUERRA HAWK. Nuestro War Hawk combina el estilo t\u00e1ctico y los materiales utilizados en nuestro popular Trench Hawk con elementos de dise\u00f1o de inspiraci\u00f3n hist\u00f3rica de antiguas hachas de mano de combate. Con su amplia cabeza de hacha barbuda y su punta curvada reforzada estilo Tanto, este es un hacha de guerra [&hellip;]<\/p>\n","protected":false},"featured_media":335949,"comment_status":"open","ping_status":"closed","template":"","meta":[],"pwb-brand":[3790],"product_brand":[],"product_cat":[3732],"product_tag":[],"class_list":{"0":"post-335948","1":"product","2":"type-product","3":"status-publish","4":"has-post-thumbnail","6":"pwb-brand-arma-blanca","7":"product_cat-ejes","9":"first","10":"instock","11":"sale","12":"taxable","13":"shipping-taxable","14":"purchasable","15":"product-type-simple"},"brands":[{"id":3790,"name":"Arma blanca","slug":"arma-blanca"}],"_links":{"self":[{"href":"https:\/\/www.moskito.cz\/es\/wp-json\/wp\/v2\/product\/335948","targetHints":{"allow":["GET"]}}],"collection":[{"href":"https:\/\/www.moskito.cz\/es\/wp-json\/wp\/v2\/product"}],"about":[{"href":"https:\/\/www.moskito.cz\/es\/wp-json\/wp\/v2\/types\/product"}],"replies":[{"embeddable":true,"href":"https:\/\/www.moskito.cz\/es\/wp-json\/wp\/v2\/comments?post=335948"}],"wp:featuredmedia":[{"embeddable":true,"href":"https:\/\/www.moskito.cz\/es\/wp-json\/wp\/v2\/media\/335949"}],"wp:attachment":[{"href":"https:\/\/www.moskito.cz\/es\/wp-json\/wp\/v2\/media?parent=335948"}],"wp:term":[{"taxonomy":"pwb-brand","embeddable":true,"href":"https:\/\/www.moskito.cz\/es\/wp-json\/wp\/v2\/pwb-brand?post=335948"},{"taxonomy":"product_brand","embeddable":true,"href":"https:\/\/www.moskito.cz\/es\/wp-json\/wp\/v2\/product_brand?post=335948"},{"taxonomy":"product_cat","embeddable":true,"href":"https:\/\/www.moskito.cz\/es\/wp-json\/wp\/v2\/product_cat?post=335948"},{"taxonomy":"product_tag","embeddable":true,"href":"https:\/\/www.moskito.cz\/es\/wp-json\/wp\/v2\/product_tag?post=335948"}],"curies":[{"name":"wp","href":"https:\/\/api.w.org\/{rel}","templated":true}]}}