{"id":335968,"date":"2022-04-20T19:49:43","date_gmt":"2024-04-19T12:46:39","guid":{"rendered":"https:\/\/www.moskito.cz\/produkt\/cuchillo-solido-cold-steel-leatherneck-tanto\/"},"modified":"2025-05-07T11:13:05","modified_gmt":"2025-05-07T10:13:05","slug":"cuchillo-solido-cold-steel-leatherneck-tanto","status":"publish","type":"product","link":"https:\/\/www.moskito.cz\/es\/produkt\/cuchillo-solido-cold-steel-leatherneck-tanto\/","title":{"rendered":"Cuchillo S\u00f3lido Cold Steel LEATHERNECK TANTO"},"content":{"rendered":"<p>Cuchillo S\u00f3lido <strong>Cold Steel<\/strong> LEATHERNECK TANTO.<\/p>\n<p>La gama Cold Steel Leatherneck consta de dos estilos de hoja distintos e ic\u00f3nicos, los cuales han demostrado ser extremadamente populares entre nuestros hermanos y hermanas en las fuerzas armadas: El Leatherneck-SF (para Semper-Fi) presenta un hermoso sable afilado a mano. La hoja de tierra Clip Point y Leatherneck Tanto presenta nuestra exclusiva hoja \u00abAmerican Tanto\u00bb de Cold Steel con una punta s\u00f3lida reforzada para mayor resistencia. Ambos est\u00e1n hechos de resistente acero para herramientas D2 con una capa de polvo negro antirreflectante. Para evitar que los dedos del usuario se deslicen hacia adelante sobre el borde afilado, los Leathernecks vienen con una protecci\u00f3n doble de acero s\u00f3lido. Las empu\u00f1aduras est\u00e1n hechas de Kray-Ex\u2122 a cuadros profundos que cubre completamente los cuellos de cuero extra anchos y completos. El mango Leatherneck est\u00e1 acabado con una gruesa tapa de acero mecanizado (no de fundici\u00f3n barata ni de pl\u00e1stico como otros en el mercado) para que pueda funcionar como un martillo en caso de emergencia. Para llevar los cuchillos Leatherneck de forma segura y c\u00f3moda, cada hoja viene con una funda Secure-Ex de estilo militar resistente y vers\u00e1til con una presilla para cintur\u00f3n totalmente extra\u00edble y reversible.<\/p>\n<p>PARAMETROS DEL PRODUCTO<br \/>\nMaterial del mango: Griv-Ex\u2122 largo<br \/>\nDe color negro<br \/>\nAcero: acero alem\u00e1n D2 con recubrimiento en polvo negro.<br \/>\nPeso: 345,86 gramos<br \/>\nGrosor de la hoja: 5 mm<br \/>\nLongitud del mango: 123 mm<br \/>\nLongitud de la hoja: 180 mm<br \/>\nTama\u00f1o total: 303 mm<br \/>\nMaterial de la funda: Funda Secure-Ex\u00ae<\/p>\n<p>La serie Cold Steel Leatherneck se compone de dos estilos de hoja distintos e ic\u00f3nicos, los cuales han demostrado ser excepcionalmente populares entre nuestros hermanos y hermanas en las fuerzas armadas: El Leatherneck-SF (para Semper-Fi) tiene un hermoso sable afilado a mano. hoja con punta de clip para el suelo, y el Leatherneck Tanto presenta nuestra exclusiva hoja \u00abAmerican Tanto\u00bb de Cold Steel con una punta robusta reforzada para mayor resistencia. Ambos est\u00e1n hechos de resistente acero para herramientas D2 con un acabado en polvo negro no reflectante. Para evitar que los dedos del usuario se deslicen hacia adelante sobre su borde afilado, los Leathernecks vienen con una protecci\u00f3n doble de acero s\u00f3lido. Las manijas est\u00e1n hechas de Kray-Ex \u2122 a cuadros profundos que abarca totalmente la espiga completa y extra ancha del Leathernecks. El mango del Leatherneck est\u00e1 cubierto con una gruesa tapa de acero mecanizado (no de fundici\u00f3n barata ni de pl\u00e1stico como otros en el mercado), por lo que incluso puede funcionar como un martillo en caso de emergencia. Para transportar los cuchillos Leatherneck de forma segura y c\u00f3moda, cada hoja viene completa con una funda Secure-Ex de estilo militar resistente y vers\u00e1til con presilla para cintur\u00f3n totalmente desmontable y ambidiestra.<\/p>\n<p>Peso: 12,2 oz Grosor de la hoja: 5 mm Longitud de la hoja: 7&#8243; Acero de la hoja: Acero alem\u00e1n D2 con recubrimiento en polvo negro Longitud\/material del mango: 5&#8243; Griv-Ex\u2122 Longitud total: 12&#8243; Caracter\u00edsticas adicionales: Funda Secure-Ex\u00ae<\/p>\n","protected":false},"excerpt":{"rendered":"<p>Leatherneck Tanto de COLD STEEL es un cuchillo de campo con hoja fija. Esta navaja militar se fabric\u00f3 como homenaje al Cuerpo de Marines de los Estados Unidos.<\/p>\n","protected":false},"featured_media":335969,"comment_status":"open","ping_status":"closed","template":"","meta":[],"pwb-brand":[3790],"product_brand":[],"product_cat":[3726,3727],"product_tag":[],"class_list":{"0":"post-335968","1":"product","2":"type-product","3":"status-publish","4":"has-post-thumbnail","6":"pwb-brand-arma-blanca","7":"product_cat-cuchillos","8":"product_cat-cuchillos-macizos","10":"first","11":"outofstock","12":"taxable","13":"shipping-taxable","14":"purchasable","15":"product-type-simple"},"brands":[{"id":3790,"name":"Arma blanca","slug":"arma-blanca"}],"_links":{"self":[{"href":"https:\/\/www.moskito.cz\/es\/wp-json\/wp\/v2\/product\/335968","targetHints":{"allow":["GET"]}}],"collection":[{"href":"https:\/\/www.moskito.cz\/es\/wp-json\/wp\/v2\/product"}],"about":[{"href":"https:\/\/www.moskito.cz\/es\/wp-json\/wp\/v2\/types\/product"}],"replies":[{"embeddable":true,"href":"https:\/\/www.moskito.cz\/es\/wp-json\/wp\/v2\/comments?post=335968"}],"wp:featuredmedia":[{"embeddable":true,"href":"https:\/\/www.moskito.cz\/es\/wp-json\/wp\/v2\/media\/335969"}],"wp:attachment":[{"href":"https:\/\/www.moskito.cz\/es\/wp-json\/wp\/v2\/media?parent=335968"}],"wp:term":[{"taxonomy":"pwb-brand","embeddable":true,"href":"https:\/\/www.moskito.cz\/es\/wp-json\/wp\/v2\/pwb-brand?post=335968"},{"taxonomy":"product_brand","embeddable":true,"href":"https:\/\/www.moskito.cz\/es\/wp-json\/wp\/v2\/product_brand?post=335968"},{"taxonomy":"product_cat","embeddable":true,"href":"https:\/\/www.moskito.cz\/es\/wp-json\/wp\/v2\/product_cat?post=335968"},{"taxonomy":"product_tag","embeddable":true,"href":"https:\/\/www.moskito.cz\/es\/wp-json\/wp\/v2\/product_tag?post=335968"}],"curies":[{"name":"wp","href":"https:\/\/api.w.org\/{rel}","templated":true}]}}