{"id":335982,"date":"2022-11-24T22:24:53","date_gmt":"2024-04-19T13:07:11","guid":{"rendered":"https:\/\/www.moskito.cz\/produkt\/navaja-cierre-extrema-ratio-mf1-negro-ruvido\/"},"modified":"2025-05-07T11:13:06","modified_gmt":"2025-05-07T10:13:06","slug":"navaja-cierre-extrema-ratio-mf1-negro-ruvido","status":"publish","type":"product","link":"https:\/\/www.moskito.cz\/es\/produkt\/navaja-cierre-extrema-ratio-mf1-negro-ruvido\/","title":{"rendered":"Navaja Cierre Extrema Ratio MF1 NEGRO RUVIDO"},"content":{"rendered":"<p>Navaja Cierre <strong>Extrema Ratio<\/strong> MF1 NEGRO RUVIDO.<\/p>\n<p>Todo lo que se acaba de decir sobre la serie MF se aplica al modelo MF1. Su variante, el MF1 BC (\u00abCortador de cintur\u00f3n\u00bb) cuenta con un cortador de cintur\u00f3n incorporado en el mango, dise\u00f1ado para acomodar una cuchilla de corte industrial est\u00e1ndar que se puede reemplazar f\u00e1cilmente. Tambi\u00e9n lleva incorporado un destornillador para ajustar la \u00f3ptica del arma de fuego. Esta versi\u00f3n est\u00e1 fabricada con un mango rugoso para un mejor agarre.<\/p>\n<p>PESO G: 166<br \/>\nONZAS DE PESO: 5.9<br \/>\nLONGITUD DE LA HOJA (MM): 92<br \/>\nLARGO DE LA HOJA (PULGADAS): 3,6<br \/>\nLONGITUD TOTAL (MM): 227<br \/>\nLONGITUD TOTAL (PULGADAS): 8,9<br \/>\nGROSOR DE LA HOJA (MM): 4<br \/>\nGROSOR DE LA HOJA (PULGADAS): 0,16<br \/>\nMATERIAL DE LA HOJA: ACERO B\u00d6HLER N690 (58HRC)<br \/>\nTRATAMIENTO DE LA SUPERFICIE DE LA HOJA: BRU\u00d1IDO MIL-C-13924<br \/>\nREJILLA PRINCIPAL: PLANA<br \/>\nMATERIAL DEL MANGO: ALUMINIO ANODIZADO ANTICORROSI\u00d3N<\/p>\n","protected":false},"excerpt":{"rendered":"<p>Con sede en Prato, Italia <strong>, Extrema Ratio<\/strong> ha estado dise\u00f1ando y fabricando cuchillos t\u00e1cticos, militares, de cocina, de cocina y de combate de alto rendimiento desde 1997 y tiene una reputaci\u00f3n de calidad superior insuperable en la industria de cuchillos militares y t\u00e1cticos. <strong>Transporte gratuito.<\/strong><\/p>\n","protected":false},"featured_media":335983,"comment_status":"open","ping_status":"closed","template":"","meta":[],"pwb-brand":[3766],"product_brand":[],"product_cat":[3730,3726],"product_tag":[3756],"class_list":{"0":"post-335982","1":"product","2":"type-product","3":"status-publish","4":"has-post-thumbnail","6":"pwb-brand-relacion-extrema","7":"product_cat-cuchillas-de-cierre","8":"product_cat-cuchillos","9":"product_tag-b2b-es","11":"first","12":"instock","13":"taxable","14":"shipping-taxable","15":"purchasable","16":"product-type-simple"},"brands":[{"id":3766,"name":"Relaci\u00f3n extrema","slug":"relacion-extrema"}],"_links":{"self":[{"href":"https:\/\/www.moskito.cz\/es\/wp-json\/wp\/v2\/product\/335982","targetHints":{"allow":["GET"]}}],"collection":[{"href":"https:\/\/www.moskito.cz\/es\/wp-json\/wp\/v2\/product"}],"about":[{"href":"https:\/\/www.moskito.cz\/es\/wp-json\/wp\/v2\/types\/product"}],"replies":[{"embeddable":true,"href":"https:\/\/www.moskito.cz\/es\/wp-json\/wp\/v2\/comments?post=335982"}],"wp:featuredmedia":[{"embeddable":true,"href":"https:\/\/www.moskito.cz\/es\/wp-json\/wp\/v2\/media\/335983"}],"wp:attachment":[{"href":"https:\/\/www.moskito.cz\/es\/wp-json\/wp\/v2\/media?parent=335982"}],"wp:term":[{"taxonomy":"pwb-brand","embeddable":true,"href":"https:\/\/www.moskito.cz\/es\/wp-json\/wp\/v2\/pwb-brand?post=335982"},{"taxonomy":"product_brand","embeddable":true,"href":"https:\/\/www.moskito.cz\/es\/wp-json\/wp\/v2\/product_brand?post=335982"},{"taxonomy":"product_cat","embeddable":true,"href":"https:\/\/www.moskito.cz\/es\/wp-json\/wp\/v2\/product_cat?post=335982"},{"taxonomy":"product_tag","embeddable":true,"href":"https:\/\/www.moskito.cz\/es\/wp-json\/wp\/v2\/product_tag?post=335982"}],"curies":[{"name":"wp","href":"https:\/\/api.w.org\/{rel}","templated":true}]}}