{"id":336037,"date":"2022-04-24T20:51:43","date_gmt":"2022-04-24T19:51:43","guid":{"rendered":"https:\/\/www.moskito.cz\/produkt\/cuchillo-de-tiro-sog-tac-au-tanto\/"},"modified":"2025-05-07T11:13:07","modified_gmt":"2025-05-07T10:13:07","slug":"cuchillo-de-tiro-sog-tac-au-tanto","status":"publish","type":"product","link":"https:\/\/www.moskito.cz\/es\/produkt\/cuchillo-de-tiro-sog-tac-au-tanto\/","title":{"rendered":"Cuchillo de Tiro SOG TAC AU TANTO"},"content":{"rendered":"<p>Cuchillo de Tiro <strong>SOG<\/strong> TAC AU TANTO.<\/p>\n<p>Con un mango de aluminio texturizado y una hoja CRYO D2, la SOG-TAC AU es una navaja plegable de apertura r\u00e1pida que entra en acci\u00f3n con cualquier mano y permanece abierta con un poder de bloqueo excepcional gracias al bloqueo avanzado AU-XR de SOG. Una hoja de tiro fabricada en Estados Unidos, es una ayuda muscular y una herramienta de respaldo para los militares, los socorristas y los usuarios de portaaviones defensivos que apreciar\u00e1n la confiable funci\u00f3n de seguridad de doble acci\u00f3n.<\/p>\n<p>SEGURO PARA IR CON UN SOLO TIR\u00d3N<br \/>\nInnovador bloqueo de la hoja que le permite pasar de seguro a abierto con un solo tir\u00f3n, con seguridad de doble acci\u00f3n SOG.<\/p>\n<p>DISE\u00d1O COMPACTO<br \/>\nDise\u00f1ado para quienes requieren menor visibilidad o simplemente necesitan una herramienta m\u00e1s compacta, el tama\u00f1o m\u00e1s peque\u00f1o y el peso m\u00e1s liviano permiten un transporte m\u00e1s discreto.<\/p>\n<p>RESUMEN DE PROPIEDADES<br \/>\nSOG-TAC AU es una soluci\u00f3n completamente moderna para la dura cuchilla autom\u00e1tica. Cuenta con un fuerte mecanismo de bloqueo SOG AU-XR, acero CRYO D2 y apertura r\u00e1pida.<\/p>\n<p>ACERO CRIO D2<br \/>\nUn acero para herramientas vers\u00e1til con alto contenido de carbono tratado t\u00e9rmicamente criog\u00e9nicamente seg\u00fan las especificaciones de rendimiento \u00fanicas de SOG. D2 proporciona la combinaci\u00f3n ideal de retenci\u00f3n de bordes y durabilidad para un uso prolongado con un mantenimiento sencillo.<\/p>\n<p>ASAS MICROTEXTURADAS<br \/>\nLa empu\u00f1adura de aluminio SOG-TAC AU tiene una superficie mecanizada con microtextura que proporciona el nivel adecuado de agarre, en todos los lugares correctos, sin desgaste en la mano o el bolsillo.<\/p>\n<p>SEGURIDAD DE DOBLE ACCI\u00d3N<br \/>\nIntegrado en una \u00fanica interfaz, el seguro de doble acci\u00f3n evita el despliegue accidental de la hoja y, al mismo tiempo, proporciona una apertura segura y consistente seg\u00fan sea necesario.<\/p>\n<p>PARAMETROS DEL PRODUCTO<br \/>\nLARGO DE LA HOJA: 8,7 CM<br \/>\nTAMA\u00d1O TOTAL: 20,4 CM<br \/>\nPESO: 11,1G<br \/>\nDe color negro<br \/>\nLARGO DEL MANGO: 11,7 CM<br \/>\nACERO: CRIO D2<br \/>\nGROSOR DE LA HOJA: 2,8 CM<br \/>\nMATERIAL MANGO: AL 6061 T6<\/p>\n<p><iframe title=\"SOG-TAC AU Automatic Folding Knife\" width=\"800\" height=\"450\" src=\"https:\/\/www.youtube.com\/embed\/QbInOoD89k0?feature=oembed\" frameborder=\"0\" allow=\"accelerometer; autoplay; clipboard-write; encrypted-media; gyroscope; picture-in-picture; web-share\" referrerpolicy=\"strict-origin-when-cross-origin\" allowfullscreen><\/iframe><\/p>\n<p>&nbsp;<\/p>\n","protected":false},"excerpt":{"rendered":"<p>Ya sea que est\u00e9s protegiendo a otros o liderando una expedici\u00f3n de caza \u00e9pica, afrontando uno de los desaf\u00edos cotidianos de la vida o afrontando las condiciones m\u00e1s extremas hasta el momento, sigue tu camino con <strong>SOG<\/strong> .<\/p>\n<p><strong>\u00a1Ofrecemos una garant\u00eda de por vida en todos los cuchillos SOG!<\/strong><\/p>\n","protected":false},"featured_media":336038,"comment_status":"open","ping_status":"closed","template":"","meta":[],"pwb-brand":[3848],"product_brand":[],"product_cat":[3729,3726],"product_tag":[3756],"class_list":{"0":"post-336037","1":"product","2":"type-product","3":"status-publish","4":"has-post-thumbnail","6":"pwb-brand-sog-es","7":"product_cat-cuchillos-de-tiro","8":"product_cat-cuchillos","9":"product_tag-b2b-es","11":"first","12":"instock","13":"taxable","14":"shipping-taxable","15":"purchasable","16":"product-type-simple"},"brands":[{"id":3848,"name":"SOG","slug":"sog-es"}],"_links":{"self":[{"href":"https:\/\/www.moskito.cz\/es\/wp-json\/wp\/v2\/product\/336037","targetHints":{"allow":["GET"]}}],"collection":[{"href":"https:\/\/www.moskito.cz\/es\/wp-json\/wp\/v2\/product"}],"about":[{"href":"https:\/\/www.moskito.cz\/es\/wp-json\/wp\/v2\/types\/product"}],"replies":[{"embeddable":true,"href":"https:\/\/www.moskito.cz\/es\/wp-json\/wp\/v2\/comments?post=336037"}],"wp:featuredmedia":[{"embeddable":true,"href":"https:\/\/www.moskito.cz\/es\/wp-json\/wp\/v2\/media\/336038"}],"wp:attachment":[{"href":"https:\/\/www.moskito.cz\/es\/wp-json\/wp\/v2\/media?parent=336037"}],"wp:term":[{"taxonomy":"pwb-brand","embeddable":true,"href":"https:\/\/www.moskito.cz\/es\/wp-json\/wp\/v2\/pwb-brand?post=336037"},{"taxonomy":"product_brand","embeddable":true,"href":"https:\/\/www.moskito.cz\/es\/wp-json\/wp\/v2\/product_brand?post=336037"},{"taxonomy":"product_cat","embeddable":true,"href":"https:\/\/www.moskito.cz\/es\/wp-json\/wp\/v2\/product_cat?post=336037"},{"taxonomy":"product_tag","embeddable":true,"href":"https:\/\/www.moskito.cz\/es\/wp-json\/wp\/v2\/product_tag?post=336037"}],"curies":[{"name":"wp","href":"https:\/\/api.w.org\/{rel}","templated":true}]}}