{"id":336133,"date":"2022-11-27T22:07:01","date_gmt":"2024-04-19T14:18:17","guid":{"rendered":"https:\/\/www.moskito.cz\/produkt\/tijera-multifuncional-sog-parashears-negro\/"},"modified":"2025-05-07T11:13:11","modified_gmt":"2025-05-07T10:13:11","slug":"tijera-multifuncional-sog-parashears-negro","status":"publish","type":"product","link":"https:\/\/www.moskito.cz\/es\/produkt\/tijera-multifuncional-sog-parashears-negro\/","title":{"rendered":"Tijera Multifuncional SOG PARASHEARS NEGRO"},"content":{"rendered":"<p>Tijera Multifuncional <strong>SOG<\/strong> PARASHEARS NEGRO.<\/p>\n<p>ParaShears, una multiherramienta enfocada dise\u00f1ada espec\u00edficamente para los socorristas, viene con un kit de herramientas espec\u00edfico para la misi\u00f3n que incluye 11 componentes, que incluyen tijeras, cortador de correas, rompevidrios, llave de ox\u00edgeno y pinzas. Utilizando la tecnolog\u00eda patentada Compound Leverage de SOG, las ParaShears pueden cortar material de manera m\u00e1s f\u00e1cil y r\u00e1pida que las cizallas equivalentes. Capaz y confiable, ParaShears es una herramienta multifuncional dise\u00f1ada para un trabajo r\u00e1pido y preciso en las condiciones m\u00e1s estresantes en aplicaciones m\u00e9dicas.<\/p>\n<p>Tijeras multiherramienta listas para emergencias<br \/>\nHerramienta multifuncional con 11 herramientas para param\u00e9dicos y rescatistas. Fabricado en acero inoxidable con mango GRN. Pesa 4,8 onzas y est\u00e1 hecho de materiales compatibles con autoclave.<\/p>\n<p>EFECTO DE APALANCAMIENTO DEL COMPUESTO SOG<br \/>\nLa tecnolog\u00eda patentada Compound Leverage de SOG utiliza m\u00faltiples puntos de pivote que generan m\u00e1s elevaci\u00f3n del mango en relaci\u00f3n con el movimiento de los alicates. El resultado es una ventaja de apalancamiento que permite un corte m\u00e1s suave y sencillo.<\/p>\n<p>11 HERRAMIENTA<br \/>\nIncluye regla para pulgar, regla MM, tijeras, cortador de hilo, rompevidrios, pinzas, Phillips n.\u00ba 1, abridor de botellas, cabeza plana mediana, punz\u00f3n, cortador de cuerda y llave O2.<\/p>\n<p>TAMA\u00d1O TOTAL: 185 mm<br \/>\nMATERIAL DEL MANGO: Acero inoxidable y GRN<br \/>\nLONGITUD DE LA HOJA: 46 mm<br \/>\nDe color negro<br \/>\nPESO: 136 gramos<br \/>\nACERO: 3Cr13<br \/>\nLARGO DEL MANGO: 130 mm<br \/>\nTIPO DE FUSIBLE: Mecanismo plegable<br \/>\nGROSOR DE LA HOJA: 2,5 mm<br \/>\nMATERIAL DE LA CAJA: Nailon<\/p>\n<p><iframe title=\"Parashears\" width=\"800\" height=\"450\" src=\"https:\/\/www.youtube.com\/embed\/DOcOGQdJ56c?feature=oembed\" frameborder=\"0\" allow=\"accelerometer; autoplay; clipboard-write; encrypted-media; gyroscope; picture-in-picture; web-share\" referrerpolicy=\"strict-origin-when-cross-origin\" allowfullscreen><\/iframe><\/p>\n<p>&nbsp;<\/p>\n","protected":false},"excerpt":{"rendered":"<p>ParaShears son tijeras m\u00e9dicas multifuncionales dise\u00f1adas para un trabajo r\u00e1pido y preciso en las condiciones m\u00e1s estresantes. Contienen 11 herramientas que se esconden en los mangos.<\/p>\n","protected":false},"featured_media":336134,"comment_status":"open","ping_status":"closed","template":"","meta":[],"pwb-brand":[3848],"product_brand":[],"product_cat":[3725],"product_tag":[3756],"class_list":{"0":"post-336133","1":"product","2":"type-product","3":"status-publish","4":"has-post-thumbnail","6":"pwb-brand-sog-es","7":"product_cat-herramienta-multiple","8":"product_tag-b2b-es","10":"first","11":"instock","12":"taxable","13":"shipping-taxable","14":"purchasable","15":"product-type-simple"},"brands":[{"id":3848,"name":"SOG","slug":"sog-es"}],"_links":{"self":[{"href":"https:\/\/www.moskito.cz\/es\/wp-json\/wp\/v2\/product\/336133","targetHints":{"allow":["GET"]}}],"collection":[{"href":"https:\/\/www.moskito.cz\/es\/wp-json\/wp\/v2\/product"}],"about":[{"href":"https:\/\/www.moskito.cz\/es\/wp-json\/wp\/v2\/types\/product"}],"replies":[{"embeddable":true,"href":"https:\/\/www.moskito.cz\/es\/wp-json\/wp\/v2\/comments?post=336133"}],"wp:featuredmedia":[{"embeddable":true,"href":"https:\/\/www.moskito.cz\/es\/wp-json\/wp\/v2\/media\/336134"}],"wp:attachment":[{"href":"https:\/\/www.moskito.cz\/es\/wp-json\/wp\/v2\/media?parent=336133"}],"wp:term":[{"taxonomy":"pwb-brand","embeddable":true,"href":"https:\/\/www.moskito.cz\/es\/wp-json\/wp\/v2\/pwb-brand?post=336133"},{"taxonomy":"product_brand","embeddable":true,"href":"https:\/\/www.moskito.cz\/es\/wp-json\/wp\/v2\/product_brand?post=336133"},{"taxonomy":"product_cat","embeddable":true,"href":"https:\/\/www.moskito.cz\/es\/wp-json\/wp\/v2\/product_cat?post=336133"},{"taxonomy":"product_tag","embeddable":true,"href":"https:\/\/www.moskito.cz\/es\/wp-json\/wp\/v2\/product_tag?post=336133"}],"curies":[{"name":"wp","href":"https:\/\/api.w.org\/{rel}","templated":true}]}}