{"id":336289,"date":"2022-10-22T20:56:17","date_gmt":"2024-04-22T08:48:45","guid":{"rendered":"https:\/\/www.moskito.cz\/produkt\/cuchillo-de-tiro-cuchillos-herejes-wraith-auto-black-dlc-h000-4a-t\/"},"modified":"2025-05-07T11:13:15","modified_gmt":"2025-05-07T10:13:15","slug":"cuchillo-de-tiro-cuchillos-herejes-wraith-auto-black-dlc-h000-4a-t","status":"publish","type":"product","link":"https:\/\/www.moskito.cz\/es\/produkt\/cuchillo-de-tiro-cuchillos-herejes-wraith-auto-black-dlc-h000-4a-t\/","title":{"rendered":"Cuchillo de tiro Cuchillos herejes Wraith Auto Black DLC H000-4A-T"},"content":{"rendered":"<p>Cuchillo de tiro <strong>Cuchillos herejes<\/strong> Wraith Auto Black DLC H000-4A-T<\/p>\n<p>El Wraith Auto es un cuchillo muy vers\u00e1til con un chasis principal integral de una sola pieza y un soporte separado para alojar el mecanismo autom\u00e1tico. Este es un cuchillo trabajador que recibe golpes pero que luce elegante al mismo tiempo.<\/p>\n<p>Este Wraith Auto es una versi\u00f3n t\u00e1ctica con una hoja de punta de ca\u00edda recubierta de DLC negro con un mango de aluminio negro y fibra de carbono veteada.<\/p>\n<p>Material de la hoja: Elmax<br \/>\nEstilo de hoja: Punto de ca\u00edda<br \/>\nLongitud de la hoja: 9 cm<br \/>\nLongitud total: 22 cm<br \/>\nMaterial del mango: Aluminio anodizado negro y soporte CF veteado<br \/>\nSistema de bloqueo: Bot\u00f3n \/ Bloqueo de inmersi\u00f3n<br \/>\nPeso: 5,07 onzas<br \/>\nClip de bolsillo: Mano derecha Punta hacia abajo<br \/>\nPa\u00eds de origen: EE.UU.<\/p>\n","protected":false},"excerpt":{"rendered":"<p>Todos nuestros cuchillos est\u00e1n fabricados en los EE. UU. y lo mantendremos as\u00ed. Cuando compra uno de nuestros cuchillos, puede confiar en su herramienta sabiendo que est\u00e1 respaldada por una empresa estadounidense. \u00a1Nuestros cuchillos se fabrican en peque\u00f1os lotes para garantizar que obtenga un cuchillo de calidad que reciba la atenci\u00f3n que otros cuchillos producidos en masa no reciben!<\/p>\n","protected":false},"featured_media":336290,"comment_status":"open","ping_status":"closed","template":"","meta":[],"pwb-brand":[3757],"product_brand":[],"product_cat":[3726,3729],"product_tag":[],"class_list":{"0":"post-336289","1":"product","2":"type-product","3":"status-publish","4":"has-post-thumbnail","6":"pwb-brand-cuchillos-herejes","7":"product_cat-cuchillos","8":"product_cat-cuchillos-de-tiro","10":"first","11":"outofstock","12":"taxable","13":"shipping-taxable","14":"purchasable","15":"product-type-simple"},"brands":[{"id":3757,"name":"Cuchillos herejes","slug":"cuchillos-herejes"}],"_links":{"self":[{"href":"https:\/\/www.moskito.cz\/es\/wp-json\/wp\/v2\/product\/336289","targetHints":{"allow":["GET"]}}],"collection":[{"href":"https:\/\/www.moskito.cz\/es\/wp-json\/wp\/v2\/product"}],"about":[{"href":"https:\/\/www.moskito.cz\/es\/wp-json\/wp\/v2\/types\/product"}],"replies":[{"embeddable":true,"href":"https:\/\/www.moskito.cz\/es\/wp-json\/wp\/v2\/comments?post=336289"}],"wp:featuredmedia":[{"embeddable":true,"href":"https:\/\/www.moskito.cz\/es\/wp-json\/wp\/v2\/media\/336290"}],"wp:attachment":[{"href":"https:\/\/www.moskito.cz\/es\/wp-json\/wp\/v2\/media?parent=336289"}],"wp:term":[{"taxonomy":"pwb-brand","embeddable":true,"href":"https:\/\/www.moskito.cz\/es\/wp-json\/wp\/v2\/pwb-brand?post=336289"},{"taxonomy":"product_brand","embeddable":true,"href":"https:\/\/www.moskito.cz\/es\/wp-json\/wp\/v2\/product_brand?post=336289"},{"taxonomy":"product_cat","embeddable":true,"href":"https:\/\/www.moskito.cz\/es\/wp-json\/wp\/v2\/product_cat?post=336289"},{"taxonomy":"product_tag","embeddable":true,"href":"https:\/\/www.moskito.cz\/es\/wp-json\/wp\/v2\/product_tag?post=336289"}],"curies":[{"name":"wp","href":"https:\/\/api.w.org\/{rel}","templated":true}]}}