{"id":336365,"date":"2021-09-22T09:35:12","date_gmt":"2024-04-22T13:16:45","guid":{"rendered":"https:\/\/www.moskito.cz\/produkt\/sog-trident-at-cuchillo-plegable-tanto-negro-y-rojo\/"},"modified":"2025-05-07T11:13:17","modified_gmt":"2025-05-07T10:13:17","slug":"sog-trident-at-cuchillo-plegable-tanto-negro-y-rojo","status":"publish","type":"product","link":"https:\/\/www.moskito.cz\/es\/produkt\/sog-trident-at-cuchillo-plegable-tanto-negro-y-rojo\/","title":{"rendered":"SOG Trident AT Cuchillo plegable Tanto negro y rojo"},"content":{"rendered":"<p>Navaja plegable <strong>SOG<\/strong> Trident AT Tanto negra y roja.<\/p>\n<p>Dise\u00f1ado para usuarios profesionales, el Trident AT presenta una r\u00e1pida apertura asistida con el innovador bloqueo de doble cara AT-XR de <strong>SOG<\/strong> , as\u00ed como un cortador de hilo y un rompevidrios integrados. El Trident AT es f\u00e1cil de transportar, con una hoja de acero inoxidable D2 tratada t\u00e9rmicamente criog\u00e9nicamente de alto rendimiento. Su potente mecanismo de bloqueo AT-XR tambi\u00e9n tiene un seguro de bloqueo de hoja incorporado y un sistema de seguridad montado en la columna. Otro avance en este campo: el probado Trident.<br \/>\nDISE\u00d1O DE PROP\u00d3SITO<br \/>\nCada elemento del Trident AT ha sido desarrollado para situaciones extremas o de emergencia, incluida la apertura r\u00e1pida de la hoja, el cortador de hilo y el rompevidrios, todo perfectamente integrado con una textura de gran agarre y un mango duradero.<\/p>\n<p>&nbsp;<\/p>\n<p>BLOQUEO AT-XR<\/p>\n<p>El candado XR patentado de SOG con tecnolog\u00eda asistida (AT) proporciona una apertura r\u00e1pida con una sola mano y un candado firme una vez abierto. Fiable y potente, capaz de soportar 1,500 libras de fuerza, el bloqueo AT-XR proporciona m\u00e1xima seguridad incorporada para bloquear la hoja al abrir, garantizando que solo se abra cuando est\u00e1 previsto.<\/p>\n<p>SEGURIDAD 2.0<\/p>\n<p>SOG ha trabajado con los usuarios para desarrollar una seguridad bidireccional que sea tan f\u00e1cil como r\u00e1pida. Dise\u00f1ado para ser intuitivo y utilizar movimientos naturales de la mano, significa que no es necesario soltarlo para operarlo. Una vez abierto, se bloquea en su lugar como un tope para el pulgar. Todo lo que deber\u00eda ser la seguridad.<\/p>\n<p>HOJA DE ACERO CRYO D2<\/p>\n<p>Un acero para herramientas multiusos con alto contenido de carbono que recibe un tratamiento t\u00e9rmico criog\u00e9nico seg\u00fan las especificaciones de rendimiento \u00fanicas de SOG. D2 proporciona la combinaci\u00f3n ideal de retenci\u00f3n de bordes y durabilidad para un uso prolongado con facilidad de mantenimiento.<\/p>\n<p>Longitud total: 22,5 cm.<br \/>\nLongitud de la hoja: 9 cm<br \/>\nPeso: 5,15 onzas<br \/>\nTipo de hoja de acero: Cryo D2<br \/>\nMaterial del mango: GRN<br \/>\nColor del mango : Negro<br \/>\nColor destacado: Rojo<br \/>\nCaracter\u00edsticas: bucle de cadena, cortador, rompecristales.<br \/>\nAcabado: Nitruro de titanio<br \/>\nMecanismo de bloqueo: AT-XR<br \/>\nSeguridad: Seguridad bidireccional<br \/>\nMecanismo de apertura: Pulgar asistido<\/p>\n<p>Nuestra historia comienza en Vietnam, donde los miembros de la fuerza de operaciones especiales ultrasecreta de Estados Unidos, conocida como MACV &#8211; <strong>SOG<\/strong> , llevaron un cuchillo secreto \u00fanico a la jungla en misiones encubiertas. Unos a\u00f1os m\u00e1s tarde, en 1986, este cuchillo inspir\u00f3 a un joven dise\u00f1ador llamado Spencer Frazer a fundar SOG Specialty Knives. Su misi\u00f3n: reproducir el cuchillo SOG Bowie original y rendir homenaje a la unidad de operaciones especiales que lo cre\u00f3. Lo que comenz\u00f3 como un \u00fanico modelo conmemorativo pronto se convirti\u00f3 en toda una l\u00ednea de herramientas innovadoras, probadas por las Fuerzas Especiales de EE. UU., incluso premiadas como el cuchillo preferido de los Navy SEAL. Hoy en d\u00eda, los cuchillos SOG se usan con confianza en las situaciones m\u00e1s exigentes. Forjado a partir de la tradici\u00f3n, endurecido en el campo, archivado para ti.<\/p>\n<p>Ya sea que est\u00e9s protegiendo a otros o liderando una expedici\u00f3n de caza \u00e9pica, afrontando uno de los desaf\u00edos cotidianos de la vida o afrontando las condiciones m\u00e1s extremas hasta el momento, sigue tu camino con SOG.<\/p>\n<p>Dise\u00f1ado para usuarios profesionales, Trident AT presenta una r\u00e1pida apertura asistida con el innovador bloqueo ambidiestro AT-XR de SOG, as\u00ed como un cortador de hilo y un rompevidrios integrados. Trident AT es f\u00e1cil de transportar, con una hoja de acero inoxidable D2 altamente funcional de 3,75&#8243; tratada t\u00e9rmicamente criog\u00e9nicamente. Su potente mecanismo de bloqueo AT-XR tambi\u00e9n cuenta con un sistema de seguridad de bloqueo de hoja incorporado y un sistema de seguridad montado en la columna. La pr\u00f3xima evoluci\u00f3n del Trident probado en el campo.<\/p>\n<p>Longitud total<br \/>\n9,03&#8243;<br \/>\nLongitud cerrada<br \/>\n5,33&#8243;<br \/>\nLongitud de la hoja<br \/>\n3,7&#8243;<br \/>\nPeso<br \/>\n5,15 onzas<br \/>\nTipo de hoja de acero<br \/>\nCrio D2<br \/>\nGrosor de la hoja<br \/>\n0,12&#8243;<br \/>\nMaterial del mango<br \/>\nverde<br \/>\nColor del mango<br \/>\nNegro<br \/>\nAcentuar el color<br \/>\nEd<br \/>\nCaracter\u00edsticas<br \/>\nCord\u00f3n, cortal\u00edneas, rompevidrios<br \/>\nFinalizar<br \/>\nNitruro de titanio<br \/>\nMecanismo de bloqueo<br \/>\nAT-XR<br \/>\nSeguridad<br \/>\nSeguridad ambidiestra montada en la columna<br \/>\nMecanismo de apertura<br \/>\nPerno de pulgar asistido<br \/>\nPa\u00eds de origen<br \/>\nTaiw\u00e1n<br \/>\nTipo de borde<br \/>\nDerecho<\/p>\n","protected":false},"excerpt":{"rendered":"<div class=\"elementor-element elementor-element-bbb542b elementor-widget elementor-widget-woocommerce-product-short-description\" data-id=\"bbb542b\" data-element_type=\"widget\" data-widget_type=\"woocommerce-product-short-description.default\">\n<div class=\"elementor-widget-container\">\n<div class=\"woocommerce-product-details__short-description\">\n<div class=\"elementor-element elementor-element-bbb542b elementor-widget elementor-widget-woocommerce-product-short-description\" data-id=\"bbb542b\" data-element_type=\"widget\" data-widget_type=\"woocommerce-product-short-description.default\">\n<div class=\"elementor-widget-container\">\n<div class=\"woocommerce-product-details__short-description\">\n<p>Ya sea que est\u00e9s protegiendo a otros o liderando una expedici\u00f3n de caza \u00e9pica, afrontando uno de los desaf\u00edos cotidianos de la vida o afrontando las condiciones m\u00e1s extremas hasta el momento, sigue tu camino con <strong>SOG<\/strong> .<\/p>\n<p><strong>\u00a1Ofrecemos una garant\u00eda de por vida en todos los cuchillos SOG!<\/strong><\/p>\n<\/div>\n<\/div>\n<\/div>\n<\/div>\n<\/div>\n<\/div>\n","protected":false},"featured_media":336366,"comment_status":"open","ping_status":"closed","template":"","meta":[],"pwb-brand":[3848],"product_brand":[],"product_cat":[3730,3726],"product_tag":[3756],"class_list":{"0":"post-336365","1":"product","2":"type-product","3":"status-publish","4":"has-post-thumbnail","6":"pwb-brand-sog-es","7":"product_cat-cuchillas-de-cierre","8":"product_cat-cuchillos","9":"product_tag-b2b-es","11":"first","12":"outofstock","13":"taxable","14":"shipping-taxable","15":"purchasable","16":"product-type-simple"},"brands":[{"id":3848,"name":"SOG","slug":"sog-es"}],"_links":{"self":[{"href":"https:\/\/www.moskito.cz\/es\/wp-json\/wp\/v2\/product\/336365","targetHints":{"allow":["GET"]}}],"collection":[{"href":"https:\/\/www.moskito.cz\/es\/wp-json\/wp\/v2\/product"}],"about":[{"href":"https:\/\/www.moskito.cz\/es\/wp-json\/wp\/v2\/types\/product"}],"replies":[{"embeddable":true,"href":"https:\/\/www.moskito.cz\/es\/wp-json\/wp\/v2\/comments?post=336365"}],"wp:featuredmedia":[{"embeddable":true,"href":"https:\/\/www.moskito.cz\/es\/wp-json\/wp\/v2\/media\/336366"}],"wp:attachment":[{"href":"https:\/\/www.moskito.cz\/es\/wp-json\/wp\/v2\/media?parent=336365"}],"wp:term":[{"taxonomy":"pwb-brand","embeddable":true,"href":"https:\/\/www.moskito.cz\/es\/wp-json\/wp\/v2\/pwb-brand?post=336365"},{"taxonomy":"product_brand","embeddable":true,"href":"https:\/\/www.moskito.cz\/es\/wp-json\/wp\/v2\/product_brand?post=336365"},{"taxonomy":"product_cat","embeddable":true,"href":"https:\/\/www.moskito.cz\/es\/wp-json\/wp\/v2\/product_cat?post=336365"},{"taxonomy":"product_tag","embeddable":true,"href":"https:\/\/www.moskito.cz\/es\/wp-json\/wp\/v2\/product_tag?post=336365"}],"curies":[{"name":"wp","href":"https:\/\/api.w.org\/{rel}","templated":true}]}}