{"id":336380,"date":"2021-10-18T21:24:53","date_gmt":"2024-04-22T14:40:11","guid":{"rendered":"https:\/\/www.moskito.cz\/?post_type=product&#038;p=336380"},"modified":"2025-05-07T11:13:17","modified_gmt":"2025-05-07T10:13:17","slug":"alicate-multifuncional-sog-poweraccess-deluxe","status":"publish","type":"product","link":"https:\/\/www.moskito.cz\/es\/produkt\/alicate-multifuncional-sog-poweraccess-deluxe\/","title":{"rendered":"Alicate Multifuncional SOG POWERACCESS DELUXE"},"content":{"rendered":"<p>Nuestra historia comienza en Vietnam, donde los miembros de la fuerza de operaciones especiales ultrasecreta de Estados Unidos, conocida como MACV &#8211; <strong>SOG<\/strong> , llevaron un cuchillo secreto \u00fanico a la jungla en misiones encubiertas. Unos a\u00f1os m\u00e1s tarde, en 1986, este cuchillo inspir\u00f3 a un joven dise\u00f1ador llamado Spencer Frazer a fundar <strong>SOG<\/strong> Specialty Knives. Su misi\u00f3n: reproducir el cuchillo <strong>SOG<\/strong> Bowie original y rendir homenaje a la unidad de operaciones especiales que lo cre\u00f3. Lo que comenz\u00f3 como un \u00fanico modelo conmemorativo pronto se convirti\u00f3 en toda una l\u00ednea de herramientas innovadoras, probadas por las Fuerzas Especiales de EE. UU., incluso premiadas como el cuchillo preferido de los Navy SEAL. Hoy en d\u00eda, los cuchillos SOG se usan con confianza en las situaciones m\u00e1s exigentes. Forjado a partir de la tradici\u00f3n, endurecido en el campo, archivado para ti.<\/p>\n<p>Ya sea que est\u00e9s protegiendo a otros o liderando una expedici\u00f3n de caza \u00e9pica, afrontando uno de los desaf\u00edos cotidianos de la vida o afrontando las condiciones m\u00e1s extremas hasta el momento, sigue tu camino con <strong>SOG<\/strong> .<\/p>\n<p>Alicate Multifuncional <strong>SOG<\/strong> POWERACCESS DELUXE.<\/p>\n<p>PowerAccess Deluxe tiene la mayor cantidad de herramientas que cualquier producto SOG hasta la fecha (21). Deluxe cuenta con apalancamiento SOG para una m\u00e1xima fuerza de agarre. Est\u00e1 alojado en un estuche de nailon con un juego hexagonal de 12 piezas.<\/p>\n<p><strong>Debe tener m\u00faltiples herramientas.<\/strong><br \/>\nAqu\u00ed tienes un peque\u00f1o consejo: si vas a ir a la universidad o vas a salir por tu cuenta, una herramienta multiprop\u00f3sito como PowerAccess Deluxe definitivamente te resultar\u00e1 \u00fatil.<\/p>\n<p><strong>Contiene 21 instrumentos, la mayor cantidad de cualquier SOG multi.<\/strong><br \/>\nCuenta con cabezales de alicates de palanca compuestos para una apertura y cierre suaves y una mayor fuerza de agarre. Hay un total de 21 herramientas en el PowerAccess Deluxe de acero inoxidable de alta resistencia, incluidos dos cuchillos multiusos, un abridor de latas y botellas, una sierra para madera, dos destornilladores de cabeza plana, un destornillador Phillips y un destornillador hexagonal de 1\/4&#8243;. conjunto de bits.<\/p>\n<p><strong>21 HERRAMIENTAS<\/strong><br \/>\nIncluye dos cuchillos, abridor de latas y botellas, sierra para madera, dos destornilladores de cabeza plana, destornillador para joyer\u00eda y destornillador de 1\/4&#8243; con juego hexagonal.<\/p>\n<p><strong>PALANCA COMPUESTA<\/strong><br \/>\nLa tecnolog\u00eda patentada Compound Leverage de SOG funciona mediante el uso de m\u00faltiples puntos de pivote que generan m\u00e1s movimiento en el mango en relaci\u00f3n con el movimiento de los alicates. El resultado es una ventaja de apalancamiento que es aproximadamente el doble que la de una multiherramienta convencional, lo que hace que cada corte sea m\u00e1s suave y sencillo.<\/p>\n<p><strong>CONSTRUCCI\u00d3N DE ACERO INOXIDABLE 5CR15MOV<\/strong><br \/>\nAceros inoxidables vers\u00e1tiles con propiedades similares a los mejores metales de la serie 440, que brindan buena capacidad de afilado, buena retenci\u00f3n de los bordes y alta resistencia a la corrosi\u00f3n.<\/p>\n<p>PESO DEL PRODUCTO: 8.70 oz<br \/>\nTIPO DE HOJA DE ACERO : Acero inoxidable<br \/>\nTERMINADO : Lavado a la piedra<br \/>\nN\u00daMERO DE HERRAMIENTAS: 21<br \/>\nTIPO DE HOJA DE ACERO : Acero inoxidable<br \/>\nARCHIVO DE 3 CARAS<br \/>\nRESIDENCIA<br \/>\nABREBOTELLAS<br \/>\nABRELATAS<br \/>\nHOJA TOTALMENTE SERRADA<br \/>\nCORTADOR DE ALAMBRE DURO<br \/>\nDESTORNILLADOR PLANO MEDIANO<br \/>\nALICATES DE PUNTA DE AGUJA<br \/>\nDESTORNILLADOR PHILIPS<br \/>\nTRANSPORTADOR<br \/>\nGOBERNANTE<br \/>\nJUEGO DE PUNTAS HEXAGONALES DE 12 PIEZAS<\/p>\n<p>PowerAccess Deluxe tiene la mayor cantidad de herramientas que cualquier producto SOG hasta la fecha (21). El Deluxe presenta un apalancamiento compuesto SOG para una m\u00e1xima fuerza de agarre. Alojado en una funda de nailon con un kit de puntas hexagonales de 12 piezas.<\/p>\n<p>Debe tener multiherramienta.<br \/>\nAqu\u00ed tienes un peque\u00f1o consejo: si vas a ir a la universidad o vas a empezar a trabajar por tu cuenta, una multiherramienta como PowerAccess Deluxe sin duda te resultar\u00e1 \u00fatil.<\/p>\n<p>Incluye 21 herramientas, la mayor cantidad para cualquier multiherramienta SOG.<br \/>\nCuenta con cabezales de alicates de palanca compuestos para una apertura y cierre suaves y una mayor potencia de agarre. Hay un total de 21 herramientas en el PowerAccess Deluxe de acero inoxidable de alta resistencia, que incluyen dos hojas de cuchillo, un abridor de latas y botellas, una sierra para madera, dos destornilladores planos, un destornillador Phillips y un destornillador de 1\/4&#8243; con kit de puntas hexagonales.<\/p>\n<p>21 HERRAMIENTAS<br \/>\nIncluye dos hojas de cuchillo, abridor de latas y botellas, sierra para madera, dos destornilladores planos, destornillador para joyer\u00eda y un destornillador de 1\/4&#8243; con kit de puntas hexagonales.<\/p>\n<p>APALANCAMIENTO COMPUESTO<br \/>\nLa tecnolog\u00eda Compound Leverage patentada por SOG funciona empleando m\u00faltiples puntos de pivote que generan un mayor recorrido del mango en relaci\u00f3n con el movimiento de los alicates. El resultado es una ventaja de apalancamiento de aproximadamente el doble de potencia que una multiherramienta convencional, lo que hace que cada corte sea m\u00e1s suave y sencillo.<\/p>\n<p>CONSTRUCCI\u00d3N DE ACERO INOXIDABLE 5CR15MOV<br \/>\nAceros inoxidables vers\u00e1tiles con cualidades similares a los mejores metales de la serie 440, que brindan buena capacidad de afilado, buena retenci\u00f3n de los bordes y alta resistencia a la corrosi\u00f3n.<\/p>\n<p>PESO DEL PRODUCTO<br \/>\n8,70 onzas<br \/>\nUPC<br \/>\n729857008037<br \/>\nTIPO DE ACERO DE LA HOJA<br \/>\nAcero inoxidable<br \/>\nPA\u00cdS DE ORIGEN<br \/>\nPorcelana<br \/>\nFINALIZAR<br \/>\nLavado de piedra<br \/>\nCUENTA DE HERRAMIENTAS<br \/>\n21<br \/>\nTIPO DE ACERO DE LA HOJA<br \/>\nAcero inoxidable<br \/>\nIMPULSOR DE 1\/4&#8243;<br \/>\nS\u00ed<br \/>\nARCHIVO DE 3 CARAS<br \/>\nS\u00ed<br \/>\nPUNZ\u00d3N<br \/>\nS\u00ed<br \/>\nABREBOTELLAS<br \/>\nS\u00ed<br \/>\nABRELATAS<br \/>\nS\u00ed<br \/>\nHOJA SERRADA COMPLETA<br \/>\nS\u00ed<br \/>\nPINZA<br \/>\nS\u00ed<br \/>\nCORTADOR DE ALAMBRE DURO<br \/>\nS\u00ed<br \/>\nDESTORNILLADOR PLANO MEDIANO<br \/>\nS\u00ed<br \/>\nPINZAS DE PUNTA DE AGUJA<br \/>\nS\u00ed<br \/>\nDESTORNILLADOR PHILIPS<br \/>\nS\u00ed<br \/>\nTRANSPORTADOR<br \/>\nS\u00ed<br \/>\nGOBERNANTE<br \/>\nS\u00ed<br \/>\nKIT DE PUNTAS HEXAGONALES DE 12 PIEZAS<br \/>\nS\u00ed<\/p>\n<p>&nbsp;<\/p>\n<p>&nbsp;<\/p>\n<p>&nbsp;<\/p>\n","protected":false},"excerpt":{"rendered":"<p>Ya sea que est\u00e9s protegiendo a otros o liderando una expedici\u00f3n de caza \u00e9pica, afrontando uno de los desaf\u00edos cotidianos de la vida o afrontando las condiciones m\u00e1s extremas hasta el momento, sigue tu camino con <strong>SOG<\/strong> .<\/p>\n<p><strong>\u00a1Ofrecemos una garant\u00eda de por vida en todos los cuchillos SOG!<\/strong><\/p>\n","protected":false},"featured_media":336386,"comment_status":"open","ping_status":"closed","template":"","meta":[],"pwb-brand":[3848],"product_brand":[],"product_cat":[3725],"product_tag":[3756],"class_list":{"0":"post-336380","1":"product","2":"type-product","3":"status-publish","4":"has-post-thumbnail","6":"pwb-brand-sog-es","7":"product_cat-herramienta-multiple","8":"product_tag-b2b-es","10":"first","11":"instock","12":"taxable","13":"shipping-taxable","14":"purchasable","15":"product-type-simple"},"brands":[{"id":3848,"name":"SOG","slug":"sog-es"}],"_links":{"self":[{"href":"https:\/\/www.moskito.cz\/es\/wp-json\/wp\/v2\/product\/336380","targetHints":{"allow":["GET"]}}],"collection":[{"href":"https:\/\/www.moskito.cz\/es\/wp-json\/wp\/v2\/product"}],"about":[{"href":"https:\/\/www.moskito.cz\/es\/wp-json\/wp\/v2\/types\/product"}],"replies":[{"embeddable":true,"href":"https:\/\/www.moskito.cz\/es\/wp-json\/wp\/v2\/comments?post=336380"}],"wp:featuredmedia":[{"embeddable":true,"href":"https:\/\/www.moskito.cz\/es\/wp-json\/wp\/v2\/media\/336386"}],"wp:attachment":[{"href":"https:\/\/www.moskito.cz\/es\/wp-json\/wp\/v2\/media?parent=336380"}],"wp:term":[{"taxonomy":"pwb-brand","embeddable":true,"href":"https:\/\/www.moskito.cz\/es\/wp-json\/wp\/v2\/pwb-brand?post=336380"},{"taxonomy":"product_brand","embeddable":true,"href":"https:\/\/www.moskito.cz\/es\/wp-json\/wp\/v2\/product_brand?post=336380"},{"taxonomy":"product_cat","embeddable":true,"href":"https:\/\/www.moskito.cz\/es\/wp-json\/wp\/v2\/product_cat?post=336380"},{"taxonomy":"product_tag","embeddable":true,"href":"https:\/\/www.moskito.cz\/es\/wp-json\/wp\/v2\/product_tag?post=336380"}],"curies":[{"name":"wp","href":"https:\/\/api.w.org\/{rel}","templated":true}]}}