{"id":336478,"date":"2021-10-16T20:04:31","date_gmt":"2021-10-16T19:04:31","guid":{"rendered":"https:\/\/www.moskito.cz\/produkt\/alicate-multifuncional-sog-powerassist-bolsa-de-nylon-negro\/"},"modified":"2024-04-22T15:52:13","modified_gmt":"2024-04-22T14:52:13","slug":"alicate-multifuncional-sog-powerassist-bolsa-de-nylon-negro","status":"publish","type":"product","link":"https:\/\/www.moskito.cz\/es\/produkt\/alicate-multifuncional-sog-powerassist-bolsa-de-nylon-negro\/","title":{"rendered":"Alicate Multifuncional SOG POWERASSIST BOLSA DE NYLON NEGRO"},"content":{"rendered":"<p>Nuestra historia comienza en Vietnam, donde los miembros de la fuerza de operaciones especiales ultrasecreta de Estados Unidos, conocida como MACV &#8211; <strong>SOG<\/strong> , llevaron un cuchillo secreto \u00fanico a la jungla en misiones encubiertas. Unos a\u00f1os m\u00e1s tarde, en 1986, este cuchillo inspir\u00f3 a un joven dise\u00f1ador llamado Spencer Frazer a fundar <strong>SOG<\/strong> Specialty Knives. Su misi\u00f3n: reproducir el cuchillo <strong>SOG<\/strong> Bowie original y rendir homenaje a la unidad de operaciones especiales que lo cre\u00f3. Lo que comenz\u00f3 como un \u00fanico modelo conmemorativo pronto se convirti\u00f3 en toda una l\u00ednea de herramientas innovadoras, probadas por las Fuerzas Especiales de EE. UU., incluso premiadas como el cuchillo preferido de los Navy SEAL. Hoy en d\u00eda, los cuchillos SOG se usan con confianza en las situaciones m\u00e1s exigentes. Forjado a partir de la tradici\u00f3n, endurecido en el campo, archivado para ti.<\/p>\n<p>Ya sea que est\u00e9s protegiendo a otros o liderando una expedici\u00f3n de caza \u00e9pica, afrontando uno de los desaf\u00edos cotidianos de la vida o afrontando las condiciones m\u00e1s extremas hasta el momento, sigue tu camino con <strong>SOG<\/strong> .<\/p>\n<p>Alicate Multifuncional <strong>SOG<\/strong> POWERASSIST BOLSA DE NYLON NEGRO.<\/p>\n<p>PowerAssist lleva las herramientas m\u00faltiples a un nuevo nivel. Es el primero en el mundo donde se almacenan no s\u00f3lo uno sino dos cuchillos con la tecnolog\u00eda SOG asistida. Comience a abrir las cuchillas principales disponibles cuando la herramienta principal est\u00e9 cerrada y el SAT se har\u00e1 cargo de completar la apertura. Cuando no est\u00e1n en uso, estos cuchillos se bloquean mediante nuestro mecanismo de liberaci\u00f3n lateral. Abra la herramienta y experimente la precisi\u00f3n de la capacidad de los alicates de alta resistencia y los cortadores de alambre grandes. Las superficies lisas del mango garantizan comodidad incluso durante los trabajos m\u00e1s exigentes. Tambi\u00e9n cuenta con cubiertas de engranajes de palanca compuesta, construcci\u00f3n duradera, cortador en V, moldeadores incorporados y un acabado negro mate para baja reflectividad.<\/p>\n<p>Lleva siempre contigo PowerAssist<br \/>\nSi se dirige a la caba\u00f1a del lago para pasar un relajante fin de semana de patrulla, agregar PowerAssist a su paquete de elementos esenciales podr\u00eda resultar rentable si de repente necesita arreglar algo.<\/p>\n<p>Multiherramienta SOG de \u00faltima generaci\u00f3n: \u00a116 herramientas!<br \/>\nIncluye alicates, pinza, cortador de alambre duro, trituradora de alambre, alicates de hoja de chorro, hoja de borde recto, hoja completamente dentada, lima de 3 lados, destornillador grande, destornillador Phillips, abrelatas, destornillador peque\u00f1o, abridor de botellas, destornillador mediano, cortador en V y gobernantes.<\/p>\n<p>ACERO INOXIDABLE 420 RECUBIERTO DE OXIDO<br \/>\nProporciona buena adherencia a los bordes y resistencia a la abrasi\u00f3n.<\/p>\n<p>PALANCA COMPUESTA<br \/>\nApertura y cierre suaves con mayor poder de agarre.<\/p>\n<p>TECNOLOG\u00cdA APOYADA EN SOG<br \/>\nSAT junta dos cuchillos en un instante. La primera multiherramienta de este tipo con esta caracter\u00edstica.<\/p>\n<p>LARGO TOTAL: 17,5 cm<br \/>\nLARGO CERRADO: 11,5 cm<br \/>\nPESO DEL PRODUCTO: 9.60 oz<br \/>\nACABADOS : \u00d3xido Negro<br \/>\nN\u00daMERO DE HERRAMIENTAS: 16<br \/>\nCaja: nailon bal\u00edstico<br \/>\nTIPO DE HOJA DE ACERO : 420<br \/>\nMATERIAL DEL MANGO: acero inoxidable 420<br \/>\nDUREZA : RC 51-53<br \/>\nAPERTURA ASISTIDA : S\u00ed<\/p>\n<p>PowerAssist lleva las herramientas m\u00faltiples a un nuevo nivel. Este es el primero en el mundo que alberga no solo una, sino dos palas con tecnolog\u00eda asistida por SOG. Comience a abrir las cuchillas principales, que est\u00e1n disponibles cuando la herramienta principal est\u00e1 cerrada, y el SAT se hace cargo para completar la apertura. Cuando no est\u00e1n en uso, estas hojas se bloquean mediante nuestra liberaci\u00f3n lateral pendiente de patente. Abra la herramienta y experimente la precisi\u00f3n de la capacidad de los alicates de alta resistencia y los cortadores de alambre grandes. Las superficies lisas del mango promueven la comodidad incluso en los trabajos m\u00e1s dif\u00edciles. Tambi\u00e9n incluye cubiertas de engranajes de palanca compuesta, construcci\u00f3n resistente, cortador en V, engarzadores incorporados y acabado negro mate para baja reflectividad.<\/p>\n<p>Lleve siempre consigo el PowerAssist<br \/>\nSi se dirige a la caba\u00f1a del lago para pasar un fin de semana relajante patrullando, agregar un PowerAssist a su paquete de art\u00edculos b\u00e1sicos puede resultar \u00fatil cuando de repente tenga que arreglar algo.<\/p>\n<p>La multiherramienta SOG con m\u00e1s funciones: \u00a116 herramientas!<br \/>\nIncluye alicates, pinza, cortador de alambre duro, engarzadora de alambre, engarzadora de detonadores, hoja de borde recto, hoja completamente dentada, lima de 3 lados, destornillador grande, destornillador Phillips, abrelatas, destornillador peque\u00f1o, destapador de botellas, destornillador mediano, destornillador en V. cortador y reglas<\/p>\n<p>LONGITUD TOTAL<br \/>\n7&#8243;<br \/>\nLONGITUD CERRADA<br \/>\n4,60&#8243;<br \/>\nPESO DEL PRODUCTO<br \/>\n9,60 onzas<br \/>\nUPC<br \/>\n7-29857-99400-2<br \/>\nFECHA DE PREVENTA<br \/>\nEN<br \/>\nES PREVENTA<br \/>\nEN<br \/>\nPRODUCTO DESCONTINUADO<br \/>\nEN<br \/>\nTIPO DE PRODUCTO<br \/>\nHerramienta multiple<br \/>\nFINALIZAR<br \/>\n\u00d3xido negro<br \/>\nCUENTA DE HERRAMIENTAS<br \/>\n16<br \/>\nAGUJERO PARA CORD\u00d3N<br \/>\nS\u00ed<br \/>\nEMBALAJE<br \/>\nUnibox &#8211; Listo para mostrar<br \/>\nMATERIAL DE LA FUNDA<br \/>\nNailon bal\u00edstico<br \/>\nTIPO DE ACERO DE LA HOJA<br \/>\n420<br \/>\nMATERIAL DEL MANGO<br \/>\nAcero inoxidable 420<br \/>\nDUREZA<br \/>\nRC. 51-53<br \/>\nHOJAS DE BLOQUEO<br \/>\nS\u00ed<br \/>\nHERRAMIENTAS DE BLOQUEO<br \/>\nS\u00ed<br \/>\nAPERTURA ASISTIDA<br \/>\nS\u00ed<\/p>\n<p>&nbsp;<\/p>\n","protected":false},"excerpt":{"rendered":"<p>Ya sea que est\u00e9s protegiendo a otros o liderando una expedici\u00f3n de caza \u00e9pica, afrontando uno de los desaf\u00edos cotidianos de la vida o afrontando las condiciones m\u00e1s extremas hasta el momento, sigue tu camino con <strong>SOG<\/strong> .<\/p>\n<p><strong>\u00a1Ofrecemos una garant\u00eda de por vida en todos los cuchillos SOG!<\/strong><\/p>\n","protected":false},"featured_media":336479,"comment_status":"open","ping_status":"closed","template":"","meta":[],"pwb-brand":[3848],"product_brand":[],"product_cat":[3725],"product_tag":[3756],"class_list":{"0":"post-336478","1":"product","2":"type-product","3":"status-publish","4":"has-post-thumbnail","6":"pwb-brand-sog-es","7":"product_cat-herramienta-multiple","8":"product_tag-b2b-es","10":"first","11":"instock","12":"taxable","13":"shipping-taxable","14":"purchasable","15":"product-type-simple"},"brands":[{"id":3848,"name":"SOG","slug":"sog-es"}],"_links":{"self":[{"href":"https:\/\/www.moskito.cz\/es\/wp-json\/wp\/v2\/product\/336478","targetHints":{"allow":["GET"]}}],"collection":[{"href":"https:\/\/www.moskito.cz\/es\/wp-json\/wp\/v2\/product"}],"about":[{"href":"https:\/\/www.moskito.cz\/es\/wp-json\/wp\/v2\/types\/product"}],"replies":[{"embeddable":true,"href":"https:\/\/www.moskito.cz\/es\/wp-json\/wp\/v2\/comments?post=336478"}],"wp:featuredmedia":[{"embeddable":true,"href":"https:\/\/www.moskito.cz\/es\/wp-json\/wp\/v2\/media\/336479"}],"wp:attachment":[{"href":"https:\/\/www.moskito.cz\/es\/wp-json\/wp\/v2\/media?parent=336478"}],"wp:term":[{"taxonomy":"pwb-brand","embeddable":true,"href":"https:\/\/www.moskito.cz\/es\/wp-json\/wp\/v2\/pwb-brand?post=336478"},{"taxonomy":"product_brand","embeddable":true,"href":"https:\/\/www.moskito.cz\/es\/wp-json\/wp\/v2\/product_brand?post=336478"},{"taxonomy":"product_cat","embeddable":true,"href":"https:\/\/www.moskito.cz\/es\/wp-json\/wp\/v2\/product_cat?post=336478"},{"taxonomy":"product_tag","embeddable":true,"href":"https:\/\/www.moskito.cz\/es\/wp-json\/wp\/v2\/product_tag?post=336478"}],"curies":[{"name":"wp","href":"https:\/\/api.w.org\/{rel}","templated":true}]}}