{"id":336511,"date":"2022-01-06T22:58:13","date_gmt":"2024-04-22T14:57:07","guid":{"rendered":"https:\/\/www.moskito.cz\/produkt\/hacha-sog-survival-hawk-negro\/"},"modified":"2025-05-07T11:13:19","modified_gmt":"2025-05-07T10:13:19","slug":"hacha-sog-survival-hawk-negro","status":"publish","type":"product","link":"https:\/\/www.moskito.cz\/es\/produkt\/hacha-sog-survival-hawk-negro\/","title":{"rendered":"Hacha SOG SURVIVAL HAWK &#8211; NEGRO"},"content":{"rendered":"<p>Es dif\u00edcil equivocarse cuando llevas un hacha de guerra ligera, r\u00e1pida y con muchas funciones. Equipado con un mango envuelto en paraca\u00eddas reflectante, una varilla de encendido de ferrocerio en el mango, un extractor de clavos, un martillo y una cuchilla multiusos afilada, el Survival Hawk est\u00e1 listo para ir a donde quiera que vaya. Las ra\u00edces de ingenier\u00eda de Survival Hawk provienen de dise\u00f1os probados que se han probado muchas veces en el mundo real. Dondequiera que vayas, este es el tomahawk perfecto en el que puedes confiar.<\/p>\n<p>Hacha <strong>SOG<\/strong> SURVIVAL HAWK &#8211; NEGRO<\/p>\n<p>LARGO TOTAL: 30 cm<br \/>\nPESO DEL PRODUCTO: 19.50 oz<br \/>\nLARGO DE LA HOJA: 7,5 cm<br \/>\nDUREZA: Rc. 47-49<br \/>\nTIPO DE HOJA DE ACERO<br \/>\nMATERIAL DEL MANGO: Nylon reforzado con vidrio<br \/>\nCOLOR DEL MANGO: Negro<br \/>\nESTUCHE INCLUIDO: S\u00ed<br \/>\nCOLOR DE LA HOJA: Negro<br \/>\nMATERIAL DE LA HOJA: Nailon bal\u00edstico<\/p>\n<div class=\"measured-item spec-item\" data-uom=\"dimension\"><\/div>\n<div class=\"spec-item\"><\/div>\n","protected":false},"excerpt":{"rendered":"<p><strong>IDEAL PARA CAZA Y CAMPING<\/strong><\/p>\n<p>Ya sea que est\u00e9s protegiendo a otros o liderando una expedici\u00f3n de caza \u00e9pica, afrontando uno de los desaf\u00edos cotidianos de la vida o afrontando las condiciones m\u00e1s extremas hasta el momento, sigue tu camino con SOG.<\/p>\n<p><strong>\u00a1Ofrecemos una garant\u00eda de por vida en todos los cuchillos SOG!<\/strong><\/p>\n","protected":false},"featured_media":336512,"comment_status":"open","ping_status":"closed","template":"","meta":[],"pwb-brand":[3848],"product_brand":[],"product_cat":[3732],"product_tag":[3756],"class_list":{"0":"post-336511","1":"product","2":"type-product","3":"status-publish","4":"has-post-thumbnail","6":"pwb-brand-sog-es","7":"product_cat-ejes","8":"product_tag-b2b-es","10":"first","11":"instock","12":"taxable","13":"shipping-taxable","14":"purchasable","15":"product-type-simple"},"brands":[{"id":3848,"name":"SOG","slug":"sog-es"}],"_links":{"self":[{"href":"https:\/\/www.moskito.cz\/es\/wp-json\/wp\/v2\/product\/336511","targetHints":{"allow":["GET"]}}],"collection":[{"href":"https:\/\/www.moskito.cz\/es\/wp-json\/wp\/v2\/product"}],"about":[{"href":"https:\/\/www.moskito.cz\/es\/wp-json\/wp\/v2\/types\/product"}],"replies":[{"embeddable":true,"href":"https:\/\/www.moskito.cz\/es\/wp-json\/wp\/v2\/comments?post=336511"}],"wp:featuredmedia":[{"embeddable":true,"href":"https:\/\/www.moskito.cz\/es\/wp-json\/wp\/v2\/media\/336512"}],"wp:attachment":[{"href":"https:\/\/www.moskito.cz\/es\/wp-json\/wp\/v2\/media?parent=336511"}],"wp:term":[{"taxonomy":"pwb-brand","embeddable":true,"href":"https:\/\/www.moskito.cz\/es\/wp-json\/wp\/v2\/pwb-brand?post=336511"},{"taxonomy":"product_brand","embeddable":true,"href":"https:\/\/www.moskito.cz\/es\/wp-json\/wp\/v2\/product_brand?post=336511"},{"taxonomy":"product_cat","embeddable":true,"href":"https:\/\/www.moskito.cz\/es\/wp-json\/wp\/v2\/product_cat?post=336511"},{"taxonomy":"product_tag","embeddable":true,"href":"https:\/\/www.moskito.cz\/es\/wp-json\/wp\/v2\/product_tag?post=336511"}],"curies":[{"name":"wp","href":"https:\/\/api.w.org\/{rel}","templated":true}]}}