{"id":336564,"date":"2022-01-07T21:58:58","date_gmt":"2024-04-22T14:59:54","guid":{"rendered":"https:\/\/www.moskito.cz\/produkt\/hacha-sog-voodoo-hawk-mini-satinado\/"},"modified":"2025-05-07T11:13:21","modified_gmt":"2025-05-07T10:13:21","slug":"hacha-sog-voodoo-hawk-mini-satinado","status":"publish","type":"product","link":"https:\/\/www.moskito.cz\/es\/produkt\/hacha-sog-voodoo-hawk-mini-satinado\/","title":{"rendered":"Hacha SOG VOODOO HAWK MINI &#8211; SATINADO"},"content":{"rendered":"<p>El SOG Voodoo Hawk original fue dise\u00f1ado como una combinaci\u00f3n de nuestro Tomahawk t\u00e1ctico y FastHawk. Este Voodoo Hawk Mini es m\u00e1s peque\u00f1o y liviano y al mismo tiempo presenta los mismos componentes; cabezal de corte extendido, p\u00faa perforadora, mango compacto de nailon reforzado con vidrio y cabezal de metal. El Voodoo Hawk Mini tiene todo lo que tiene el Voodoo Hawk, pero en una forma m\u00e1s peque\u00f1a y compacta, ideal para viajeros al aire libre como mochileros, excursionistas, cazadores o navegantes. El duradero mango de nailon reforzado con vidrio puede soportar un golpe sin dejar de ser fuerte. Una gran herramienta para cualquier cosa que puedas lanzarle. Incluye un estuche de transporte de nailon.<\/p>\n<p>Hacha <strong>SOG<\/strong> VOODOO HAWK MINI &#8211; SATINADO<\/p>\n<p>LARGO TOTAL: 31 cm<br \/>\nPESO DEL PRODUCTO: 23.10 oz<br \/>\nLONGITUD DE LA HOJA: 7 cm<br \/>\nACABADOS: Sat\u00e9n<br \/>\nDUREZA: Rc. 46-52<br \/>\nTIPO DE ACERO DE LA HOJA: 3Cr13MoV<br \/>\nTIPO DE BORDE: Recto<br \/>\nMATERIAL DEL MANGO: Nylon reforzado con vidrio<br \/>\nCOLOR DEL MANGO: Negro<br \/>\nESTUCHE INCLUIDO: S\u00ed<br \/>\nCOLOR DE LA HOJA: Negro<br \/>\nMATERIAL DE LA HOJA: Nailon bal\u00edstico<\/p>\n","protected":false},"excerpt":{"rendered":"<p><strong>IDEAL PARA CAZA Y CAMPING<\/strong><\/p>\n<p>Ya sea que est\u00e9s protegiendo a otros o liderando una expedici\u00f3n de caza \u00e9pica, afrontando uno de los desaf\u00edos cotidianos de la vida o afrontando las condiciones m\u00e1s extremas hasta el momento, sigue tu camino con SOG.<\/p>\n<p><strong>\u00a1Ofrecemos una garant\u00eda de por vida en todos los cuchillos SOG!<\/strong><\/p>\n","protected":false},"featured_media":336565,"comment_status":"open","ping_status":"closed","template":"","meta":[],"pwb-brand":[3848],"product_brand":[],"product_cat":[3732],"product_tag":[3756],"class_list":{"0":"post-336564","1":"product","2":"type-product","3":"status-publish","4":"has-post-thumbnail","6":"pwb-brand-sog-es","7":"product_cat-ejes","8":"product_tag-b2b-es","10":"first","11":"outofstock","12":"taxable","13":"shipping-taxable","14":"purchasable","15":"product-type-simple"},"brands":[{"id":3848,"name":"SOG","slug":"sog-es"}],"_links":{"self":[{"href":"https:\/\/www.moskito.cz\/es\/wp-json\/wp\/v2\/product\/336564","targetHints":{"allow":["GET"]}}],"collection":[{"href":"https:\/\/www.moskito.cz\/es\/wp-json\/wp\/v2\/product"}],"about":[{"href":"https:\/\/www.moskito.cz\/es\/wp-json\/wp\/v2\/types\/product"}],"replies":[{"embeddable":true,"href":"https:\/\/www.moskito.cz\/es\/wp-json\/wp\/v2\/comments?post=336564"}],"wp:featuredmedia":[{"embeddable":true,"href":"https:\/\/www.moskito.cz\/es\/wp-json\/wp\/v2\/media\/336565"}],"wp:attachment":[{"href":"https:\/\/www.moskito.cz\/es\/wp-json\/wp\/v2\/media?parent=336564"}],"wp:term":[{"taxonomy":"pwb-brand","embeddable":true,"href":"https:\/\/www.moskito.cz\/es\/wp-json\/wp\/v2\/pwb-brand?post=336564"},{"taxonomy":"product_brand","embeddable":true,"href":"https:\/\/www.moskito.cz\/es\/wp-json\/wp\/v2\/product_brand?post=336564"},{"taxonomy":"product_cat","embeddable":true,"href":"https:\/\/www.moskito.cz\/es\/wp-json\/wp\/v2\/product_cat?post=336564"},{"taxonomy":"product_tag","embeddable":true,"href":"https:\/\/www.moskito.cz\/es\/wp-json\/wp\/v2\/product_tag?post=336564"}],"curies":[{"name":"wp","href":"https:\/\/api.w.org\/{rel}","templated":true}]}}