{"id":336664,"date":"2022-01-05T22:13:45","date_gmt":"2024-04-23T09:13:03","guid":{"rendered":"https:\/\/www.moskito.cz\/produkt\/halcones-lanzadores-de-sog-paquete-de-3-funda-de-nylon\/"},"modified":"2025-05-07T11:13:23","modified_gmt":"2025-05-07T10:13:23","slug":"halcones-lanzadores-de-sog-paquete-de-3-funda-de-nylon","status":"publish","type":"product","link":"https:\/\/www.moskito.cz\/es\/produkt\/halcones-lanzadores-de-sog-paquete-de-3-funda-de-nylon\/","title":{"rendered":"HALCONES LANZADORES DE SOG &#8211; PAQUETE DE 3, FUNDA DE NYLON"},"content":{"rendered":"<p>Lleve el lanzamiento al siguiente nivel con el Throwing Hawk Set, un paquete de tres halcones de acero de una sola pieza con mangos envueltos en paraca\u00eddas dise\u00f1ados para lanzar al blanco. Desaf\u00eda a tus amigos por la supremac\u00eda en el patio trasero. Estos estilizados halcones arrojadizos no s\u00f3lo son divertidos de volar por el aire, sino que tambi\u00e9n son pr\u00e1cticos. Est\u00e1n protegidos por un revestimiento SOG negro duro y son extremadamente resistentes a los ara\u00f1azos. Su equilibrio, aerodin\u00e1mica y proporciones los convierten en grandes halcones lanzadores. Tambi\u00e9n son excelentes herramientas de respaldo en el campo por las mismas razones. \u00a1Los mangos est\u00e1n envueltos con paracord o se pueden usar sin ellos y tienes tres hachas de guerra por el precio de uno! Incluye una funda de nailon para transportar los tres con seguridad.<\/p>\n<p>HALCONES LANZADORES <strong>DE SOG<\/strong> &#8211; PAQUETE DE 3, FUNDA DE NYLON<\/p>\n<p>LARGO TOTAL: 27 cm<br \/>\nPESO DEL PRODUCTO: 25.40 oz<br \/>\nLARGO DE LA HOJA: 4,5 cm<br \/>\nDUREZA: Rc. 50-56<br \/>\nTIPO DE ACERO DE LA HOJA: 3Cr13MoV<br \/>\nMATERIAL DEL MANGO: Nylon reforzado con vidrio<br \/>\nCOLOR DEL MANGO: Negro<br \/>\nESTUCHE INCLUIDO: S\u00ed<br \/>\nCOLOR DE LA HOJA: Negro<br \/>\nMATERIAL DE LA HOJA: Nailon bal\u00edstico<\/p>\n","protected":false},"excerpt":{"rendered":"<p><strong>IDEAL PARA CAZA Y CAMPING<\/strong><\/p>\n<p>Ya sea que est\u00e9s protegiendo a otros o liderando una expedici\u00f3n de caza \u00e9pica, afrontando uno de los desaf\u00edos cotidianos de la vida o afrontando las condiciones m\u00e1s extremas hasta el momento, sigue tu camino con <strong>SOG<\/strong> .<\/p>\n<p><strong>\u00a1Ofrecemos una garant\u00eda de por vida en todos los cuchillos SOG!<\/strong><\/p>\n","protected":false},"featured_media":336666,"comment_status":"open","ping_status":"closed","template":"","meta":[],"pwb-brand":[],"product_brand":[],"product_cat":[3732],"product_tag":[3756],"class_list":{"0":"post-336664","1":"product","2":"type-product","3":"status-publish","4":"has-post-thumbnail","6":"product_cat-ejes","7":"product_tag-b2b-es","9":"first","10":"outofstock","11":"taxable","12":"shipping-taxable","13":"purchasable","14":"product-type-simple"},"brands":[],"_links":{"self":[{"href":"https:\/\/www.moskito.cz\/es\/wp-json\/wp\/v2\/product\/336664","targetHints":{"allow":["GET"]}}],"collection":[{"href":"https:\/\/www.moskito.cz\/es\/wp-json\/wp\/v2\/product"}],"about":[{"href":"https:\/\/www.moskito.cz\/es\/wp-json\/wp\/v2\/types\/product"}],"replies":[{"embeddable":true,"href":"https:\/\/www.moskito.cz\/es\/wp-json\/wp\/v2\/comments?post=336664"}],"wp:featuredmedia":[{"embeddable":true,"href":"https:\/\/www.moskito.cz\/es\/wp-json\/wp\/v2\/media\/336666"}],"wp:attachment":[{"href":"https:\/\/www.moskito.cz\/es\/wp-json\/wp\/v2\/media?parent=336664"}],"wp:term":[{"taxonomy":"pwb-brand","embeddable":true,"href":"https:\/\/www.moskito.cz\/es\/wp-json\/wp\/v2\/pwb-brand?post=336664"},{"taxonomy":"product_brand","embeddable":true,"href":"https:\/\/www.moskito.cz\/es\/wp-json\/wp\/v2\/product_brand?post=336664"},{"taxonomy":"product_cat","embeddable":true,"href":"https:\/\/www.moskito.cz\/es\/wp-json\/wp\/v2\/product_cat?post=336664"},{"taxonomy":"product_tag","embeddable":true,"href":"https:\/\/www.moskito.cz\/es\/wp-json\/wp\/v2\/product_tag?post=336664"}],"curies":[{"name":"wp","href":"https:\/\/api.w.org\/{rel}","templated":true}]}}