{"id":336691,"date":"2021-10-18T21:45:51","date_gmt":"2024-04-23T09:43:48","guid":{"rendered":"https:\/\/www.moskito.cz\/produkt\/juego-de-cuchillos-arrojadizos-sog-de-3-piezas\/"},"modified":"2025-05-07T11:13:23","modified_gmt":"2025-05-07T10:13:23","slug":"juego-de-cuchillos-arrojadizos-sog-de-3-piezas","status":"publish","type":"product","link":"https:\/\/www.moskito.cz\/es\/produkt\/juego-de-cuchillos-arrojadizos-sog-de-3-piezas\/","title":{"rendered":"Juego de cuchillos arrojadizos SOG de 3 piezas"},"content":{"rendered":"<p>Nuestra historia comienza en Vietnam, donde los miembros de la fuerza de operaciones especiales ultrasecreta de Estados Unidos, conocida como MACV &#8211; <strong>SOG<\/strong> , llevaron un cuchillo secreto \u00fanico a la jungla en misiones encubiertas. Unos a\u00f1os m\u00e1s tarde, en 1986, este cuchillo inspir\u00f3 a un joven dise\u00f1ador llamado Spencer Frazer a fundar <strong>SOG<\/strong> Specialty Knives. Su misi\u00f3n: reproducir el cuchillo <strong>SOG<\/strong> Bowie original y rendir homenaje a la unidad de operaciones especiales que lo cre\u00f3. Lo que comenz\u00f3 como un \u00fanico modelo conmemorativo pronto se convirti\u00f3 en toda una l\u00ednea de herramientas innovadoras, probadas por las Fuerzas Especiales de EE. UU., incluso premiadas como el cuchillo preferido de los Navy SEAL. Hoy en d\u00eda, los cuchillos SOG se usan con confianza en las situaciones m\u00e1s exigentes. Forjado a partir de la tradici\u00f3n, endurecido en el campo, archivado para ti.<\/p>\n<p>Ya sea que est\u00e9s protegiendo a otros o liderando una expedici\u00f3n de caza \u00e9pica, afrontando uno de los desaf\u00edos cotidianos de la vida o afrontando las condiciones m\u00e1s extremas hasta el momento, sigue tu camino con <strong>SOG<\/strong> .<\/p>\n<p>Juego de cuchillos arrojadizos <strong>SOG<\/strong> de 3 piezas.<\/p>\n<p>Los cuchillos arrojadizos est\u00e1n dise\u00f1ados a partir de los cuchillos arrojadizos tradicionales y son ideales para competiciones en el patio trasero. El mango de cada cuchillo est\u00e1 envuelto con 7 pies de paracord, lo que le brinda un total de 21 pies, perfecto para situaciones inesperadas. Los tres cuchillos tambi\u00e9n incluyen una funda de nailon bal\u00edstico. \u00a1Mira qui\u00e9n puede dar en el blanco primero!<\/p>\n<p>LARGO TOTAL: 24 cm<br \/>\nPESO DEL PRODUCTO: 5.40 oz<br \/>\nLONGITUD DE LA HOJA: 7 cm<br \/>\nTIPO DE PRODUCTO : Cuchillo arrojadizo, hoja fija<br \/>\nACABADOS : Sat\u00e9n<br \/>\nTIPO DE HOJA DE ACERO: 3Cr13<br \/>\nFORMA DE LA HOJA: Punta de lanza<br \/>\nMATERIAL DEL MANGO : Paracord envuelto<br \/>\nCOLOR DEL MANGO : Verde, Bronceado<br \/>\nDUREZA : RC 49-51<br \/>\nFUNDA INCLUIDA: S\u00ed<br \/>\nCOLOR DE LA HOJA: Negro<br \/>\nCIERRE TIPO DE CHAQUETA : Velcro<br \/>\nMATERIAL DE LA HOJA: Nailon bal\u00edstico<\/p>\n<p>Los cuchillos Fling tienen el estilo de los cuchillos arrojadizos tradicionales y son perfectos para competiciones en el patio trasero. El mango de cada cuchillo est\u00e1 envuelto con 7 pies de paracord, lo que le brinda un total de 21 pies, perfecto para situaciones inesperadas. Tambi\u00e9n se incluye con los tres cuchillos una funda de transporte de nailon bal\u00edstico. \u00a1Mira qui\u00e9n puede dar en el blanco primero!<\/p>\n<p>LONGITUD TOTAL<br \/>\n9,5&#8243;<br \/>\nPESO DEL PRODUCTO<br \/>\n5,40 onzas<br \/>\nLONGITUD DE LA HOJA<br \/>\n2,8&#8243;<br \/>\nGROSOR DE LA HOJA<br \/>\n0,14&#8243;<br \/>\nUPC<br \/>\n7-29857-99893-2<br \/>\nES PREVENTA<br \/>\nEN<br \/>\nFECHA DE PREVENTA<br \/>\nEN<br \/>\nTIPO DE PRODUCTO<br \/>\nCuchillo arrojadizo, hoja fija<br \/>\nPA\u00cdS DE ORIGEN<br \/>\nPorcelana<br \/>\nEMBALAJE<br \/>\nUnibox &#8211; Listo para mostrar<br \/>\nGRABABLE<br \/>\nS\u00ed<br \/>\nFINALIZAR<br \/>\nSat\u00edn<br \/>\nTIPO DE BORDE<br \/>\nDerecho<br \/>\nTIPO DE ACERO DE LA HOJA<br \/>\n3Cr13<br \/>\nFORMA DE LA HOJA<br \/>\nPunta de lanza<br \/>\nMATERIAL DEL MANGO<br \/>\nParacord envuelto<br \/>\nCOLOR DEL MANGO<br \/>\nVerde, Bronceado<br \/>\nDUREZA<br \/>\nRC. 49-51<br \/>\nFUNDA INCLUIDA<br \/>\nS\u00ed<br \/>\nCOLOR DE LA FUNDA<br \/>\nNegro<br \/>\nTIPO DE FIJACI\u00d3N DE LA FUNDA<br \/>\nHebilla de cintur\u00f3n<br \/>\nTIPO DE CIERRE DE FUNDA<br \/>\nvelcro<br \/>\nMATERIAL DE LA FUNDA<br \/>\nNailon bal\u00edstico<\/p>\n","protected":false},"excerpt":{"rendered":"<p>Ya sea que est\u00e9s protegiendo a otros o liderando una expedici\u00f3n de caza \u00e9pica, afrontando uno de los desaf\u00edos cotidianos de la vida o afrontando las condiciones m\u00e1s extremas hasta el momento, sigue tu camino con <strong>SOG<\/strong> .<\/p>\n<p><strong>\u00a1Ofrecemos una garant\u00eda de por vida en todos los cuchillos SOG!<\/strong><\/p>\n","protected":false},"featured_media":336693,"comment_status":"open","ping_status":"closed","template":"","meta":[],"pwb-brand":[3848],"product_brand":[],"product_cat":[3726,3728],"product_tag":[3756],"class_list":{"0":"post-336691","1":"product","2":"type-product","3":"status-publish","4":"has-post-thumbnail","6":"pwb-brand-sog-es","7":"product_cat-cuchillos","8":"product_cat-lanzando-cuchillos","9":"product_tag-b2b-es","11":"first","12":"outofstock","13":"taxable","14":"shipping-taxable","15":"purchasable","16":"product-type-simple"},"brands":[{"id":3848,"name":"SOG","slug":"sog-es"}],"_links":{"self":[{"href":"https:\/\/www.moskito.cz\/es\/wp-json\/wp\/v2\/product\/336691","targetHints":{"allow":["GET"]}}],"collection":[{"href":"https:\/\/www.moskito.cz\/es\/wp-json\/wp\/v2\/product"}],"about":[{"href":"https:\/\/www.moskito.cz\/es\/wp-json\/wp\/v2\/types\/product"}],"replies":[{"embeddable":true,"href":"https:\/\/www.moskito.cz\/es\/wp-json\/wp\/v2\/comments?post=336691"}],"wp:featuredmedia":[{"embeddable":true,"href":"https:\/\/www.moskito.cz\/es\/wp-json\/wp\/v2\/media\/336693"}],"wp:attachment":[{"href":"https:\/\/www.moskito.cz\/es\/wp-json\/wp\/v2\/media?parent=336691"}],"wp:term":[{"taxonomy":"pwb-brand","embeddable":true,"href":"https:\/\/www.moskito.cz\/es\/wp-json\/wp\/v2\/pwb-brand?post=336691"},{"taxonomy":"product_brand","embeddable":true,"href":"https:\/\/www.moskito.cz\/es\/wp-json\/wp\/v2\/product_brand?post=336691"},{"taxonomy":"product_cat","embeddable":true,"href":"https:\/\/www.moskito.cz\/es\/wp-json\/wp\/v2\/product_cat?post=336691"},{"taxonomy":"product_tag","embeddable":true,"href":"https:\/\/www.moskito.cz\/es\/wp-json\/wp\/v2\/product_tag?post=336691"}],"curies":[{"name":"wp","href":"https:\/\/api.w.org\/{rel}","templated":true}]}}