{"id":336717,"date":"2022-11-05T21:07:41","date_gmt":"2022-11-05T20:07:41","guid":{"rendered":"https:\/\/www.moskito.cz\/produkt\/cuchillo-macizo-cold-steel-hoja-razor-tek-de-5mm-de-grosor\/"},"modified":"2024-04-23T12:21:32","modified_gmt":"2024-04-23T11:21:32","slug":"cuchillo-macizo-cold-steel-hoja-razor-tek-de-5mm-de-grosor","status":"publish","type":"product","link":"https:\/\/www.moskito.cz\/es\/produkt\/cuchillo-macizo-cold-steel-hoja-razor-tek-de-5mm-de-grosor\/","title":{"rendered":"Cuchillo Macizo Cold Steel HOJA RAZOR TEK DE 5MM DE GROSOR"},"content":{"rendered":"<p>Navaja Maciza <strong>Cold Steel<\/strong> HOJA RAZOR TEK DE 5MM DE GROSOR.<\/p>\n<p>El m\u00e1s grande de la serie Razor Tek cuenta con una hoja curva de 6,5\u201d y 5 mm de espesor. Este cuchillo destaca en empresas m\u00e1s grandes. La hoja curva y el vientre delantero lo convierten en un gran helic\u00f3ptero. Con un mango ergon\u00f3mico y texturizado, tienes una hoja que se adapta a tu pr\u00f3ximo viaje a la naturaleza. Esta espada te llevar\u00e1 de ida y vuelta. Incluye estuche Secure-Ex<\/p>\n<p>PARAMETROS DEL PRODUCTO<br \/>\nColor: Negro\/Plata<br \/>\nTama\u00f1o total: 295 mm<br \/>\nPeso: 331 gramos<br \/>\nMaterial del mango: GFN<br \/>\nLongitud del mango: 130 mm<br \/>\nAcero: 4116SS<br \/>\nGrosor de la hoja: 4,6 mm<br \/>\nLongitud de la hoja: 165 mm<\/p>\n","protected":false},"excerpt":{"rendered":"<p><strong>Un cuchillo grande con filo liso y una longitud de hoja de 165 mm. El cuchillo viene con una funda Secure-Ex.<\/strong><\/p>\n","protected":false},"featured_media":336718,"comment_status":"open","ping_status":"closed","template":"","meta":[],"pwb-brand":[3790],"product_brand":[],"product_cat":[3727,3726],"product_tag":[3756],"class_list":{"0":"post-336717","1":"product","2":"type-product","3":"status-publish","4":"has-post-thumbnail","6":"pwb-brand-arma-blanca","7":"product_cat-cuchillos-macizos","8":"product_cat-cuchillos","9":"product_tag-b2b-es","11":"first","12":"instock","13":"taxable","14":"shipping-taxable","15":"purchasable","16":"product-type-simple"},"brands":[{"id":3790,"name":"Arma blanca","slug":"arma-blanca"}],"_links":{"self":[{"href":"https:\/\/www.moskito.cz\/es\/wp-json\/wp\/v2\/product\/336717","targetHints":{"allow":["GET"]}}],"collection":[{"href":"https:\/\/www.moskito.cz\/es\/wp-json\/wp\/v2\/product"}],"about":[{"href":"https:\/\/www.moskito.cz\/es\/wp-json\/wp\/v2\/types\/product"}],"replies":[{"embeddable":true,"href":"https:\/\/www.moskito.cz\/es\/wp-json\/wp\/v2\/comments?post=336717"}],"wp:featuredmedia":[{"embeddable":true,"href":"https:\/\/www.moskito.cz\/es\/wp-json\/wp\/v2\/media\/336718"}],"wp:attachment":[{"href":"https:\/\/www.moskito.cz\/es\/wp-json\/wp\/v2\/media?parent=336717"}],"wp:term":[{"taxonomy":"pwb-brand","embeddable":true,"href":"https:\/\/www.moskito.cz\/es\/wp-json\/wp\/v2\/pwb-brand?post=336717"},{"taxonomy":"product_brand","embeddable":true,"href":"https:\/\/www.moskito.cz\/es\/wp-json\/wp\/v2\/product_brand?post=336717"},{"taxonomy":"product_cat","embeddable":true,"href":"https:\/\/www.moskito.cz\/es\/wp-json\/wp\/v2\/product_cat?post=336717"},{"taxonomy":"product_tag","embeddable":true,"href":"https:\/\/www.moskito.cz\/es\/wp-json\/wp\/v2\/product_tag?post=336717"}],"curies":[{"name":"wp","href":"https:\/\/api.w.org\/{rel}","templated":true}]}}