{"id":336729,"date":"2023-03-25T20:30:30","date_gmt":"2024-04-23T11:24:36","guid":{"rendered":"https:\/\/www.moskito.cz\/produkt\/navaja-plegable-cold-steel-talwar-5-5-filo-dendado-completo-s35vn\/"},"modified":"2025-05-07T11:13:25","modified_gmt":"2025-05-07T10:13:25","slug":"navaja-plegable-cold-steel-talwar-5-5-filo-dendado-completo-s35vn","status":"publish","type":"product","link":"https:\/\/www.moskito.cz\/es\/produkt\/navaja-plegable-cold-steel-talwar-5-5-filo-dendado-completo-s35vn\/","title":{"rendered":"Navaja plegable Cold Steel TALWAR 5.5&#8243; FILO DENDADO COMPLETO S35VN"},"content":{"rendered":"<p>Navaja plegable <strong>Cold Steel<\/strong> TALWAR 5.5&#8243; FILO DENDADO COMPLETO S35VN<\/p>\n<p>\u00abSi me has visto hacer demostraciones de corte, sin duda me has visto usar una gran 5\u00bd\u00bb Talwar. \u00bfPor qu\u00e9? Porque su hoja es extra ancha, con una fina secci\u00f3n transversal en forma de V y una punta hacia arriba. Todas estas caracter\u00edsticas se suman para convertirla en una de las mejores navajas plegables de alto rendimiento del mundo. No ver\u00e1 a nuestros competidores duplicar el rendimiento de corte del Talwar de 5 1\/2\u201d por una raz\u00f3n: \u00a1no pueden! Vendido con un mango G-10 s\u00faper fuerte y un mecanismo de bloqueo Tri-AD inigualable, nuestro gran Talwar es una belleza si desea un gran rendimiento de una navaja plegable. \u00bb &#8211; Lynn Thompson<\/p>\n<p>Descripci\u00f3n:<br \/>\nMaterial de la hoja: CPM-S35VN<br \/>\nMaterial del mango: G-10<br \/>\nSeguridad: bloqueo Tri-Ad<br \/>\nLongitud de la hoja: 14 cm<br \/>\nLongitud total: 32,7 cm<br \/>\nLongitud del cuchillo plegado: 18,7 cm<br \/>\nGrosor de la hoja: 3,8 mm<br \/>\nPeso: 244 gramos<br \/>\nTipo de hoja: punto de salida<\/p>\n","protected":false},"excerpt":{"rendered":"<p>Talwar es una navaja plegable con hoja dentada o lisa. Tiene un caracter\u00edstico borde curvado hacia la parte posterior de la hoja. Su forma no desmiente en modo alguno a su original, la espada india del mismo nombre.<\/p>\n","protected":false},"featured_media":336730,"comment_status":"open","ping_status":"closed","template":"","meta":[],"pwb-brand":[3790],"product_brand":[],"product_cat":[3730,3726],"product_tag":[3756],"class_list":{"0":"post-336729","1":"product","2":"type-product","3":"status-publish","4":"has-post-thumbnail","6":"pwb-brand-arma-blanca","7":"product_cat-cuchillas-de-cierre","8":"product_cat-cuchillos","9":"product_tag-b2b-es","11":"first","12":"instock","13":"taxable","14":"shipping-taxable","15":"purchasable","16":"product-type-simple"},"brands":[{"id":3790,"name":"Arma blanca","slug":"arma-blanca"}],"_links":{"self":[{"href":"https:\/\/www.moskito.cz\/es\/wp-json\/wp\/v2\/product\/336729","targetHints":{"allow":["GET"]}}],"collection":[{"href":"https:\/\/www.moskito.cz\/es\/wp-json\/wp\/v2\/product"}],"about":[{"href":"https:\/\/www.moskito.cz\/es\/wp-json\/wp\/v2\/types\/product"}],"replies":[{"embeddable":true,"href":"https:\/\/www.moskito.cz\/es\/wp-json\/wp\/v2\/comments?post=336729"}],"wp:featuredmedia":[{"embeddable":true,"href":"https:\/\/www.moskito.cz\/es\/wp-json\/wp\/v2\/media\/336730"}],"wp:attachment":[{"href":"https:\/\/www.moskito.cz\/es\/wp-json\/wp\/v2\/media?parent=336729"}],"wp:term":[{"taxonomy":"pwb-brand","embeddable":true,"href":"https:\/\/www.moskito.cz\/es\/wp-json\/wp\/v2\/pwb-brand?post=336729"},{"taxonomy":"product_brand","embeddable":true,"href":"https:\/\/www.moskito.cz\/es\/wp-json\/wp\/v2\/product_brand?post=336729"},{"taxonomy":"product_cat","embeddable":true,"href":"https:\/\/www.moskito.cz\/es\/wp-json\/wp\/v2\/product_cat?post=336729"},{"taxonomy":"product_tag","embeddable":true,"href":"https:\/\/www.moskito.cz\/es\/wp-json\/wp\/v2\/product_tag?post=336729"}],"curies":[{"name":"wp","href":"https:\/\/api.w.org\/{rel}","templated":true}]}}