{"id":336736,"date":"2019-06-01T08:44:46","date_gmt":"2024-04-23T11:59:13","guid":{"rendered":"https:\/\/www.moskito.cz\/produkt\/baston-telescopico-40cm-16-sin-templar-plata\/"},"modified":"2025-07-11T07:49:01","modified_gmt":"2025-07-11T06:49:01","slug":"baston-telescopico-40cm-16-sin-templar-plata","status":"publish","type":"product","link":"https:\/\/www.moskito.cz\/es\/produkt\/baston-telescopico-40cm-16-sin-templar-plata\/","title":{"rendered":"Bast\u00f3n telesc\u00f3pico 40cm\/16&#8243; sin templar PLATA"},"content":{"rendered":"<p>Bast\u00f3n telesc\u00f3pico 40cm\/16&#8243; PLATA sin endurecer.<\/p>\n<p>Bast\u00f3n telesc\u00f3pico plegable para defensa. Tambi\u00e9n se puede llevar en un bolso de mano. Un conjunto de deslizamiento. Construcci\u00f3n y estuche s\u00f3lidos.<\/p>\n","protected":false},"excerpt":{"rendered":"<p>Bast\u00f3n telesc\u00f3pico ExB-16 est\u00e1ndar sin templar<\/p>\n","protected":false},"featured_media":180007,"comment_status":"open","ping_status":"closed","template":"","meta":[],"pwb-brand":[3878],"product_brand":[],"product_cat":[3851],"product_tag":[],"class_list":{"0":"post-336736","1":"product","2":"type-product","3":"status-publish","4":"has-post-thumbnail","6":"pwb-brand-especialmente","7":"product_cat-bastones-telescopicos","9":"first","10":"onbackorder","11":"taxable","12":"shipping-taxable","13":"purchasable","14":"product-type-simple"},"brands":[{"id":3878,"name":"especialmente","slug":"especialmente"}],"_links":{"self":[{"href":"https:\/\/www.moskito.cz\/es\/wp-json\/wp\/v2\/product\/336736","targetHints":{"allow":["GET"]}}],"collection":[{"href":"https:\/\/www.moskito.cz\/es\/wp-json\/wp\/v2\/product"}],"about":[{"href":"https:\/\/www.moskito.cz\/es\/wp-json\/wp\/v2\/types\/product"}],"replies":[{"embeddable":true,"href":"https:\/\/www.moskito.cz\/es\/wp-json\/wp\/v2\/comments?post=336736"}],"wp:featuredmedia":[{"embeddable":true,"href":"https:\/\/www.moskito.cz\/es\/wp-json\/wp\/v2\/media\/180007"}],"wp:attachment":[{"href":"https:\/\/www.moskito.cz\/es\/wp-json\/wp\/v2\/media?parent=336736"}],"wp:term":[{"taxonomy":"pwb-brand","embeddable":true,"href":"https:\/\/www.moskito.cz\/es\/wp-json\/wp\/v2\/pwb-brand?post=336736"},{"taxonomy":"product_brand","embeddable":true,"href":"https:\/\/www.moskito.cz\/es\/wp-json\/wp\/v2\/product_brand?post=336736"},{"taxonomy":"product_cat","embeddable":true,"href":"https:\/\/www.moskito.cz\/es\/wp-json\/wp\/v2\/product_cat?post=336736"},{"taxonomy":"product_tag","embeddable":true,"href":"https:\/\/www.moskito.cz\/es\/wp-json\/wp\/v2\/product_tag?post=336736"}],"curies":[{"name":"wp","href":"https:\/\/api.w.org\/{rel}","templated":true}]}}