{"id":336800,"date":"2022-11-23T18:49:24","date_gmt":"2024-04-23T12:12:33","guid":{"rendered":"https:\/\/www.moskito.cz\/produkt\/cuchillo-plegable-sog-stout-flk-blackout\/"},"modified":"2025-05-07T11:13:27","modified_gmt":"2025-05-07T10:13:27","slug":"cuchillo-plegable-sog-stout-flk-blackout","status":"publish","type":"product","link":"https:\/\/www.moskito.cz\/es\/produkt\/cuchillo-plegable-sog-stout-flk-blackout\/","title":{"rendered":"Cuchillo plegable SOG STOUT FLK BLACKOUT"},"content":{"rendered":"<p>Navaja plegable <strong>SOG<\/strong> STOUT FLK BLACKOUT.<\/p>\n<p>COLABORACI\u00d3N DE DISE\u00d1O<br \/>\nEl dise\u00f1ador de cuchillos dan\u00e9s Mikkel Willumsen y el fundador de SOG, Spencer Frazer, se han unido para crear esta audaz belleza cotidiana.<\/p>\n<p>COMPACTO PERO CAPAZ<br \/>\nNo dejes que el tama\u00f1o m\u00e1s peque\u00f1o te enga\u00f1e. Este es un cuchillo s\u00f3lido que puedes sacar con confianza de tu bolsillo para enfrentar todos los desaf\u00edos del d\u00eda.<\/p>\n<p>CORTO Y APRETADO<br \/>\nEl Stout FLK, un componente del marco de bloqueo de hoja corta, abre su hoja de acero D2 de 2,62 pulgadas tratada t\u00e9rmicamente criog\u00e9nicamente. El robusto mango de acero inoxidable G10 garantiza la durabilidad de este cuchillo colaborativo para el uso diario.<\/p>\n<p>ACERO CRIO D2<br \/>\nUn acero para herramientas vers\u00e1til con alto contenido de carbono que recibe un tratamiento t\u00e9rmico criog\u00e9nico seg\u00fan las especificaciones de rendimiento \u00fanicas de SOG. D2 proporciona la combinaci\u00f3n ideal de retenci\u00f3n de bordes y durabilidad para uso a largo plazo.<\/p>\n<p>G10 Y MANGO DE ACERO<br \/>\nDurable y robusto, supera con creces las exigencias del transporte diario de cuchillos.<\/p>\n<p>APERTURA R\u00c1PIDA<br \/>\nSimplemente patea y este cuchillo se abrir\u00e1 de golpe.<\/p>\n<p>LARGO DE LA HOJA: 6,55 cm<br \/>\nLARGO TOTAL: 16 cm<br \/>\nPESO DEL PRODUCTO: 4.09 oz<br \/>\nGROSOR DE LA HOJA: 0,37 cm<br \/>\nTIPO DE PRODUCTO: Navaja plegable<br \/>\nMECANISMO DE BLOQUEO: Bloqueo del marco<br \/>\nMECANISMO DE APERTURA: Patada, Orificio para el pulgar<br \/>\nCLIP PARA CINTUR\u00d3N: Clip para cintur\u00f3n reversible<br \/>\nTIPO DE BORDE: Recto<br \/>\nACERO TIPO DE HOJA: CRYO D2<br \/>\nDUREZA: Rc. 58-60<br \/>\nMATERIAL DEL MANGO: G10<\/p>\n","protected":false},"excerpt":{"rendered":"<p>Una navaja plegable compacta para llevar todos los d\u00edas con una hoja de 2,62 pulgadas hecha de acero CRYO D2 confiable, la Stout FLK es una navaja de bolsillo con un marco de bloqueo de apertura r\u00e1pida. Con un mango robusto G10 y acero inoxidable, el Stout FLK es el resultado de una colaboraci\u00f3n entre el dise\u00f1ador de cuchillos Mikkel Willumsen y el fundador de SOG, Spencer Frazer.<\/p>\n","protected":false},"featured_media":336801,"comment_status":"open","ping_status":"closed","template":"","meta":[],"pwb-brand":[3848],"product_brand":[],"product_cat":[3730,3726],"product_tag":[3756],"class_list":{"0":"post-336800","1":"product","2":"type-product","3":"status-publish","4":"has-post-thumbnail","6":"pwb-brand-sog-es","7":"product_cat-cuchillas-de-cierre","8":"product_cat-cuchillos","9":"product_tag-b2b-es","11":"first","12":"instock","13":"taxable","14":"shipping-taxable","15":"purchasable","16":"product-type-simple"},"brands":[{"id":3848,"name":"SOG","slug":"sog-es"}],"_links":{"self":[{"href":"https:\/\/www.moskito.cz\/es\/wp-json\/wp\/v2\/product\/336800","targetHints":{"allow":["GET"]}}],"collection":[{"href":"https:\/\/www.moskito.cz\/es\/wp-json\/wp\/v2\/product"}],"about":[{"href":"https:\/\/www.moskito.cz\/es\/wp-json\/wp\/v2\/types\/product"}],"replies":[{"embeddable":true,"href":"https:\/\/www.moskito.cz\/es\/wp-json\/wp\/v2\/comments?post=336800"}],"wp:featuredmedia":[{"embeddable":true,"href":"https:\/\/www.moskito.cz\/es\/wp-json\/wp\/v2\/media\/336801"}],"wp:attachment":[{"href":"https:\/\/www.moskito.cz\/es\/wp-json\/wp\/v2\/media?parent=336800"}],"wp:term":[{"taxonomy":"pwb-brand","embeddable":true,"href":"https:\/\/www.moskito.cz\/es\/wp-json\/wp\/v2\/pwb-brand?post=336800"},{"taxonomy":"product_brand","embeddable":true,"href":"https:\/\/www.moskito.cz\/es\/wp-json\/wp\/v2\/product_brand?post=336800"},{"taxonomy":"product_cat","embeddable":true,"href":"https:\/\/www.moskito.cz\/es\/wp-json\/wp\/v2\/product_cat?post=336800"},{"taxonomy":"product_tag","embeddable":true,"href":"https:\/\/www.moskito.cz\/es\/wp-json\/wp\/v2\/product_tag?post=336800"}],"curies":[{"name":"wp","href":"https:\/\/api.w.org\/{rel}","templated":true}]}}