{"id":336865,"date":"2022-01-05T21:50:55","date_gmt":"2024-04-23T12:34:53","guid":{"rendered":"https:\/\/www.moskito.cz\/produkt\/sog-fasthawk-hacha-pulida\/"},"modified":"2025-05-07T11:13:29","modified_gmt":"2025-05-07T10:13:29","slug":"sog-fasthawk-hacha-pulida","status":"publish","type":"product","link":"https:\/\/www.moskito.cz\/es\/produkt\/sog-fasthawk-hacha-pulida\/","title":{"rendered":"SOG FastHawk Hacha pulida"},"content":{"rendered":"<p>El SOG FastHawk es m\u00e1s r\u00e1pido, m\u00e1s ligero, m\u00e1s maniobrable y m\u00e1s f\u00e1cil de transportar que su hermano t\u00e1ctico Tomahawk. Eso no significa que no siga siendo potente, vers\u00e1til y funcional. Es una herramienta que se utilizar\u00e1 mucho m\u00e1s de lo que cabr\u00eda esperar. Cortar, romper, cortar, martillar, perforar, patear, hacer palanca, golpear, afeitar, abrir y lanzar son todas habilidades que est\u00e1n al alcance del FastHawk. El cabezal de acero inoxidable 420 con revestimiento r\u00edgido negro est\u00e1 sujeto al mango de pol\u00edmero bal\u00edstico con tornillos de alta resistencia y una funda de acero para garantizar la mayor integridad. El tablero de ajedrez del martillo lateral garantiza una colocaci\u00f3n precisa al balancear. Se lleva en una funda de nailon que se puede sujetar a un cintur\u00f3n, mochila o equipo. Es una herramienta universal para el hombre moderno.<\/p>\n<p>Hacha pulida <strong>SOG<\/strong> FastHawk.<\/p>\n<p>LARGO TOTAL: 31 cm<br \/>\nPESO DEL PRODUCTO: 19.00 oz<br \/>\nLARGO DE LA HOJA: 5 cm<br \/>\nACABADOS: Pulido<br \/>\nDUREZA: Rc. 51-53<br \/>\nTIPO DE ACERO DE LA HOJA: Inoxidable 420<br \/>\nMATERIAL DEL MANGO: Nylon reforzado con vidrio<br \/>\nCOLOR DEL MANGO: Negro<br \/>\nESTUCHE INCLUIDO: S\u00ed<br \/>\nCOLOR DE LA HOJA: Negro<br \/>\nMATERIAL DE LA HOJA: Nailon bal\u00edstico<\/p>\n","protected":false},"excerpt":{"rendered":"<p><strong>IDEAL PARA CAZA Y CAMPING<\/strong><\/p>\n<p>Ya sea que est\u00e9s protegiendo a otros o liderando una expedici\u00f3n de caza \u00e9pica, afrontando uno de los desaf\u00edos cotidianos de la vida o afrontando las condiciones m\u00e1s extremas hasta el momento, sigue tu camino con <strong>SOG<\/strong> .<\/p>\n<p><strong>\u00a1Ofrecemos una garant\u00eda de por vida en todos los cuchillos SOG!<\/strong><\/p>\n","protected":false},"featured_media":336866,"comment_status":"open","ping_status":"closed","template":"","meta":[],"pwb-brand":[3848],"product_brand":[],"product_cat":[3732],"product_tag":[3756],"class_list":{"0":"post-336865","1":"product","2":"type-product","3":"status-publish","4":"has-post-thumbnail","6":"pwb-brand-sog-es","7":"product_cat-ejes","8":"product_tag-b2b-es","10":"first","11":"outofstock","12":"sale","13":"taxable","14":"shipping-taxable","15":"purchasable","16":"product-type-simple"},"brands":[{"id":3848,"name":"SOG","slug":"sog-es"}],"_links":{"self":[{"href":"https:\/\/www.moskito.cz\/es\/wp-json\/wp\/v2\/product\/336865","targetHints":{"allow":["GET"]}}],"collection":[{"href":"https:\/\/www.moskito.cz\/es\/wp-json\/wp\/v2\/product"}],"about":[{"href":"https:\/\/www.moskito.cz\/es\/wp-json\/wp\/v2\/types\/product"}],"replies":[{"embeddable":true,"href":"https:\/\/www.moskito.cz\/es\/wp-json\/wp\/v2\/comments?post=336865"}],"wp:featuredmedia":[{"embeddable":true,"href":"https:\/\/www.moskito.cz\/es\/wp-json\/wp\/v2\/media\/336866"}],"wp:attachment":[{"href":"https:\/\/www.moskito.cz\/es\/wp-json\/wp\/v2\/media?parent=336865"}],"wp:term":[{"taxonomy":"pwb-brand","embeddable":true,"href":"https:\/\/www.moskito.cz\/es\/wp-json\/wp\/v2\/pwb-brand?post=336865"},{"taxonomy":"product_brand","embeddable":true,"href":"https:\/\/www.moskito.cz\/es\/wp-json\/wp\/v2\/product_brand?post=336865"},{"taxonomy":"product_cat","embeddable":true,"href":"https:\/\/www.moskito.cz\/es\/wp-json\/wp\/v2\/product_cat?post=336865"},{"taxonomy":"product_tag","embeddable":true,"href":"https:\/\/www.moskito.cz\/es\/wp-json\/wp\/v2\/product_tag?post=336865"}],"curies":[{"name":"wp","href":"https:\/\/api.w.org\/{rel}","templated":true}]}}