{"id":336875,"date":"2021-10-19T19:43:43","date_gmt":"2024-04-23T12:36:12","guid":{"rendered":"https:\/\/www.moskito.cz\/produkt\/sog-tomahawk-tactico\/"},"modified":"2025-05-07T11:13:29","modified_gmt":"2025-05-07T10:13:29","slug":"sog-tomahawk-tactico","status":"publish","type":"product","link":"https:\/\/www.moskito.cz\/es\/produkt\/sog-tomahawk-tactico\/","title":{"rendered":"SOG TOMAHAWK T\u00c1CTICO"},"content":{"rendered":"<p>Nuestra historia comienza en Vietnam, donde los miembros de la fuerza de operaciones especiales ultrasecreta de Estados Unidos, conocida como MACV &#8211; <strong>SOG<\/strong> , llevaron un cuchillo secreto \u00fanico a la jungla en misiones encubiertas. Unos a\u00f1os m\u00e1s tarde, en 1986, este cuchillo inspir\u00f3 a un joven dise\u00f1ador llamado Spencer Frazer a fundar <strong>SOG<\/strong> Specialty Knives. Su misi\u00f3n: reproducir el cuchillo <strong>SOG<\/strong> Bowie original y rendir homenaje a la unidad de operaciones especiales que lo cre\u00f3. Lo que comenz\u00f3 como un \u00fanico modelo conmemorativo pronto se convirti\u00f3 en toda una l\u00ednea de herramientas innovadoras, probadas por las Fuerzas Especiales de EE. UU., incluso premiadas como el cuchillo preferido de los Navy SEAL. Hoy en d\u00eda, los cuchillos SOG se usan con confianza en las situaciones m\u00e1s exigentes. Forjado a partir de la tradici\u00f3n, endurecido en el campo, archivado para ti.<\/p>\n<p>Ya sea que est\u00e9s protegiendo a otros o liderando una expedici\u00f3n de caza \u00e9pica, afrontando uno de los desaf\u00edos cotidianos de la vida o afrontando las condiciones m\u00e1s extremas hasta el momento, sigue tu camino con <strong>SOG<\/strong> .<\/p>\n<p><strong>SOG<\/strong> TOMAHAWK T\u00c1CTICO.<\/p>\n<p>El Tomahawk t\u00e1ctico se basa en el tomahawk vietnamita y es una evoluci\u00f3n extrema del original, que se consideraba una de las armas m\u00e1s inusuales de su \u00e9poca. Hoy en d\u00eda existe una necesidad real de una herramienta universal para operaciones de rotura, excavaci\u00f3n, eliminaci\u00f3n de obstrucciones, extracci\u00f3n y otras aplicaciones auxiliares. El cabezal de acero inoxidable Hardcased 420 est\u00e1 sujeto al mango de nailon reforzado con fibra de vidrio con tornillos resistentes y collares de acero para mayor estabilidad. El martillo lateral garantiza un posicionamiento preciso al golpear. Llevado en un estuche de nailon, es una herramienta vers\u00e1til para el hombre moderno.<\/p>\n<p><strong>Una excelente herramienta te llevar\u00e1 de la misi\u00f3n a la fogata.<\/strong><br \/>\nTomahawk de 15,75&#8243; con cabeza de acero inoxidable 420 con revestimiento duro montada sobre un mango de nailon reforzado con fibra de vidrio con tornillos s\u00f3lidos y una funda de acero para mayor estabilidad. El control lateral del martillo garantiza un posicionamiento preciso al martillar. Llevado en un estuche de nailon.<\/p>\n<p><strong>CABEZA DE ACERO INOXIDABLE 420<\/strong><br \/>\nDurable, mantiene su filo, excelente resistencia a la corrosi\u00f3n&#8230; \u00bfqu\u00e9 m\u00e1s se puede pedir?<\/p>\n<p><strong>DURO COMO UN CLAVO<\/strong><br \/>\nLa cabeza est\u00e1 fijada al mango resistente con tornillos de alta resistencia y una funda de acero.<\/p>\n<p><strong>MARTILLO LATERAL<\/strong><br \/>\nGarantiza un posicionamiento preciso al golpear.<\/p>\n<p>LARGO TOTAL: 40 cm<br \/>\nPESO DEL PRODUCTO : 24.00 oz<br \/>\nLONGITUD DE LA HOJA: 7 cm<br \/>\nACABADOS : Negro<br \/>\nDUREZA : RC 51-53<br \/>\nTIPO DE HOJA DE ACERO: acero inoxidable 420<br \/>\nTIPO DE BORDE : Recto<br \/>\nMATERIAL DEL MANGO: Nylon reforzado con vidrio<br \/>\nCOLOR DEL MANGO: Negro<br \/>\nFUNDA INCLUIDA : S\u00ed<br \/>\nCOLOR DE LA HOJA: Negro<br \/>\nMATERIAL DE LA HOJA: Nailon bal\u00edstico<\/p>\n<p>Basado en el Vietnam Tomahawk, el Tomahawk t\u00e1ctico es una evoluci\u00f3n extrema del original que se consideraba una de las armas m\u00e1s inusuales de su \u00e9poca. Hoy en d\u00eda existe una necesidad real de una herramienta vers\u00e1til para operaciones de apertura de brechas, excavaci\u00f3n, eliminaci\u00f3n de obst\u00e1culos, extracci\u00f3n y otras aplicaciones de servicios p\u00fablicos. El cabezal de acero inoxidable 420 con revestimiento Hardcased est\u00e1 montado en el mango de nailon reforzado con fibra de vidrio con pernos de alta resistencia y una virola de acero para mayor estabilidad. El control del martillo lateral garantiza una colocaci\u00f3n precisa al golpear. Llevada en una funda de nailon, es una herramienta universal para el hombre moderno.<\/p>\n<p>Excelente herramienta te lleva de la misi\u00f3n a la fogata.<br \/>\nUn tomahawk de 15,75&#8243; con una cabeza de acero inoxidable 420 con revestimiento r\u00edgido montado en un mango de nailon reforzado con fibra de vidrio con pernos de alta resistencia y una virola de acero para mayor estabilidad. El control del martillo lateral garantiza una colocaci\u00f3n precisa al golpear. Llevado en una funda de nailon.<\/p>\n<p>LONGITUD TOTAL<br \/>\n15,75&#8243;<br \/>\nPESO DEL PRODUCTO<br \/>\n24.00 onzas<br \/>\nLONGITUD DE LA HOJA<br \/>\n2,75&#8243;<br \/>\nUPC<br \/>\n7-29857-99485-9<br \/>\nES PREVENTA<br \/>\nEN<br \/>\nFECHA DE PREVENTA<br \/>\nEN<br \/>\nTIPO DE PRODUCTO<br \/>\nHacha<br \/>\nFINALIZAR<br \/>\nNegro<br \/>\nEMBALAJE<br \/>\nPaquete de medicamentos<br \/>\nPA\u00cdS DE ORIGEN<br \/>\nPorcelana<br \/>\nGRABABLE<br \/>\nS\u00ed<br \/>\nDUREZA<br \/>\nRC. 51-53<br \/>\nTIPO DE ACERO DE LA HOJA<br \/>\n420 inoxidable<br \/>\nTIPO DE BORDE<br \/>\nDerecho<br \/>\nMATERIAL DEL MANGO<br \/>\nNailon reforzado con vidrio<br \/>\nCOLOR DEL MANGO<br \/>\nNegro<br \/>\nFUNDA INCLUIDA<br \/>\nS\u00ed<br \/>\nCOLOR DE LA FUNDA<br \/>\nNegro<br \/>\nMATERIAL DE LA FUNDA<br \/>\nNailon bal\u00edstico<br \/>\nTIPO DE FIJACI\u00d3N DE LA FUNDA<br \/>\nHebilla de cintur\u00f3n<br \/>\nTIPO DE CIERRE DE FUNDA<br \/>\nQuebrar<\/p>\n","protected":false},"excerpt":{"rendered":"<p>Ya sea que est\u00e9s protegiendo a otros o liderando una expedici\u00f3n de caza \u00e9pica, afrontando uno de los desaf\u00edos cotidianos de la vida o afrontando las condiciones m\u00e1s extremas hasta el momento, sigue tu camino con <strong>SOG<\/strong> .<\/p>\n<p><strong>\u00a1Ofrecemos una garant\u00eda de por vida en todos los cuchillos SOG!<\/strong><\/p>\n","protected":false},"featured_media":336876,"comment_status":"open","ping_status":"closed","template":"","meta":[],"pwb-brand":[3848],"product_brand":[],"product_cat":[3732],"product_tag":[3756],"class_list":{"0":"post-336875","1":"product","2":"type-product","3":"status-publish","4":"has-post-thumbnail","6":"pwb-brand-sog-es","7":"product_cat-ejes","8":"product_tag-b2b-es","10":"first","11":"instock","12":"taxable","13":"shipping-taxable","14":"purchasable","15":"product-type-simple"},"brands":[{"id":3848,"name":"SOG","slug":"sog-es"}],"_links":{"self":[{"href":"https:\/\/www.moskito.cz\/es\/wp-json\/wp\/v2\/product\/336875","targetHints":{"allow":["GET"]}}],"collection":[{"href":"https:\/\/www.moskito.cz\/es\/wp-json\/wp\/v2\/product"}],"about":[{"href":"https:\/\/www.moskito.cz\/es\/wp-json\/wp\/v2\/types\/product"}],"replies":[{"embeddable":true,"href":"https:\/\/www.moskito.cz\/es\/wp-json\/wp\/v2\/comments?post=336875"}],"wp:featuredmedia":[{"embeddable":true,"href":"https:\/\/www.moskito.cz\/es\/wp-json\/wp\/v2\/media\/336876"}],"wp:attachment":[{"href":"https:\/\/www.moskito.cz\/es\/wp-json\/wp\/v2\/media?parent=336875"}],"wp:term":[{"taxonomy":"pwb-brand","embeddable":true,"href":"https:\/\/www.moskito.cz\/es\/wp-json\/wp\/v2\/pwb-brand?post=336875"},{"taxonomy":"product_brand","embeddable":true,"href":"https:\/\/www.moskito.cz\/es\/wp-json\/wp\/v2\/product_brand?post=336875"},{"taxonomy":"product_cat","embeddable":true,"href":"https:\/\/www.moskito.cz\/es\/wp-json\/wp\/v2\/product_cat?post=336875"},{"taxonomy":"product_tag","embeddable":true,"href":"https:\/\/www.moskito.cz\/es\/wp-json\/wp\/v2\/product_tag?post=336875"}],"curies":[{"name":"wp","href":"https:\/\/api.w.org\/{rel}","templated":true}]}}