{"id":336945,"date":"2024-04-23T14:05:01","date_gmt":"2024-04-23T13:11:29","guid":{"rendered":"https:\/\/www.moskito.cz\/produkt\/cuchillo-de-cierre-microtech-anfibio-lavado-a-la-piedra-137rl-11fl\/"},"modified":"2025-05-07T11:13:31","modified_gmt":"2025-05-07T10:13:31","slug":"cuchillo-de-cierre-microtech-anfibio-lavado-a-la-piedra-137rl-11fl","status":"publish","type":"product","link":"https:\/\/www.moskito.cz\/es\/produkt\/cuchillo-de-cierre-microtech-anfibio-lavado-a-la-piedra-137rl-11fl\/","title":{"rendered":"Cuchillo de Cierre Microtech Anfibio Lavado a la Piedra 137RL-11FL"},"content":{"rendered":"<p>Cuchillo de Cierre <strong>Microtech<\/strong> Anfibio Lavado a la Piedra 137RL-11FL.<\/p>\n<p><strong>Amphibian<\/strong> es un verdadero cl\u00e1sico de Marfione que se remonta a m\u00e1s de 20 a\u00f1os. Es de los viejos tiempos cuando <strong>Microtech<\/strong> <strong>Knives<\/strong> pod\u00eda ser autom\u00e1tico y manual&#8230; en uno. Lo que tenemos aqu\u00ed es una versi\u00f3n manual que incorpora el dise\u00f1o RAM-LOK de Tony con un clip de bolsillo ambidiestro y dos pasadores para el pulgar para un cuchillo totalmente ambidiestro que no sacrifica nada de ninguna manera. Cuenta con la hoja de acero patentada Bohler M390MK disponible solo en Microtech Knives. El cuchillo es similar al modelo MSI Microtech Standard en t\u00e9rminos de tama\u00f1o, pero en t\u00e9rminos de estilo no hay comparaci\u00f3n. \u00a1El Amphibian es uno de los dise\u00f1os de cuchillos t\u00e1cticos m\u00e1s geniales de todos los tiempos y nos alegra que est\u00e9 de regreso y disponible para las masas!<br \/>\nEspecificaciones:<\/p>\n<p>Longitud de la hoja: <span id=\"cwos\" class=\"qv3Wpe\">9,67<\/span> cm<br \/>\nLongitud cerrada: 5.375&#8243;<br \/>\nLongitud total: <span id=\"cwos\" class=\"qv3Wpe\">13,42<\/span> cm.<br \/>\nAcero de la hoja: acero inoxidable Bohler M390MK<br \/>\nEstilo de hoja: Punta de clip<br \/>\nRectificado de cuchillas: hueca<br \/>\nTratamiento superficial de la hoja: Stonewash<br \/>\nMaterial del mango: Aleaci\u00f3n dentada 7075-T6 de grado artiller\u00eda, revestimiento duro negro Mil-Spec<br \/>\nMecanismo de bloqueo: RAM-LOK<br \/>\nClip de bolsillo: Titanio (plegable, uso izquierdo\/derecho)<br \/>\nPeso: 6,49 onzas.<br \/>\nDise\u00f1ador: Tony Marfione<br \/>\nHecho en EE.UU<\/p>\n<p>&nbsp;<\/p>\n","protected":false},"excerpt":{"rendered":"<div class=\"elementor-element elementor-element-bbb542b elementor-widget elementor-widget-woocommerce-product-short-description\" data-id=\"bbb542b\" data-element_type=\"widget\" data-widget_type=\"woocommerce-product-short-description.default\">\n<div class=\"elementor-widget-container\">\n<div class=\"woocommerce-product-details__short-description\">\n<p>A lo largo de los a\u00f1os, Microtech\u00ae Knives ha llenado los cuchillos con pasi\u00f3n y habilidad para crear casi obras de arte que son el pin\u00e1culo de la funcionalidad. Todas las piezas se fabrican en los EE. UU.<br \/>\n<strong>Todos los cuchillos Microtech vienen con una garant\u00eda de por vida.<\/strong><\/p>\n<p><strong>Transporte gratuito.<\/strong><\/p>\n<\/div>\n<\/div>\n<\/div>\n","protected":false},"featured_media":336905,"comment_status":"open","ping_status":"closed","template":"","meta":[],"pwb-brand":[3752],"product_brand":[],"product_cat":[3730,3726],"product_tag":[3756],"class_list":{"0":"post-336945","1":"product","2":"type-product","3":"status-publish","4":"has-post-thumbnail","6":"pwb-brand-microtecnologia","7":"product_cat-cuchillas-de-cierre","8":"product_cat-cuchillos","9":"product_tag-b2b-es","11":"first","12":"instock","13":"taxable","14":"shipping-taxable","15":"purchasable","16":"product-type-simple"},"brands":[{"id":3752,"name":"microtecnolog\u00eda","slug":"microtecnologia"}],"_links":{"self":[{"href":"https:\/\/www.moskito.cz\/es\/wp-json\/wp\/v2\/product\/336945","targetHints":{"allow":["GET"]}}],"collection":[{"href":"https:\/\/www.moskito.cz\/es\/wp-json\/wp\/v2\/product"}],"about":[{"href":"https:\/\/www.moskito.cz\/es\/wp-json\/wp\/v2\/types\/product"}],"replies":[{"embeddable":true,"href":"https:\/\/www.moskito.cz\/es\/wp-json\/wp\/v2\/comments?post=336945"}],"wp:featuredmedia":[{"embeddable":true,"href":"https:\/\/www.moskito.cz\/es\/wp-json\/wp\/v2\/media\/336905"}],"wp:attachment":[{"href":"https:\/\/www.moskito.cz\/es\/wp-json\/wp\/v2\/media?parent=336945"}],"wp:term":[{"taxonomy":"pwb-brand","embeddable":true,"href":"https:\/\/www.moskito.cz\/es\/wp-json\/wp\/v2\/pwb-brand?post=336945"},{"taxonomy":"product_brand","embeddable":true,"href":"https:\/\/www.moskito.cz\/es\/wp-json\/wp\/v2\/product_brand?post=336945"},{"taxonomy":"product_cat","embeddable":true,"href":"https:\/\/www.moskito.cz\/es\/wp-json\/wp\/v2\/product_cat?post=336945"},{"taxonomy":"product_tag","embeddable":true,"href":"https:\/\/www.moskito.cz\/es\/wp-json\/wp\/v2\/product_tag?post=336945"}],"curies":[{"name":"wp","href":"https:\/\/api.w.org\/{rel}","templated":true}]}}