{"id":337009,"date":"2023-11-14T14:45:08","date_gmt":"2024-04-23T13:33:08","guid":{"rendered":"https:\/\/www.moskito.cz\/produkt\/navaja-plegable-apocaliptica-microtech-socom-elite\/"},"modified":"2025-05-07T11:13:33","modified_gmt":"2025-05-07T10:13:33","slug":"navaja-plegable-apocaliptica-microtech-socom-elite","status":"publish","type":"product","link":"https:\/\/www.moskito.cz\/es\/produkt\/navaja-plegable-apocaliptica-microtech-socom-elite\/","title":{"rendered":"Navaja plegable apocal\u00edptica Microtech Socom Elite"},"content":{"rendered":"<p>Navaja plegable apocal\u00edptica <strong>Microtech<\/strong> Socom Elite<\/p>\n<p>El Socom Elite establece el est\u00e1ndar m\u00e1s alto para cuchillos t\u00e1cticos\/utilitarios. Desde que se cre\u00f3 el Socom original en 1996, ha sido pionero en toda la l\u00ednea de cuchillos plegables Microtech. A lo largo de los a\u00f1os se han realizado una serie de mejoras para que Socom se adapte mejor a diferentes entornos. Tanto los Socoms manuales como los autom\u00e1ticos tienen una forma de mango \u00fanica que se adapta a su mano. Sabes que est\u00e1s comprando la mejor herramienta del mercado sin importar qu\u00e9 hoja elijas: punta de clip o tanto. Un rompecristales integrado en la base del mango y un gran pasador que permite una f\u00e1cil apertura con un guante le dan un aspecto impresionante. La robusta confiabilidad de Socom lo convierte en la primera opci\u00f3n para la comunidad de operaciones especiales.<\/p>\n<p>Especificaciones<\/p>\n<p>Pa\u00eds de origen: EE.UU.<br \/>\nFecha de origen: 2023<br \/>\nCondicion: NUEVO<br \/>\nMaterial de la hoja: M390<br \/>\nRectificado de la hoja: Plano<br \/>\nAcabado de la hoja: Apocal\u00edptico<br \/>\nMaterial del mango: aluminio con inserciones texturizadas.<br \/>\nMaterial de inserci\u00f3n: acero inoxidable<br \/>\nMecanismo de bloqueo: Insertar<br \/>\nClip de bolsillo: Acero inoxidable (plegable, uso adecuado)<br \/>\nLongitud total: 22,5 cm.<br \/>\nLongitud de la hoja: 10 cm<br \/>\nFilo: 9,37 cm.<br \/>\nAncho de la hoja: 2,8 cm<br \/>\nGrosor de la hoja: 0,47 cm.<br \/>\nDise\u00f1ador: Tony Marfione<br \/>\nHecho en EE.UU<\/p>\n<p>&nbsp;<\/p>\n","protected":false},"excerpt":{"rendered":"<div class=\"elementor-element elementor-element-bbb542b elementor-widget elementor-widget-woocommerce-product-short-description\" data-id=\"bbb542b\" data-element_type=\"widget\" data-widget_type=\"woocommerce-product-short-description.default\">\n<div class=\"elementor-widget-container\">\n<div class=\"woocommerce-product-details__short-description\">\n<p><strong>A lo largo de los a\u00f1os, Microtech\u00ae Knives ha llenado los cuchillos con pasi\u00f3n y habilidad para crear casi obras de arte que son el pin\u00e1culo de la funcionalidad. Todas las piezas se fabrican en los EE. UU.<\/strong><br \/>\n<strong>Todos los cuchillos Microtech vienen con una garant\u00eda de por vida.<\/strong><\/p>\n<p><strong>Transporte gratuito.<\/strong><\/p>\n<\/div>\n<\/div>\n<\/div>\n","protected":false},"featured_media":337012,"comment_status":"open","ping_status":"closed","template":"","meta":[],"pwb-brand":[3752],"product_brand":[],"product_cat":[3730,3726],"product_tag":[3756],"class_list":{"0":"post-337009","1":"product","2":"type-product","3":"status-publish","4":"has-post-thumbnail","6":"pwb-brand-microtecnologia","7":"product_cat-cuchillas-de-cierre","8":"product_cat-cuchillos","9":"product_tag-b2b-es","11":"first","12":"instock","13":"taxable","14":"shipping-taxable","15":"purchasable","16":"product-type-simple"},"brands":[{"id":3752,"name":"microtecnolog\u00eda","slug":"microtecnologia"}],"_links":{"self":[{"href":"https:\/\/www.moskito.cz\/es\/wp-json\/wp\/v2\/product\/337009","targetHints":{"allow":["GET"]}}],"collection":[{"href":"https:\/\/www.moskito.cz\/es\/wp-json\/wp\/v2\/product"}],"about":[{"href":"https:\/\/www.moskito.cz\/es\/wp-json\/wp\/v2\/types\/product"}],"replies":[{"embeddable":true,"href":"https:\/\/www.moskito.cz\/es\/wp-json\/wp\/v2\/comments?post=337009"}],"wp:featuredmedia":[{"embeddable":true,"href":"https:\/\/www.moskito.cz\/es\/wp-json\/wp\/v2\/media\/337012"}],"wp:attachment":[{"href":"https:\/\/www.moskito.cz\/es\/wp-json\/wp\/v2\/media?parent=337009"}],"wp:term":[{"taxonomy":"pwb-brand","embeddable":true,"href":"https:\/\/www.moskito.cz\/es\/wp-json\/wp\/v2\/pwb-brand?post=337009"},{"taxonomy":"product_brand","embeddable":true,"href":"https:\/\/www.moskito.cz\/es\/wp-json\/wp\/v2\/product_brand?post=337009"},{"taxonomy":"product_cat","embeddable":true,"href":"https:\/\/www.moskito.cz\/es\/wp-json\/wp\/v2\/product_cat?post=337009"},{"taxonomy":"product_tag","embeddable":true,"href":"https:\/\/www.moskito.cz\/es\/wp-json\/wp\/v2\/product_tag?post=337009"}],"curies":[{"name":"wp","href":"https:\/\/api.w.org\/{rel}","templated":true}]}}