{"id":337239,"date":"2022-10-19T22:19:02","date_gmt":"2022-10-19T21:19:02","guid":{"rendered":"https:\/\/www.moskito.cz\/produkt\/cuchillo-de-cierre-microtech-marfione-custom-knives-matrix-r-flipper-365-mck\/"},"modified":"2025-05-07T11:13:40","modified_gmt":"2025-05-07T10:13:40","slug":"cuchillo-de-cierre-microtech-marfione-custom-knives-matrix-r-flipper-365-mck","status":"publish","type":"product","link":"https:\/\/www.moskito.cz\/es\/produkt\/cuchillo-de-cierre-microtech-marfione-custom-knives-matrix-r-flipper-365-mck\/","title":{"rendered":"Cuchillo de cierre Microtech Marfione Custom Knives Matrix R Flipper 365-MCK"},"content":{"rendered":"<p>Cuchillo de cierre <strong>Microtech Marfione<\/strong> Custom Knives Matrix R Flipper 365-MCK.<\/p>\n<p>Con Marfione Custom Matrix R obtienes materiales de primera calidad, mano de obra de precisi\u00f3n, excelente ergonom\u00eda y ajuste a la mano y acabado. Tiene una gran sensaci\u00f3n ergon\u00f3mica en la mano y un dise\u00f1o perfectamente equilibrado. La forma de la hoja es excelente: proporciona mucho espacio para cortar, una punta bien reforzada para apu\u00f1alar y una forma de abrir la ranura para el pulgar adem\u00e1s de la pesta\u00f1a de la aleta. La gran ranura de la pala reduce dr\u00e1sticamente el peso hasta algo muy manejable para su impresionante tama\u00f1o. Todo va bien en conjunto, luce incre\u00edble en persona y estamos seguros de que quedar\u00e1 impresionado.<\/p>\n<p>El tama\u00f1o es ideal si prefiere una hoja EDC m\u00e1s grande que pueda flexionarse f\u00e1cilmente para desempe\u00f1ar una funci\u00f3n t\u00e1ctica. El mango es de titanio bellamente mecanizado con un popular acabado grabado con carga el\u00e9ctrica que Tony llama ahora \u00c1cido Gal\u00e1ctico. Viene con un rompecristales de titanio y bronce en la parte posterior y un espaciador trasero a juego intrincadamente fresado con un peque\u00f1o orificio para cord\u00f3n. La hoja de acero inoxidable M390 le ofrece la opci\u00f3n de utilizar un mecanismo de aleta o una ranura para sangre para abrir la hoja, y cualquiera de los dos funciona igual de bien. Es un cuchillo que querr\u00e1s llevar todos los d\u00edas y seguramente se convertir\u00e1 en un favorito de la colecci\u00f3n en poco tiempo. Incluye certificado de autenticidad de metal, bolsa de nailon con cremallera personalizada y cuenta y cord\u00f3n Meadow Viper Spartan.<\/p>\n<p>Especificaciones<br \/>\nLongitud de la hoja: 9,375 cm<br \/>\nLongitud total: 23,43 cm.<br \/>\nMaterial de la hoja: acero inoxidable M390<br \/>\nGrosor de la hoja: 0,41 cm.<br \/>\nEstilo de hoja: Punto de ca\u00edda<br \/>\nRectificado de cuchillas: hueca<br \/>\nTratamiento de la superficie de la hoja: Espejo<br \/>\nMaterial del mango: titanio de \u00e1cido gal\u00e1ctico<br \/>\nMecanismo de bloqueo: Bloqueo de marco<br \/>\nConjunto de pasador: rodamientos<br \/>\nClip de bolsillo: titanio bronce (plegable, uso adecuado)<br \/>\nMaterial de la caja: Nylon con cremallera<br \/>\nPeso: 6,84 onzas.<br \/>\nDise\u00f1ador: Tony Marfione<br \/>\nHerrajes de bronce y titanio.<br \/>\nHecho a mano en los EE.UU.<\/p>\n<p><iframe title=\"Microtech Combat Troodon Torture Test\" width=\"800\" height=\"450\" src=\"https:\/\/www.youtube.com\/embed\/xE9TeOFYEjg?feature=oembed\" frameborder=\"0\" allow=\"accelerometer; autoplay; clipboard-write; encrypted-media; gyroscope; picture-in-picture; web-share\" referrerpolicy=\"strict-origin-when-cross-origin\" allowfullscreen><\/iframe><\/p>\n<p>&nbsp;<\/p>\n","protected":false},"excerpt":{"rendered":"<p>Con Marfione Custom <strong>Matrix R<\/strong> obtendr\u00e1 materiales de primera calidad, procesamiento preciso,<\/p>\n","protected":false},"featured_media":337240,"comment_status":"open","ping_status":"closed","template":"","meta":[],"pwb-brand":[3752],"product_brand":[],"product_cat":[3730,3726],"product_tag":[3756],"class_list":{"0":"post-337239","1":"product","2":"type-product","3":"status-publish","4":"has-post-thumbnail","6":"pwb-brand-microtecnologia","7":"product_cat-cuchillas-de-cierre","8":"product_cat-cuchillos","9":"product_tag-b2b-es","11":"first","12":"instock","13":"taxable","14":"shipping-taxable","15":"purchasable","16":"product-type-simple"},"brands":[{"id":3752,"name":"microtecnolog\u00eda","slug":"microtecnologia"}],"_links":{"self":[{"href":"https:\/\/www.moskito.cz\/es\/wp-json\/wp\/v2\/product\/337239","targetHints":{"allow":["GET"]}}],"collection":[{"href":"https:\/\/www.moskito.cz\/es\/wp-json\/wp\/v2\/product"}],"about":[{"href":"https:\/\/www.moskito.cz\/es\/wp-json\/wp\/v2\/types\/product"}],"replies":[{"embeddable":true,"href":"https:\/\/www.moskito.cz\/es\/wp-json\/wp\/v2\/comments?post=337239"}],"wp:featuredmedia":[{"embeddable":true,"href":"https:\/\/www.moskito.cz\/es\/wp-json\/wp\/v2\/media\/337240"}],"wp:attachment":[{"href":"https:\/\/www.moskito.cz\/es\/wp-json\/wp\/v2\/media?parent=337239"}],"wp:term":[{"taxonomy":"pwb-brand","embeddable":true,"href":"https:\/\/www.moskito.cz\/es\/wp-json\/wp\/v2\/pwb-brand?post=337239"},{"taxonomy":"product_brand","embeddable":true,"href":"https:\/\/www.moskito.cz\/es\/wp-json\/wp\/v2\/product_brand?post=337239"},{"taxonomy":"product_cat","embeddable":true,"href":"https:\/\/www.moskito.cz\/es\/wp-json\/wp\/v2\/product_cat?post=337239"},{"taxonomy":"product_tag","embeddable":true,"href":"https:\/\/www.moskito.cz\/es\/wp-json\/wp\/v2\/product_tag?post=337239"}],"curies":[{"name":"wp","href":"https:\/\/api.w.org\/{rel}","templated":true}]}}