{"id":337486,"date":"2024-04-30T15:59:15","date_gmt":"2024-04-30T17:46:50","guid":{"rendered":"https:\/\/www.moskito.cz\/produkt\/cuchillo-de-tiro-microtech-bastinelli-brachial-apocalyptic-268a-12ap\/"},"modified":"2025-05-07T11:13:47","modified_gmt":"2025-05-07T10:13:47","slug":"cuchillo-de-tiro-microtech-bastinelli-brachial-apocalyptic-268a-12ap","status":"publish","type":"product","link":"https:\/\/www.moskito.cz\/es\/produkt\/cuchillo-de-tiro-microtech-bastinelli-brachial-apocalyptic-268a-12ap\/","title":{"rendered":"Cuchillo de tiro Microtech\/Bastinelli Brachial Apocalyptic 268A-12AP"},"content":{"rendered":"<p>Cuchillo de tiro <strong>Microtech\/Bastinelli<\/strong> Brachial Apocalyptic 268A-12AP.<\/p>\n<p>Brachial es una colaboraci\u00f3n de dise\u00f1o de estilo persa con Bastinelli Knives que aporta una pieza de estilo \u00fanica a la gama Microtech. Nos encanta todo sobre este cuchillo. Desde su apariencia hasta su ergonom\u00eda, acci\u00f3n y materiales superiores; le servir\u00e1 durante muchos a\u00f1os. Tambi\u00e9n es adecuado para una gran variedad de aplicaciones, desde EDC hasta t\u00e1cticas y, literalmente, todo lo dem\u00e1s. Incluye un acabado mecanizado con un patr\u00f3n de fragmentos para un mejor agarre, un clip de bolsillo bellamente dise\u00f1ado y un orificio para cord\u00f3n oculto que puede contener 550 paracord. Este es un gran cuchillo, \u00a1cons\u00edguelo mientras puedas!<br \/>\nEspecificaciones:<\/p>\n<p>Longitud de la hoja: 9 cm<br \/>\nLongitud total: 20,31 cm.<br \/>\nMaterial de la hoja: M390<br \/>\nEstilo de hoja: punto de salida<br \/>\nRectificado de la hoja: Plano<br \/>\nAcabado de la hoja: Apocal\u00edptico<br \/>\nMaterial del mango: Aluminio negro fresado 6061-T6<br \/>\nMecanismo de bloqueo: Bot\u00f3n<br \/>\nClip de bolsillo: Acero inoxidable (desplegable, para uso en la mano derecha)<br \/>\nPeso: 4,37 onzas.<br \/>\nDise\u00f1adores: Bastien Coves y Tony Marfione<br \/>\nHecho en EE.UU<\/p>\n<p><iframe title=\"Microtech Combat Troodon Torture Test\" width=\"800\" height=\"450\" src=\"https:\/\/www.youtube.com\/embed\/xE9TeOFYEjg?feature=oembed\" frameborder=\"0\" allow=\"accelerometer; autoplay; clipboard-write; encrypted-media; gyroscope; picture-in-picture; web-share\" referrerpolicy=\"strict-origin-when-cross-origin\" allowfullscreen><\/iframe><\/p>\n<p>&nbsp;<\/p>\n","protected":false},"excerpt":{"rendered":"<div class=\"elementor-element elementor-element-bbb542b elementor-widget elementor-widget-woocommerce-product-short-description\" data-id=\"bbb542b\" data-element_type=\"widget\" data-widget_type=\"woocommerce-product-short-description.default\">\n<div class=\"elementor-widget-container\">\n<div class=\"woocommerce-product-details__short-description\">\n<p><strong>A lo largo de los a\u00f1os, Microtech\u00ae Knives ha llenado los cuchillos con pasi\u00f3n y habilidad para crear casi obras de arte que son el pin\u00e1culo de la funcionalidad. Todas las piezas se fabrican en los EE. UU.<\/strong><br \/>\n<strong>Todos los cuchillos Microtech vienen con una garant\u00eda de por vida.<\/strong><\/p>\n<p><strong>Transporte gratuito.<\/strong><\/p>\n<\/div>\n<\/div>\n<\/div>\n","protected":false},"featured_media":337444,"comment_status":"open","ping_status":"closed","template":"","meta":[],"pwb-brand":[3752],"product_brand":[],"product_cat":[3729,3726],"product_tag":[3756],"class_list":{"0":"post-337486","1":"product","2":"type-product","3":"status-publish","4":"has-post-thumbnail","6":"pwb-brand-microtecnologia","7":"product_cat-cuchillos-de-tiro","8":"product_cat-cuchillos","9":"product_tag-b2b-es","11":"first","12":"instock","13":"sale","14":"taxable","15":"shipping-taxable","16":"purchasable","17":"product-type-simple"},"brands":[{"id":3752,"name":"microtecnolog\u00eda","slug":"microtecnologia"}],"_links":{"self":[{"href":"https:\/\/www.moskito.cz\/es\/wp-json\/wp\/v2\/product\/337486","targetHints":{"allow":["GET"]}}],"collection":[{"href":"https:\/\/www.moskito.cz\/es\/wp-json\/wp\/v2\/product"}],"about":[{"href":"https:\/\/www.moskito.cz\/es\/wp-json\/wp\/v2\/types\/product"}],"replies":[{"embeddable":true,"href":"https:\/\/www.moskito.cz\/es\/wp-json\/wp\/v2\/comments?post=337486"}],"wp:featuredmedia":[{"embeddable":true,"href":"https:\/\/www.moskito.cz\/es\/wp-json\/wp\/v2\/media\/337444"}],"wp:attachment":[{"href":"https:\/\/www.moskito.cz\/es\/wp-json\/wp\/v2\/media?parent=337486"}],"wp:term":[{"taxonomy":"pwb-brand","embeddable":true,"href":"https:\/\/www.moskito.cz\/es\/wp-json\/wp\/v2\/pwb-brand?post=337486"},{"taxonomy":"product_brand","embeddable":true,"href":"https:\/\/www.moskito.cz\/es\/wp-json\/wp\/v2\/product_brand?post=337486"},{"taxonomy":"product_cat","embeddable":true,"href":"https:\/\/www.moskito.cz\/es\/wp-json\/wp\/v2\/product_cat?post=337486"},{"taxonomy":"product_tag","embeddable":true,"href":"https:\/\/www.moskito.cz\/es\/wp-json\/wp\/v2\/product_tag?post=337486"}],"curies":[{"name":"wp","href":"https:\/\/api.w.org\/{rel}","templated":true}]}}