{"id":337535,"date":"2024-04-30T19:04:25","date_gmt":"2024-04-30T18:05:28","guid":{"rendered":"https:\/\/www.moskito.cz\/produkt\/cuchillo-fijo-crkt-una-de-oso-2511\/"},"modified":"2025-05-07T11:13:48","modified_gmt":"2025-05-07T10:13:48","slug":"cuchillo-fijo-crkt-una-de-oso-2511","status":"publish","type":"product","link":"https:\/\/www.moskito.cz\/es\/produkt\/cuchillo-fijo-crkt-una-de-oso-2511\/","title":{"rendered":"Cuchillo Fijo CRKT U\u00f1a de Oso 2511"},"content":{"rendered":"<p>Cuchillo Fijo <strong>CRKT<\/strong> Garra de Oso 2511.<\/p>\n<p>Popular entre los navegantes de r\u00e1pidos, los entusiastas de los deportes acu\u00e1ticos y el personal de rescate, <strong>el Bear Claw\u2122<\/strong> es un cuchillo compacto, de hoja fija y punta roma que evita la penetraci\u00f3n de la punta y lo hace m\u00e1s seguro, especialmente alrededor de balsas y botes inflables. La hoja de halc\u00f3n est\u00e1 hecha de acero inoxidable y recubierta con Veff Serrations\u2122 que proporciona cortes sin esfuerzo y agiliza el trabajo con cuerdas y correas. El mango texturizado tiene un orificio para los dedos que hace que Bear Claw\u2122 sea f\u00e1cil de sostener en condiciones de humedad, mientras que la funda viene con m\u00faltiples opciones de fijaci\u00f3n para un acceso r\u00e1pido en situaciones de emergencia, para que pueda concentrarse en la tarea en cuesti\u00f3n.<br \/>\nM\u00e1xima vida \u00fatil: AUS 8 es resistente a la corrosi\u00f3n<br \/>\nExtremadamente afilado: Veff Serrations\u2122 proporciona un excelente poder de corte para cuerdas y correas<br \/>\nFuerte y liviano: el mango de nailon reforzado con vidrio es duradero y liviano<br \/>\nAgarre excepcional: el agarre texturizado proporciona agarre en condiciones h\u00famedas.<br \/>\nCompatible con equipos: Estuche duradero de nailon reforzado con vidrio con opciones de montaje<\/p>\n<p>Hoja de acero AUS 8<br \/>\nBlade Edge Veff Serraciones\u2122<br \/>\nAcabado de la hoja lavado a la piedra<br \/>\nLongitud de la hoja: 6,05 cm<br \/>\nGrosor de la hoja: 0,34 cm.<br \/>\nLongitud total: 14,44 cm.<br \/>\nPeso 3,20 onzas. (90,72 g)<br \/>\nMaterial del mango Nylon reforzado con vidrio<br \/>\nElegante cuchillo de hoja fija con funda<br \/>\nMaterial de la carcasa Termopl\u00e1stico<\/p>\n<p><iframe title=\"CRKT Bear Claw\u2122 Fixed | Russ Kommer Design\" width=\"800\" height=\"450\" src=\"https:\/\/www.youtube.com\/embed\/Q3iE4MyZKyM?feature=oembed\" frameborder=\"0\" allow=\"accelerometer; autoplay; clipboard-write; encrypted-media; gyroscope; picture-in-picture; web-share\" referrerpolicy=\"strict-origin-when-cross-origin\" allowfullscreen><\/iframe><\/p>\n<p>&nbsp;<\/p>\n","protected":false},"excerpt":{"rendered":"<p>DISE\u00d1ADOR:<br \/>\nRuss Kommer<br \/>\nFargo, Dakota del Norte<br \/>\nDecir que Russ es un amante de la naturaleza es quedarse corto. Este gu\u00eda profesional de pesca y caza empez\u00f3 a fabricar cuchillos cuando uno de sus clientes le trajo su propio cuchillo y prepar\u00f3 un alce entero, sin afilarlo. Desde entonces, se ha propuesto fabricar herramientas que s\u00f3lo \u00e9l utilizar\u00eda. His Bear Claw&#8217;s\u2122 y Hoist&#8217;N Lok\u00ae son tipos que otros cazadores tambi\u00e9n usan.<\/p>\n","protected":false},"featured_media":337501,"comment_status":"open","ping_status":"closed","template":"","meta":[],"pwb-brand":[3765],"product_brand":[],"product_cat":[3726,3727],"product_tag":[3756],"class_list":{"0":"post-337535","1":"product","2":"type-product","3":"status-publish","4":"has-post-thumbnail","6":"pwb-brand-crkt-es","7":"product_cat-cuchillos","8":"product_cat-cuchillos-macizos","9":"product_tag-b2b-es","11":"first","12":"outofstock","13":"taxable","14":"shipping-taxable","15":"purchasable","16":"product-type-simple"},"brands":[{"id":3765,"name":"CRKT","slug":"crkt-es"}],"_links":{"self":[{"href":"https:\/\/www.moskito.cz\/es\/wp-json\/wp\/v2\/product\/337535","targetHints":{"allow":["GET"]}}],"collection":[{"href":"https:\/\/www.moskito.cz\/es\/wp-json\/wp\/v2\/product"}],"about":[{"href":"https:\/\/www.moskito.cz\/es\/wp-json\/wp\/v2\/types\/product"}],"replies":[{"embeddable":true,"href":"https:\/\/www.moskito.cz\/es\/wp-json\/wp\/v2\/comments?post=337535"}],"wp:featuredmedia":[{"embeddable":true,"href":"https:\/\/www.moskito.cz\/es\/wp-json\/wp\/v2\/media\/337501"}],"wp:attachment":[{"href":"https:\/\/www.moskito.cz\/es\/wp-json\/wp\/v2\/media?parent=337535"}],"wp:term":[{"taxonomy":"pwb-brand","embeddable":true,"href":"https:\/\/www.moskito.cz\/es\/wp-json\/wp\/v2\/pwb-brand?post=337535"},{"taxonomy":"product_brand","embeddable":true,"href":"https:\/\/www.moskito.cz\/es\/wp-json\/wp\/v2\/product_brand?post=337535"},{"taxonomy":"product_cat","embeddable":true,"href":"https:\/\/www.moskito.cz\/es\/wp-json\/wp\/v2\/product_cat?post=337535"},{"taxonomy":"product_tag","embeddable":true,"href":"https:\/\/www.moskito.cz\/es\/wp-json\/wp\/v2\/product_tag?post=337535"}],"curies":[{"name":"wp","href":"https:\/\/api.w.org\/{rel}","templated":true}]}}