{"id":337659,"date":"2024-04-30T19:43:08","date_gmt":"2024-04-30T18:45:39","guid":{"rendered":"https:\/\/www.moskito.cz\/produkt\/cuchillo-de-cierre-crkt-folts-anverso-7482\/"},"modified":"2025-05-07T11:13:51","modified_gmt":"2025-05-07T10:13:51","slug":"cuchillo-de-cierre-crkt-folts-anverso-7482","status":"publish","type":"product","link":"https:\/\/www.moskito.cz\/es\/produkt\/cuchillo-de-cierre-crkt-folts-anverso-7482\/","title":{"rendered":"Cuchillo de cierre CRKT Folts Anverso 7482"},"content":{"rendered":"<p>Cuchillo de cierre <strong>CRKT<\/strong> Folts Anverso 7482.<\/p>\n<p>Inspirada en su hom\u00f3nimo, <strong>la Anverso<\/strong> es una navaja plegable distintiva dise\u00f1ada para mostrar su cara. La hoja satinada hecha de acero premium M390 es elegante y duradera, mientras que el mango de fibra de carbono con titanio anodizado azul combina resistencia con estilo. La funci\u00f3n no se olvida, con un cierre de inserci\u00f3n seguro para cerrar f\u00e1cilmente con una sola mano. Se mire como se mire, esta prenda de uso diario es un delicado equilibrio entre belleza y fuerza.<br \/>\nMateriales de primera calidad: hoja de acero B\u00f6hler M390 para un excelente rendimiento de corte<br \/>\nApertura suave: La hoja con pasador de rodamiento de bolas IKBS\u2122 despliega la hoja suavemente<br \/>\nFuerte y visual: el mango de fibra de carbono reforzado con titanio combina resistencia con atractivo visual<br \/>\nF\u00e1cil de cerrar: el candado de titanio se puede cerrar f\u00e1cilmente con una mano.<br \/>\nAtractivo visual: Espaciador de titanio anodizado azul y detalles de clip.<\/p>\n<p>Hoja fabricada en acero M390.<br \/>\nBorde de la hoja liso<br \/>\nAcabado de hoja satinada<br \/>\nLongitud de la hoja: 8,52 cm<br \/>\nGrosor de la hoja: 0,32 cm.<br \/>\nLongitud total: 18,97 cm.<br \/>\nPeso 3,40 onzas. (96,39 g)<br \/>\nMaterial del mango Fibra de carbono con refuerzo de titanio<br \/>\nElegante navaja plegable con Liner Lock<\/p>\n<p><iframe title=\"CRKT Obverse | Alan Folts Design\" width=\"800\" height=\"450\" src=\"https:\/\/www.youtube.com\/embed\/pvzdk01nYWo?feature=oembed\" frameborder=\"0\" allow=\"accelerometer; autoplay; clipboard-write; encrypted-media; gyroscope; picture-in-picture; web-share\" referrerpolicy=\"strict-origin-when-cross-origin\" allowfullscreen><\/iframe><\/p>\n<p>&nbsp;<\/p>\n<p>&nbsp;<\/p>\n","protected":false},"excerpt":{"rendered":"<p>DISE\u00d1ADOR<br \/>\nAlan Foltz<br \/>\nMelbourne, Florida<br \/>\nCuando se trata de cuchillos, Alan sabe todo sobre c\u00f3mo retribuir a la gente. Se abri\u00f3 camino en las universidades participando con cuchillos en exposiciones de arte. Desde entonces, se ha mantenido firme en ense\u00f1ar y transmitir las habilidades de fabricaci\u00f3n de cuchillos personalizados a otros. Se especializa en hojas s\u00f3lidas \u00fanicas que tienen una gran ergonom\u00eda y un elegante dise\u00f1o futurista, como la gama Folts Minimalist \u00ae m\u00e1s vendida.<\/p>\n<p>Transporte gratuito.<\/p>\n","protected":false},"featured_media":337617,"comment_status":"open","ping_status":"closed","template":"","meta":[],"pwb-brand":[3765],"product_brand":[],"product_cat":[3730,3726],"product_tag":[3756],"class_list":{"0":"post-337659","1":"product","2":"type-product","3":"status-publish","4":"has-post-thumbnail","6":"pwb-brand-crkt-es","7":"product_cat-cuchillas-de-cierre","8":"product_cat-cuchillos","9":"product_tag-b2b-es","11":"first","12":"instock","13":"taxable","14":"shipping-taxable","15":"purchasable","16":"product-type-simple"},"brands":[{"id":3765,"name":"CRKT","slug":"crkt-es"}],"_links":{"self":[{"href":"https:\/\/www.moskito.cz\/es\/wp-json\/wp\/v2\/product\/337659","targetHints":{"allow":["GET"]}}],"collection":[{"href":"https:\/\/www.moskito.cz\/es\/wp-json\/wp\/v2\/product"}],"about":[{"href":"https:\/\/www.moskito.cz\/es\/wp-json\/wp\/v2\/types\/product"}],"replies":[{"embeddable":true,"href":"https:\/\/www.moskito.cz\/es\/wp-json\/wp\/v2\/comments?post=337659"}],"wp:featuredmedia":[{"embeddable":true,"href":"https:\/\/www.moskito.cz\/es\/wp-json\/wp\/v2\/media\/337617"}],"wp:attachment":[{"href":"https:\/\/www.moskito.cz\/es\/wp-json\/wp\/v2\/media?parent=337659"}],"wp:term":[{"taxonomy":"pwb-brand","embeddable":true,"href":"https:\/\/www.moskito.cz\/es\/wp-json\/wp\/v2\/pwb-brand?post=337659"},{"taxonomy":"product_brand","embeddable":true,"href":"https:\/\/www.moskito.cz\/es\/wp-json\/wp\/v2\/product_brand?post=337659"},{"taxonomy":"product_cat","embeddable":true,"href":"https:\/\/www.moskito.cz\/es\/wp-json\/wp\/v2\/product_cat?post=337659"},{"taxonomy":"product_tag","embeddable":true,"href":"https:\/\/www.moskito.cz\/es\/wp-json\/wp\/v2\/product_tag?post=337659"}],"curies":[{"name":"wp","href":"https:\/\/api.w.org\/{rel}","templated":true}]}}