{"id":337723,"date":"2024-04-30T20:05:50","date_gmt":"2024-04-30T19:06:44","guid":{"rendered":"https:\/\/www.moskito.cz\/produkt\/cuchillo-damasco-de-cierre-crkt-walker-monument-damasteel-4001\/"},"modified":"2025-05-07T11:13:52","modified_gmt":"2025-05-07T10:13:52","slug":"cuchillo-damasco-de-cierre-crkt-walker-monument-damasteel-4001","status":"publish","type":"product","link":"https:\/\/www.moskito.cz\/es\/produkt\/cuchillo-damasco-de-cierre-crkt-walker-monument-damasteel-4001\/","title":{"rendered":"Cuchillo Damasco de Cierre CRKT Walker Monument Damasteel 4001"},"content":{"rendered":"<p>Cuchillo Damasco de Cierre <strong>CRKT<\/strong> Walker Monument Damasteel 4001<\/p>\n<p>Seg\u00fan uno de los dise\u00f1os favoritos de Michael Walker.<\/p>\n<p>Pocos nombres en la industria de los cuchillos merecen tanto respeto como Michael Walker. El joyero convertido en cortador es un verdadero maestro de su oficio, conocido por sus dise\u00f1os art\u00edsticos y ornamentados que trascienden la definici\u00f3n habitual de cuchillo. Es por eso que estamos muy orgullosos de presentarles Monument\u2122, uno de los dos dise\u00f1os de edici\u00f3n limitada de Michael Walker.<br \/>\nBien construido: hecho en Italia.<br \/>\nMateriales de primera calidad: acero Rose\u2122 Damasteel\u00ae para un rendimiento de corte superior<br \/>\nApertura suave: el pasador con rodamiento de bolas IKBS\u2122 despliega la hoja suavemente<br \/>\nFuerte y ligero: el mango de titanio combina resistencia con un peso m\u00ednimo<br \/>\nF\u00e1cil de cerrar: el cierre de inserci\u00f3n se puede cerrar f\u00e1cilmente con una mano<br \/>\nPerfil bajo: El clip de transporte profundo cabe profundamente en su bolsillo<\/p>\n<p>Hoja De Acero Damasco<br \/>\nBorde de la hoja liso<br \/>\nTratamiento superficial de la hoja de grabado \u00e1cido<br \/>\nLongitud de la hoja: 7,80 cm<br \/>\nGrosor de la hoja: 0,36 cm.<br \/>\nLongitud total: 18,25 cm.<br \/>\nLargo cerrado: 10,58 cm<br \/>\nPeso 3,90 onzas. (110,56 gramos)<br \/>\nMaterial del mango Titanio<br \/>\nElegante navaja plegable con Liner Lock<\/p>\n<p><iframe title=\"CRKT Monument\u2122 | Michael Walker Design\" width=\"800\" height=\"450\" src=\"https:\/\/www.youtube.com\/embed\/tmeUFfRyXQM?feature=oembed\" frameborder=\"0\" allow=\"accelerometer; autoplay; clipboard-write; encrypted-media; gyroscope; picture-in-picture; web-share\" referrerpolicy=\"strict-origin-when-cross-origin\" allowfullscreen><\/iframe><\/p>\n<p>&nbsp;<\/p>\n","protected":false},"excerpt":{"rendered":"<p>DISE\u00d1ADOR<br \/>\nMichael Walker<br \/>\nTaos, Nuevo M\u00e9xico<br \/>\nIncluido en el Sal\u00f3n de la Fama de la revista Blade en 2004 y acreditado con la invenci\u00f3n de m\u00e1s de 20 mecanismos de cuchillos, incluido el moderno bloqueo de revestimiento, Michael Walker es una fuerza en el mundo de los cuchillos personalizados de ultra alta gama. Comenz\u00f3 como joyero y luego descubri\u00f3 una profunda pasi\u00f3n por las navajas plegables, ya que se sinti\u00f3 atra\u00eddo por la combinaci\u00f3n de ingenier\u00eda, dise\u00f1o industrial y expresi\u00f3n art\u00edstica. Sus formas llamativas y dise\u00f1os elaborados son reconocibles al instante y, despu\u00e9s de d\u00e9cadas en el negocio, sigue siendo uno de los nombres m\u00e1s reconocidos en cuchiller\u00eda.<\/p>\n<p>Transporte gratuito.<\/p>\n","protected":false},"featured_media":337682,"comment_status":"open","ping_status":"closed","template":"","meta":[],"pwb-brand":[3765],"product_brand":[],"product_cat":[3726,3764],"product_tag":[3756],"class_list":{"0":"post-337723","1":"product","2":"type-product","3":"status-publish","4":"has-post-thumbnail","6":"pwb-brand-crkt-es","7":"product_cat-cuchillos","8":"product_cat-cuchillos-damasquinados","9":"product_tag-b2b-es","11":"first","12":"instock","13":"taxable","14":"shipping-taxable","15":"purchasable","16":"product-type-simple"},"brands":[{"id":3765,"name":"CRKT","slug":"crkt-es"}],"_links":{"self":[{"href":"https:\/\/www.moskito.cz\/es\/wp-json\/wp\/v2\/product\/337723","targetHints":{"allow":["GET"]}}],"collection":[{"href":"https:\/\/www.moskito.cz\/es\/wp-json\/wp\/v2\/product"}],"about":[{"href":"https:\/\/www.moskito.cz\/es\/wp-json\/wp\/v2\/types\/product"}],"replies":[{"embeddable":true,"href":"https:\/\/www.moskito.cz\/es\/wp-json\/wp\/v2\/comments?post=337723"}],"wp:featuredmedia":[{"embeddable":true,"href":"https:\/\/www.moskito.cz\/es\/wp-json\/wp\/v2\/media\/337682"}],"wp:attachment":[{"href":"https:\/\/www.moskito.cz\/es\/wp-json\/wp\/v2\/media?parent=337723"}],"wp:term":[{"taxonomy":"pwb-brand","embeddable":true,"href":"https:\/\/www.moskito.cz\/es\/wp-json\/wp\/v2\/pwb-brand?post=337723"},{"taxonomy":"product_brand","embeddable":true,"href":"https:\/\/www.moskito.cz\/es\/wp-json\/wp\/v2\/product_brand?post=337723"},{"taxonomy":"product_cat","embeddable":true,"href":"https:\/\/www.moskito.cz\/es\/wp-json\/wp\/v2\/product_cat?post=337723"},{"taxonomy":"product_tag","embeddable":true,"href":"https:\/\/www.moskito.cz\/es\/wp-json\/wp\/v2\/product_tag?post=337723"}],"curies":[{"name":"wp","href":"https:\/\/api.w.org\/{rel}","templated":true}]}}