{"id":337813,"date":"2024-04-30T20:46:05","date_gmt":"2024-04-30T19:46:51","guid":{"rendered":"https:\/\/www.moskito.cz\/produkt\/cuchillo-fijo-crkt-razel-4037\/"},"modified":"2025-05-07T11:13:55","modified_gmt":"2025-05-07T10:13:55","slug":"cuchillo-fijo-crkt-razel-4037","status":"publish","type":"product","link":"https:\/\/www.moskito.cz\/es\/produkt\/cuchillo-fijo-crkt-razel-4037\/","title":{"rendered":"Cuchillo Fijo CRKT Razel 4037"},"content":{"rendered":"<p>Navaja Fija <strong>CRKT<\/strong> Razel 4037.<\/p>\n<p>La Razel\u2122 es una potente navaja de bolsillo de hoja fija, basada en el dise\u00f1o original de Jon Graham, un cortador mec\u00e1nico que puede soportar los rigores de la vida cotidiana en el taller.<\/p>\n<p>Su hoja de cincel cuadrada le otorga propiedades multiherramienta y le permite sobresalir en una variedad de condiciones, incluido el corte a presi\u00f3n, el raspado y el corte.<br \/>\nExcelente rendimiento: hoja de acero D2 para una excelente retenci\u00f3n de la hoja<br \/>\nHerramienta multiusos: Hoja de cincel adecuada para cortar o raspar<br \/>\nFuerte y visual: el mango Micarta combina fuerza con atractivo visual<br \/>\nTransporte c\u00f3modo: estuche de bolsillo para un despliegue r\u00e1pido<br \/>\nOpciones de accesorios: Orificio para cord\u00f3n para colgante<\/p>\n<p>Hoja de acero D2<br \/>\nBorde de la hoja liso<br \/>\nAcabado de hoja satinada<br \/>\nLongitud de la hoja: 7,55 cm<br \/>\nGrosor de la hoja: 0,43 cm.<br \/>\nLongitud total: 17,14 cm.<br \/>\nPeso 4,20 onzas. (119,07 g)<br \/>\nMaterial mango micarta<br \/>\nElegante cuchillo de hoja fija con funda<br \/>\nMaterial de la carcasa Termopl\u00e1stico<\/p>\n","protected":false},"excerpt":{"rendered":"<p>DISE\u00d1ADOR<br \/>\nJon Graham<br \/>\nCleveland, Tennesse<br \/>\nNacido de un padre amante de los cuchillos, Jon Graham de Cleveland, Tennessee, aprendi\u00f3 la importancia de un buen cuchillo desde una edad temprana. \u00abConsegu\u00ed mi primer cuchillo cuando ten\u00eda siete a\u00f1os y desde entonces no he estado sin uno\u00bb. A finales de los 80 Hace a\u00f1os, cuando Jon estaba destinado en Aviaono AB Italia, descubri\u00f3 cuchillos hechos a mano en una revista y supo que era algo que quer\u00eda hacer. Despu\u00e9s de salir de la Fuerza A\u00e9rea y conseguir un trabajo, Jon comenz\u00f3 a fabricar cuchillos de mesa con herramientas b\u00e1sicas en 1994. Cansado de hacer dise\u00f1os de otras personas, Jon le pidi\u00f3 a su hermano Josh en 1999 que consiguiera algo de equipo y aprendiera a hacer cuchillos mediante desguace. Ha estado enganchado desde entonces y se esfuerza constantemente por mejorar sus dise\u00f1os y habilidades, aprovechando su experiencia como t\u00e9cnico de motores di\u00e9sel. Graham Knives se especializa en dise\u00f1os t\u00e1cticos utilitarios con \u00e9nfasis en navajas EDC de hoja fija, pero su l\u00ednea favorita de cuchillos es el Razel personalizado de doble filo, que la compa\u00f1\u00eda fabrica en muchos tama\u00f1os y estilos. Es el dise\u00f1ador de CRKT Razel y Folding Razel.<\/p>\n","protected":false},"featured_media":337788,"comment_status":"open","ping_status":"closed","template":"","meta":[],"pwb-brand":[3765],"product_brand":[],"product_cat":[3727,3726],"product_tag":[3756],"class_list":{"0":"post-337813","1":"product","2":"type-product","3":"status-publish","4":"has-post-thumbnail","6":"pwb-brand-crkt-es","7":"product_cat-cuchillos-macizos","8":"product_cat-cuchillos","9":"product_tag-b2b-es","11":"first","12":"outofstock","13":"sale","14":"taxable","15":"shipping-taxable","16":"purchasable","17":"product-type-simple"},"brands":[{"id":3765,"name":"CRKT","slug":"crkt-es"}],"_links":{"self":[{"href":"https:\/\/www.moskito.cz\/es\/wp-json\/wp\/v2\/product\/337813","targetHints":{"allow":["GET"]}}],"collection":[{"href":"https:\/\/www.moskito.cz\/es\/wp-json\/wp\/v2\/product"}],"about":[{"href":"https:\/\/www.moskito.cz\/es\/wp-json\/wp\/v2\/types\/product"}],"replies":[{"embeddable":true,"href":"https:\/\/www.moskito.cz\/es\/wp-json\/wp\/v2\/comments?post=337813"}],"wp:featuredmedia":[{"embeddable":true,"href":"https:\/\/www.moskito.cz\/es\/wp-json\/wp\/v2\/media\/337788"}],"wp:attachment":[{"href":"https:\/\/www.moskito.cz\/es\/wp-json\/wp\/v2\/media?parent=337813"}],"wp:term":[{"taxonomy":"pwb-brand","embeddable":true,"href":"https:\/\/www.moskito.cz\/es\/wp-json\/wp\/v2\/pwb-brand?post=337813"},{"taxonomy":"product_brand","embeddable":true,"href":"https:\/\/www.moskito.cz\/es\/wp-json\/wp\/v2\/product_brand?post=337813"},{"taxonomy":"product_cat","embeddable":true,"href":"https:\/\/www.moskito.cz\/es\/wp-json\/wp\/v2\/product_cat?post=337813"},{"taxonomy":"product_tag","embeddable":true,"href":"https:\/\/www.moskito.cz\/es\/wp-json\/wp\/v2\/product_tag?post=337813"}],"curies":[{"name":"wp","href":"https:\/\/api.w.org\/{rel}","templated":true}]}}