{"id":337995,"date":"2024-04-30T22:39:40","date_gmt":"2024-04-30T21:42:46","guid":{"rendered":"https:\/\/www.moskito.cz\/produkt\/cuchillo-fijo-crkt-razel-cincel-2130\/"},"modified":"2025-05-07T11:13:59","modified_gmt":"2025-05-07T10:13:59","slug":"cuchillo-fijo-crkt-razel-cincel-2130","status":"publish","type":"product","link":"https:\/\/www.moskito.cz\/es\/produkt\/cuchillo-fijo-crkt-razel-cincel-2130\/","title":{"rendered":"Cuchillo Fijo CRKT Razel Cincel 2130"},"content":{"rendered":"<p>Cuchillo Fijo <strong>CRKT<\/strong> Razel Cincel 2130.<\/p>\n<p>A veces la mejor herramienta para el trabajo es la m\u00e1s sencilla. El Razel\u2122 Chisel es una hoja s\u00f3lida para su bolsillo que sigue de cerca el ic\u00f3nico dise\u00f1o original de Jon Graham. La hoja est\u00e1 hecha de acero con alto contenido de carbono y con un cincel de una sola cara, la hoja es incre\u00edblemente f\u00e1cil de reafilar. El mango de metal mantiene el peso al m\u00ednimo, mientras que el cord\u00f3n incluido extiende el mango para un mejor control.<br \/>\nF\u00e1cil afilado: la hoja de acero inoxidable con alto contenido de carbono sujeta bien el filo<br \/>\nF\u00e1cil afilado: el borde del cincel es f\u00e1cil de mantener<br \/>\nM\u00e1xima durabilidad: el mango de acero inoxidable puede soportar un uso intensivo<br \/>\nTransporte c\u00f3modo: estuche de bolsillo para un despliegue r\u00e1pido<br \/>\nEn control: el mando cuenta con un mango extendido para un mayor control.<\/p>\n<p>Hoja fabricada en acero 8Cr13MoV<br \/>\nBorde de la hoja liso<br \/>\nAcabado de la hoja lavado a la piedra<br \/>\nLongitud de la hoja: 5,08 cm<br \/>\nGrosor de la hoja: 0,31 cm.<br \/>\nLongitud total: 13,49 cm.<br \/>\nPeso 2,00 onzas. (56,70 g)<br \/>\nMaterial del mango Acero inoxidable<br \/>\nElegante cuchillo de hoja fija con funda<\/p>\n<p><iframe title=\"CRKT Razel\u2122 Chisel | Jon Graham Design\" width=\"800\" height=\"450\" src=\"https:\/\/www.youtube.com\/embed\/w1E1t5aMm7o?feature=oembed\" frameborder=\"0\" allow=\"accelerometer; autoplay; clipboard-write; encrypted-media; gyroscope; picture-in-picture; web-share\" referrerpolicy=\"strict-origin-when-cross-origin\" allowfullscreen><\/iframe><\/p>\n<p>&nbsp;<\/p>\n","protected":false},"excerpt":{"rendered":"<p>DISE\u00d1ADOR<br \/>\nJon Graham<br \/>\nCleveland, Tennesse<br \/>\nNacido de un padre amante de los cuchillos, Jon Graham de Cleveland, Tennessee, aprendi\u00f3 la importancia de un buen cuchillo desde una edad temprana. \u00abConsegu\u00ed mi primer cuchillo cuando ten\u00eda siete a\u00f1os y desde entonces no he estado sin uno\u00bb. A finales de los 80 Hace a\u00f1os, cuando Jon estaba destinado en Aviaono AB Italia, descubri\u00f3 cuchillos hechos a mano en una revista y supo que era algo que quer\u00eda hacer. Despu\u00e9s de salir de la Fuerza A\u00e9rea y conseguir un trabajo, Jon comenz\u00f3 a fabricar cuchillos de mesa con herramientas b\u00e1sicas en 1994. Cansado de hacer dise\u00f1os de otras personas, Jon le pidi\u00f3 a su hermano Josh en 1999 que consiguiera algo de equipo y aprendiera a hacer cuchillos mediante desguace. Ha estado enganchado desde entonces y se esfuerza constantemente por mejorar sus dise\u00f1os y habilidades, aprovechando su experiencia como t\u00e9cnico de motores di\u00e9sel. Graham Knives se especializa en dise\u00f1os t\u00e1cticos utilitarios con \u00e9nfasis en navajas EDC de hoja fija, pero su l\u00ednea favorita de cuchillos es el Razel personalizado de doble filo, que la compa\u00f1\u00eda fabrica en muchos tama\u00f1os y estilos. Es el dise\u00f1ador de CRKT Razel y Folding Razel.<\/p>\n","protected":false},"featured_media":337960,"comment_status":"open","ping_status":"closed","template":"","meta":[],"pwb-brand":[3765],"product_brand":[],"product_cat":[3726,3727],"product_tag":[3756],"class_list":{"0":"post-337995","1":"product","2":"type-product","3":"status-publish","4":"has-post-thumbnail","6":"pwb-brand-crkt-es","7":"product_cat-cuchillos","8":"product_cat-cuchillos-macizos","9":"product_tag-b2b-es","11":"first","12":"instock","13":"taxable","14":"shipping-taxable","15":"purchasable","16":"product-type-simple"},"brands":[{"id":3765,"name":"CRKT","slug":"crkt-es"}],"_links":{"self":[{"href":"https:\/\/www.moskito.cz\/es\/wp-json\/wp\/v2\/product\/337995","targetHints":{"allow":["GET"]}}],"collection":[{"href":"https:\/\/www.moskito.cz\/es\/wp-json\/wp\/v2\/product"}],"about":[{"href":"https:\/\/www.moskito.cz\/es\/wp-json\/wp\/v2\/types\/product"}],"replies":[{"embeddable":true,"href":"https:\/\/www.moskito.cz\/es\/wp-json\/wp\/v2\/comments?post=337995"}],"wp:featuredmedia":[{"embeddable":true,"href":"https:\/\/www.moskito.cz\/es\/wp-json\/wp\/v2\/media\/337960"}],"wp:attachment":[{"href":"https:\/\/www.moskito.cz\/es\/wp-json\/wp\/v2\/media?parent=337995"}],"wp:term":[{"taxonomy":"pwb-brand","embeddable":true,"href":"https:\/\/www.moskito.cz\/es\/wp-json\/wp\/v2\/pwb-brand?post=337995"},{"taxonomy":"product_brand","embeddable":true,"href":"https:\/\/www.moskito.cz\/es\/wp-json\/wp\/v2\/product_brand?post=337995"},{"taxonomy":"product_cat","embeddable":true,"href":"https:\/\/www.moskito.cz\/es\/wp-json\/wp\/v2\/product_cat?post=337995"},{"taxonomy":"product_tag","embeddable":true,"href":"https:\/\/www.moskito.cz\/es\/wp-json\/wp\/v2\/product_tag?post=337995"}],"curies":[{"name":"wp","href":"https:\/\/api.w.org\/{rel}","templated":true}]}}