{"id":338042,"date":"2024-05-01T07:48:47","date_gmt":"2024-05-01T06:48:47","guid":{"rendered":"https:\/\/www.moskito.cz\/produkt\/cuchillo-de-tiro-microtech-ludt-gen-iii-apocalyptic-1135-10ap\/"},"modified":"2025-05-07T11:14:02","modified_gmt":"2025-05-07T10:14:02","slug":"cuchillo-de-tiro-microtech-ludt-gen-iii-apocalyptic-1135-10ap","status":"publish","type":"product","link":"https:\/\/www.moskito.cz\/es\/produkt\/cuchillo-de-tiro-microtech-ludt-gen-iii-apocalyptic-1135-10ap\/","title":{"rendered":"Cuchillo de tiro Microtech LUDT Gen III Apocalyptic 1135-10AP"},"content":{"rendered":"<p>Cuchillo de tiro <strong>Microtech<\/strong> LUDT Gen III Apocalyptic 1135-10AP.<\/p>\n<p><strong>El LUDT Gen III 2023<\/strong> es el pin\u00e1culo de la herencia <strong>de Microtech<\/strong> y una versi\u00f3n refinada del famoso cuchillo Underwater Demolition Team. <strong>LUDT<\/strong> , que se cre\u00f3 a mediados de los a\u00f1os 1990. a\u00f1os 20 siglo, r\u00e1pidamente se convirti\u00f3 en uno de los cuchillos <strong>Microtech<\/strong> m\u00e1s vendidos en la historia. Despu\u00e9s de una pausa temporal en la l\u00ednea Microtech, nos complace anunciar el resurgimiento de esta ic\u00f3nica hoja.<\/p>\n<p><strong>El LUDT<\/strong> cuenta con una hoja mecanizada con precisi\u00f3n con un dorso coronado, un recorrido para el pulgar, una punta reforzada y ahora una ranura sangrienta\/m\u00e1s completa, lo que garantiza una eficiencia de penetraci\u00f3n inigualable sin comprometer la integridad estructural. El tratamiento superficial de la hoja no s\u00f3lo aumenta su atractivo est\u00e9tico, sino que tambi\u00e9n contribuye a su excepcional durabilidad. Un mango con cinta de tracci\u00f3n 3M perfectamente integrada en el dise\u00f1o eleva este cuchillo al estado de un componente ideal para transporte diario (EDC).<\/p>\n<p>Cada detalle, desde el bot\u00f3n disparador hasta el clip de bolsillo, ha sido refinado y mejorado, garantizando una apariencia general armoniosa y sofisticada. El mango, fabricado precisamente en aluminio aeron\u00e1utico, no s\u00f3lo confiere robustez al cuchillo, sino que tambi\u00e9n mantiene el peso al m\u00ednimo. Con su dise\u00f1o ergon\u00f3mico y su despliegue ultrarr\u00e1pido, <strong>el LUDT<\/strong> ejemplifica la perfecci\u00f3n en una hoja que lo abarca todo.<\/p>\n<p>Con un historial comprobado que ha resistido la prueba del tiempo, <strong>el LUDT Gen III<\/strong> 2023 regresa triunfalmente a la l\u00ednea. Esta herramienta excepcional ahora cuenta con tornillos Torx y un orificio para cord\u00f3n exclusivo, lo que agrega practicidad y una capa adicional de seguridad a su meticulosa artesan\u00eda.<br \/>\nEspecificaciones<\/p>\n<p>Longitud de la hoja: 8,62 cm<br \/>\nLargo cerrado: <span id=\"cwos\" class=\"qv3Wpe\">11,37<\/span> cm<br \/>\nLargo total: 20cm<br \/>\nAcero de la hoja: acero inoxidable Bohler M390MK<br \/>\nGrosor de la hoja: 0,33 cm.<br \/>\nEstilo de hoja: Punto de ca\u00edda<br \/>\nRectificado de la hoja: Plano<br \/>\nAcabado de la hoja: Apocal\u00edptico<br \/>\nMaterial del mango: aluminio negro con inserciones de cinta de tracci\u00f3n 3M<br \/>\nGrosor del mango: <span id=\"cwos\" class=\"qv3Wpe\">1,28<\/span> cm.<br \/>\nMecanismo de bloqueo: Bot\u00f3n<br \/>\nConjunto de pasador: 24 cojinetes de carburo de silicio<br \/>\nClip de bolsillo: Acero inoxidable (desplegable, para uso en la mano derecha)<br \/>\nPeso: 3,46 onzas.<br \/>\nDise\u00f1ador: Tony Marfione<br \/>\nConstrucci\u00f3n de tornillo Torx<br \/>\nSurco sangu\u00edneo\/m\u00e1s lleno<br \/>\nHecho en EE.UU<\/p>\n<p><iframe title=\"Microtech Combat Troodon Torture Test\" width=\"800\" height=\"450\" src=\"https:\/\/www.youtube.com\/embed\/xE9TeOFYEjg?feature=oembed\" frameborder=\"0\" allow=\"accelerometer; autoplay; clipboard-write; encrypted-media; gyroscope; picture-in-picture; web-share\" referrerpolicy=\"strict-origin-when-cross-origin\" allowfullscreen><\/iframe><\/p>\n<p>&nbsp;<\/p>\n","protected":false},"excerpt":{"rendered":"<p><strong>A lo largo de los a\u00f1os, Microtech\u00ae Knives ha llenado los cuchillos con pasi\u00f3n y habilidad para crear casi obras de arte que son el pin\u00e1culo de la funcionalidad. Todas las piezas se fabrican en los EE. UU.<\/strong><br \/>\n<strong>Todos los cuchillos Microtech vienen con una garant\u00eda de por vida.<\/strong><\/p>\n<p><strong>Transporte gratuito.<\/strong><\/p>\n","protected":false},"featured_media":437792,"comment_status":"open","ping_status":"closed","template":"","meta":[],"pwb-brand":[3752],"product_brand":[],"product_cat":[3729,3726],"product_tag":[3756],"class_list":{"0":"post-338042","1":"product","2":"type-product","3":"status-publish","4":"has-post-thumbnail","6":"pwb-brand-microtecnologia","7":"product_cat-cuchillos-de-tiro","8":"product_cat-cuchillos","9":"product_tag-b2b-es","11":"first","12":"outofstock","13":"taxable","14":"shipping-taxable","15":"purchasable","16":"product-type-simple"},"brands":[{"id":3752,"name":"microtecnolog\u00eda","slug":"microtecnologia"}],"_links":{"self":[{"href":"https:\/\/www.moskito.cz\/es\/wp-json\/wp\/v2\/product\/338042","targetHints":{"allow":["GET"]}}],"collection":[{"href":"https:\/\/www.moskito.cz\/es\/wp-json\/wp\/v2\/product"}],"about":[{"href":"https:\/\/www.moskito.cz\/es\/wp-json\/wp\/v2\/types\/product"}],"replies":[{"embeddable":true,"href":"https:\/\/www.moskito.cz\/es\/wp-json\/wp\/v2\/comments?post=338042"}],"wp:featuredmedia":[{"embeddable":true,"href":"https:\/\/www.moskito.cz\/es\/wp-json\/wp\/v2\/media\/437792"}],"wp:attachment":[{"href":"https:\/\/www.moskito.cz\/es\/wp-json\/wp\/v2\/media?parent=338042"}],"wp:term":[{"taxonomy":"pwb-brand","embeddable":true,"href":"https:\/\/www.moskito.cz\/es\/wp-json\/wp\/v2\/pwb-brand?post=338042"},{"taxonomy":"product_brand","embeddable":true,"href":"https:\/\/www.moskito.cz\/es\/wp-json\/wp\/v2\/product_brand?post=338042"},{"taxonomy":"product_cat","embeddable":true,"href":"https:\/\/www.moskito.cz\/es\/wp-json\/wp\/v2\/product_cat?post=338042"},{"taxonomy":"product_tag","embeddable":true,"href":"https:\/\/www.moskito.cz\/es\/wp-json\/wp\/v2\/product_tag?post=338042"}],"curies":[{"name":"wp","href":"https:\/\/api.w.org\/{rel}","templated":true}]}}