{"id":338045,"date":"2020-01-29T11:41:35","date_gmt":"2024-05-01T06:52:35","guid":{"rendered":"https:\/\/www.moskito.cz\/produkt\/cuchillo-de-tiro-microtech-utx-85-233-10\/"},"modified":"2025-07-11T07:50:40","modified_gmt":"2025-07-11T06:50:40","slug":"cuchillo-de-tiro-microtech-utx-85-233-10","status":"publish","type":"product","link":"https:\/\/www.moskito.cz\/es\/produkt\/cuchillo-de-tiro-microtech-utx-85-233-10\/","title":{"rendered":"Cuchillo de tiro Microtech UTX-85 233-10"},"content":{"rendered":"<p>Cuchillo de tiro <strong>Microtech UTX-85<\/strong> 233-10.<\/p>\n<p><span lang=\"cs\">A lo largo de los a\u00f1os, Microtech\u00ae Knives ha llenado los cuchillos con pasi\u00f3n y habilidad para crear casi obras de arte que son el pin\u00e1culo de la funcionalidad. Contin\u00faa superando los l\u00edmites y mejorando la<br \/>\nlo que ya sabe funciona. En 2020, Microtech\u00ae Knives se ha convertido en una marca l\u00edder de cuchillos.<br \/>\nuna marca que est\u00e1 en constante evoluci\u00f3n y avanzando con la \u00faltima tecnolog\u00eda,<br \/>\nPrincipios antiguos de fabricaci\u00f3n de cuchillas y m\u00e1ximas pruebas de campo para no comprometer la calidad.  <\/span><\/p>\n<p><span class=\"tlid-translation translation\"><span class=\"\" title=\"\">Un cuchillo de tiro desde el frente.<\/span><\/span><\/p>\n<p><span class=\"tlid-translation translation\"><span class=\"\" title=\"\">El cuchillo de tiro Microtech UTX-85 233-10 est\u00e1 equipado con una hoja con un filo tanto simple.<\/span> <span class=\"\" title=\"\">Tiene un mango de aluminio moldeado negro hecho de aluminio anodizado 6061-T6 con una punta esf\u00e9rica hecha de acero inoxidable.<\/span><\/span><\/p>\n<p><span title=\"\"><strong>Microtech<\/strong> ha equipado esta versi\u00f3n del siempre popular cuchillo OTF con un dise\u00f1o de mango contorneado suave que aumenta la comodidad de uso.<\/span> <span title=\"\">Este modelo actualizado ofrece las mismas dimensiones, hardware y durabilidad que ofrece la variante \u00abTri-Grip\u00bb, pero cabe m\u00e1s f\u00e1cilmente en la mano y en el bolsillo.<\/span><\/p>\n<p><span title=\"\">Para aquellos que no est\u00e1n familiarizados con la tecnolog\u00eda, se trata de una navaja totalmente autom\u00e1tica con un doble mecanismo en la parte frontal, lo que significa que la hoja se pliega y se retrae con el pulgar.<\/span> <span title=\"\">El cuchillo Ultratech de <strong>Microtech<\/strong> estableci\u00f3 el list\u00f3n para todos los cuchillos OTF.<\/span><\/p>\n<p><span class=\"tlid-translation translation\"><span class=\"\" title=\"\">Longitud total: 18,75 cm.<\/span><br \/>\n<span class=\"\" title=\"\">Longitud de la hoja: 7,81 cm<\/span><br \/>\n<span class=\"\" title=\"\">Filo: 7,17 cm.<\/span><br \/>\n<span class=\"\" title=\"\">Grosor de la hoja: 0,32 cm<\/span><br \/>\n<span class=\"\" title=\"\">Material de la hoja: Bohler M390<\/span><br \/>\n<span title=\"\">Estilo de hoja: Tanto<\/span><br \/>\n<span title=\"\">Inserciones: planas<\/span><br \/>\n<span title=\"\">Tipo de borde: liso<\/span><br \/>\n<span title=\"\">Longitud del mango: 10,92 cm<\/span><br \/>\n<span class=\"\" title=\"\">Grosor del mango: 1,17 cm.<\/span><br \/>\n<span title=\"\">Material del mango: aluminio<\/span><br \/>\n<span title=\"\">Peso: 3,06 onzas.<\/span><br \/>\n<span title=\"\">Usuario: mano derecha<\/span><br \/>\n<span title=\"\">Clip de bolsillo: inclinado hacia abajo<\/span><br \/>\n<span title=\"\">Tipo de cuchillo: OTF de doble acci\u00f3n autom\u00e1tico<\/span><br \/>\n<span title=\"\">Abridor: Diapositiva del pulgar<\/span><br \/>\n<span title=\"\">Marca: Microtech<\/span><br \/>\n<span title=\"\">Modelo: UTX-85<\/span><br \/>\n<span title=\"\">N\u00famero de modelo:<\/span> 233-10<br \/>\n<span title=\"\">Pa\u00eds de origen: EE.UU.<\/span><br \/>\n<span title=\"\">Mejor uso: t\u00e1ctico<\/span><\/span><\/p>\n<div class=\"description\">\n<p><iframe title=\"Microtech Combat Troodon Torture Test\" width=\"800\" height=\"450\" src=\"https:\/\/www.youtube.com\/embed\/xE9TeOFYEjg?feature=oembed\" frameborder=\"0\" allow=\"accelerometer; autoplay; clipboard-write; encrypted-media; gyroscope; picture-in-picture; web-share\" referrerpolicy=\"strict-origin-when-cross-origin\" allowfullscreen><\/iframe><\/p>\n<div class=\"clearfix\"><\/div>\n<\/div>\n","protected":false},"excerpt":{"rendered":"<p>A lo largo de los a\u00f1os, Microtech\u00ae Knives ha llenado los cuchillos con pasi\u00f3n y habilidad para crear casi obras de arte que son el pin\u00e1culo de la funcionalidad. Todas las piezas se fabrican en los EE. UU.<br \/>\n<strong>Todos los cuchillos Microtech vienen con una garant\u00eda de por vida.<\/strong><\/p>\n","protected":false},"featured_media":178336,"comment_status":"open","ping_status":"closed","template":"","meta":[],"pwb-brand":[3752],"product_brand":[],"product_cat":[3726,3729],"product_tag":[3756],"class_list":{"0":"post-338045","1":"product","2":"type-product","3":"status-publish","4":"has-post-thumbnail","6":"pwb-brand-microtecnologia","7":"product_cat-cuchillos","8":"product_cat-cuchillos-de-tiro","9":"product_tag-b2b-es","11":"first","12":"instock","13":"taxable","14":"shipping-taxable","15":"purchasable","16":"product-type-simple"},"brands":[{"id":3752,"name":"microtecnolog\u00eda","slug":"microtecnologia"}],"_links":{"self":[{"href":"https:\/\/www.moskito.cz\/es\/wp-json\/wp\/v2\/product\/338045","targetHints":{"allow":["GET"]}}],"collection":[{"href":"https:\/\/www.moskito.cz\/es\/wp-json\/wp\/v2\/product"}],"about":[{"href":"https:\/\/www.moskito.cz\/es\/wp-json\/wp\/v2\/types\/product"}],"replies":[{"embeddable":true,"href":"https:\/\/www.moskito.cz\/es\/wp-json\/wp\/v2\/comments?post=338045"}],"wp:featuredmedia":[{"embeddable":true,"href":"https:\/\/www.moskito.cz\/es\/wp-json\/wp\/v2\/media\/178336"}],"wp:attachment":[{"href":"https:\/\/www.moskito.cz\/es\/wp-json\/wp\/v2\/media?parent=338045"}],"wp:term":[{"taxonomy":"pwb-brand","embeddable":true,"href":"https:\/\/www.moskito.cz\/es\/wp-json\/wp\/v2\/pwb-brand?post=338045"},{"taxonomy":"product_brand","embeddable":true,"href":"https:\/\/www.moskito.cz\/es\/wp-json\/wp\/v2\/product_brand?post=338045"},{"taxonomy":"product_cat","embeddable":true,"href":"https:\/\/www.moskito.cz\/es\/wp-json\/wp\/v2\/product_cat?post=338045"},{"taxonomy":"product_tag","embeddable":true,"href":"https:\/\/www.moskito.cz\/es\/wp-json\/wp\/v2\/product_tag?post=338045"}],"curies":[{"name":"wp","href":"https:\/\/api.w.org\/{rel}","templated":true}]}}