{"id":338071,"date":"2022-07-14T13:32:14","date_gmt":"2024-05-01T06:53:07","guid":{"rendered":"https:\/\/www.moskito.cz\/produkt\/cuchillo-de-tiro-microtech-utx-85-od-verde-apocaliptico-233-10apod\/"},"modified":"2025-05-07T11:14:05","modified_gmt":"2025-05-07T10:14:05","slug":"cuchillo-de-tiro-microtech-utx-85-od-verde-apocaliptico-233-10apod","status":"publish","type":"product","link":"https:\/\/www.moskito.cz\/es\/produkt\/cuchillo-de-tiro-microtech-utx-85-od-verde-apocaliptico-233-10apod\/","title":{"rendered":"Cuchillo de Tiro Microtech UTX-85 OD Verde Apocal\u00edptico 233-10APOD"},"content":{"rendered":"<p>Cuchillo de Tiro <strong>Microtech<\/strong> UTX-85 OD Verde Apocal\u00edptico 233-10APOD<\/p>\n<p>Microtech ha actualizado y mejorado el modelo UTX-85. Presenta una ergonom\u00eda mejorada, superficies de mango redondeadas y parches ranurados en los laterales para garantizar un agarre excelente. El bot\u00f3n disparador ha sido redise\u00f1ado para aumentar el contacto con la superficie para un compromiso efectivo, y el rompevidrios tiene una punta de bola colocada en una base con patr\u00f3n triangular para mejorar sus patrones de uso diario. El UTX-85 est\u00e1 basado en la plataforma Ultratech y est\u00e1 reducida al 85% de su longitud. El UTX-85 es una opci\u00f3n atractiva para aquellos que prefieren una navaja EDC m\u00e1s peque\u00f1a y aprecian la acci\u00f3n frontal de alto rendimiento y la excepcional calidad de construcci\u00f3n de Microtech.<\/p>\n<p>Este modelo cuenta con un mango de aluminio 6061-T6 anodizado verde OD con el logotipo de Claw en el frente. Hoja tanto de acero inoxidable M390 con acabado apocal\u00edptico. Herrajes con acabado apocal\u00edptico, clip de bolsillo y punta para romper cristales a juego. La hoja tiene informaci\u00f3n del modelo. El clip de bolsillo tiene el logotipo de Microtech, el n\u00famero de serie y la fecha de fabricaci\u00f3n. Viene nuevo en caja.<\/p>\n<p>Longitud total: 18,75 cm.<br \/>\nLongitud de la hoja: 7,81 cm<br \/>\nFilo: 7,17 cm.<br \/>\nGrosor de la hoja: 0,32 cm<br \/>\nMaterial de la hoja: Bohler M390<br \/>\nInserciones: planas<br \/>\nLongitud del mango: 10,92 cm<br \/>\nGrosor del mango: 1,17 cm.<br \/>\nMaterial del mango: aluminio<br \/>\nPeso: 3,06 onzas.<br \/>\nUsuario: mano derecha<br \/>\nClip de bolsillo: inclinado hacia abajo<br \/>\nTipo de cuchillo: OTF de doble acci\u00f3n autom\u00e1tico<br \/>\nAbridor: Diapositiva del pulgar<br \/>\nMarca: Microtech<br \/>\nModelo: UTX-85<br \/>\nPa\u00eds de origen: EE.UU.<br \/>\nMejor uso: t\u00e1ctico<\/p>\n<p><iframe title=\"Microtech Combat Troodon Torture Test\" width=\"800\" height=\"450\" src=\"https:\/\/www.youtube.com\/embed\/xE9TeOFYEjg?feature=oembed\" frameborder=\"0\" allow=\"accelerometer; autoplay; clipboard-write; encrypted-media; gyroscope; picture-in-picture; web-share\" referrerpolicy=\"strict-origin-when-cross-origin\" allowfullscreen><\/iframe><\/p>\n<p>&nbsp;<\/p>\n<p>&nbsp;<\/p>\n","protected":false},"excerpt":{"rendered":"<p>A lo largo de los a\u00f1os, Microtech\u00ae Knives ha llenado los cuchillos con pasi\u00f3n y habilidad para crear casi obras de arte que son el pin\u00e1culo de la funcionalidad. Todas las piezas se fabrican en los EE. UU.<br \/>\n<strong>Todos los cuchillos Microtech vienen con una garant\u00eda de por vida.<\/strong><\/p>\n<p><strong>Transporte gratuito.<\/strong><\/p>\n","protected":false},"featured_media":338072,"comment_status":"open","ping_status":"closed","template":"","meta":[],"pwb-brand":[3752],"product_brand":[],"product_cat":[3726,3729],"product_tag":[3756],"class_list":{"0":"post-338071","1":"product","2":"type-product","3":"status-publish","4":"has-post-thumbnail","6":"pwb-brand-microtecnologia","7":"product_cat-cuchillos","8":"product_cat-cuchillos-de-tiro","9":"product_tag-b2b-es","11":"first","12":"instock","13":"taxable","14":"shipping-taxable","15":"purchasable","16":"product-type-simple"},"brands":[{"id":3752,"name":"microtecnolog\u00eda","slug":"microtecnologia"}],"_links":{"self":[{"href":"https:\/\/www.moskito.cz\/es\/wp-json\/wp\/v2\/product\/338071","targetHints":{"allow":["GET"]}}],"collection":[{"href":"https:\/\/www.moskito.cz\/es\/wp-json\/wp\/v2\/product"}],"about":[{"href":"https:\/\/www.moskito.cz\/es\/wp-json\/wp\/v2\/types\/product"}],"replies":[{"embeddable":true,"href":"https:\/\/www.moskito.cz\/es\/wp-json\/wp\/v2\/comments?post=338071"}],"wp:featuredmedia":[{"embeddable":true,"href":"https:\/\/www.moskito.cz\/es\/wp-json\/wp\/v2\/media\/338072"}],"wp:attachment":[{"href":"https:\/\/www.moskito.cz\/es\/wp-json\/wp\/v2\/media?parent=338071"}],"wp:term":[{"taxonomy":"pwb-brand","embeddable":true,"href":"https:\/\/www.moskito.cz\/es\/wp-json\/wp\/v2\/pwb-brand?post=338071"},{"taxonomy":"product_brand","embeddable":true,"href":"https:\/\/www.moskito.cz\/es\/wp-json\/wp\/v2\/product_brand?post=338071"},{"taxonomy":"product_cat","embeddable":true,"href":"https:\/\/www.moskito.cz\/es\/wp-json\/wp\/v2\/product_cat?post=338071"},{"taxonomy":"product_tag","embeddable":true,"href":"https:\/\/www.moskito.cz\/es\/wp-json\/wp\/v2\/product_tag?post=338071"}],"curies":[{"name":"wp","href":"https:\/\/api.w.org\/{rel}","templated":true}]}}