{"id":338201,"date":"2024-05-01T08:28:37","date_gmt":"2024-05-01T07:30:30","guid":{"rendered":"https:\/\/www.moskito.cz\/produkt\/cuchillo-de-tiro-microtech-socom-elite-verde-estandar-160a-1od\/"},"modified":"2025-05-07T11:14:08","modified_gmt":"2025-05-07T10:14:08","slug":"cuchillo-de-tiro-microtech-socom-elite-verde-estandar-160a-1od","status":"publish","type":"product","link":"https:\/\/www.moskito.cz\/es\/produkt\/cuchillo-de-tiro-microtech-socom-elite-verde-estandar-160a-1od\/","title":{"rendered":"Cuchillo de Tiro Microtech Socom Elite Verde Est\u00e1ndar 160A-1OD"},"content":{"rendered":"<p>Cuchillo de tiro <strong>Microtech<\/strong> Socom Elite Green Standard 160A-1OD.<\/p>\n<p><strong>El Socom Elite<\/strong> establece el est\u00e1ndar m\u00e1s alto para cuchillos t\u00e1cticos\/utilitarios. Desde la creaci\u00f3n del Socom original en 1996, ha sido el pionero de toda la gama de navajas Microtech. A lo largo de los a\u00f1os se han realizado una serie de mejoras para que Socom se adapte mejor a diferentes entornos. Tanto el Socom autom\u00e1tico como el manual tienen una forma de mango \u00fanica que se adapta a su mano. Sabes que est\u00e1s comprando la mejor herramienta del mercado sin importar qu\u00e9 hoja elijas: punta de clip o tanto. Un rompecristales integrado en la base del mango y un gran pasador que permite una f\u00e1cil apertura con un guante le dan un aspecto impresionante. La robusta confiabilidad de Socom lo convierte en la primera opci\u00f3n para la comunidad de operaciones especiales.<br \/>\nEspecificaciones:<\/p>\n<p>Longitud de la hoja: 10,12 cm<br \/>\nLargo cerrado: 14 cm<br \/>\nLongitud total: 25 cm<br \/>\nAcero: M390<br \/>\nEstilo de hoja: Punta de clip<br \/>\nRectificado de la hoja: Plano<br \/>\nAcabado de la hoja: negro<br \/>\nMaterial del mango: Aluminio verde OD con inserciones texturizadas<br \/>\nMaterial de inserci\u00f3n: acero inoxidable<br \/>\nMecanismo de bloqueo: Insertar<br \/>\nClip de bolsillo: Acero inoxidable (plegable, uso adecuado)<br \/>\nPeso: 5,6 onzas.<br \/>\nDise\u00f1ador: Tony Marfione<br \/>\nHecho en EE.UU<\/p>\n<p><iframe title=\"Microtech Combat Troodon Torture Test\" width=\"800\" height=\"450\" src=\"https:\/\/www.youtube.com\/embed\/xE9TeOFYEjg?feature=oembed\" frameborder=\"0\" allow=\"accelerometer; autoplay; clipboard-write; encrypted-media; gyroscope; picture-in-picture; web-share\" referrerpolicy=\"strict-origin-when-cross-origin\" allowfullscreen><\/iframe><\/p>\n<p>&nbsp;<\/p>\n<p>&nbsp;<\/p>\n","protected":false},"excerpt":{"rendered":"<div class=\"elementor-element elementor-element-bbb542b elementor-widget elementor-widget-woocommerce-product-short-description\" data-id=\"bbb542b\" data-element_type=\"widget\" data-widget_type=\"woocommerce-product-short-description.default\">\n<div class=\"elementor-widget-container\">\n<div class=\"woocommerce-product-details__short-description\">\n<div class=\"elementor-element elementor-element-bbb542b elementor-widget elementor-widget-woocommerce-product-short-description\" data-id=\"bbb542b\" data-element_type=\"widget\" data-widget_type=\"woocommerce-product-short-description.default\">\n<div class=\"elementor-widget-container\">\n<div class=\"woocommerce-product-details__short-description\">\n<div class=\"elementor-element elementor-element-bbb542b elementor-widget elementor-widget-woocommerce-product-short-description\" data-id=\"bbb542b\" data-element_type=\"widget\" data-widget_type=\"woocommerce-product-short-description.default\">\n<div class=\"elementor-widget-container\">\n<div class=\"woocommerce-product-details__short-description\">\n<p><strong>A lo largo de los a\u00f1os, Microtech\u00ae Knives ha llenado los cuchillos con pasi\u00f3n y habilidad para crear casi obras de arte que son el pin\u00e1culo de la funcionalidad. Todas las piezas se fabrican en los EE. UU.<\/strong><br \/>\n<strong>Todos los cuchillos Microtech vienen con una garant\u00eda de por vida.<\/strong><\/p>\n<p><strong>Transporte gratuito.<\/strong><\/p>\n<\/div>\n<\/div>\n<\/div>\n<\/div>\n<\/div>\n<\/div>\n<\/div>\n<\/div>\n<\/div>\n","protected":false},"featured_media":338173,"comment_status":"open","ping_status":"closed","template":"","meta":[],"pwb-brand":[3752],"product_brand":[],"product_cat":[3726,3729],"product_tag":[3756],"class_list":{"0":"post-338201","1":"product","2":"type-product","3":"status-publish","4":"has-post-thumbnail","6":"pwb-brand-microtecnologia","7":"product_cat-cuchillos","8":"product_cat-cuchillos-de-tiro","9":"product_tag-b2b-es","11":"first","12":"outofstock","13":"taxable","14":"shipping-taxable","15":"purchasable","16":"product-type-simple"},"brands":[{"id":3752,"name":"microtecnolog\u00eda","slug":"microtecnologia"}],"_links":{"self":[{"href":"https:\/\/www.moskito.cz\/es\/wp-json\/wp\/v2\/product\/338201","targetHints":{"allow":["GET"]}}],"collection":[{"href":"https:\/\/www.moskito.cz\/es\/wp-json\/wp\/v2\/product"}],"about":[{"href":"https:\/\/www.moskito.cz\/es\/wp-json\/wp\/v2\/types\/product"}],"replies":[{"embeddable":true,"href":"https:\/\/www.moskito.cz\/es\/wp-json\/wp\/v2\/comments?post=338201"}],"wp:featuredmedia":[{"embeddable":true,"href":"https:\/\/www.moskito.cz\/es\/wp-json\/wp\/v2\/media\/338173"}],"wp:attachment":[{"href":"https:\/\/www.moskito.cz\/es\/wp-json\/wp\/v2\/media?parent=338201"}],"wp:term":[{"taxonomy":"pwb-brand","embeddable":true,"href":"https:\/\/www.moskito.cz\/es\/wp-json\/wp\/v2\/pwb-brand?post=338201"},{"taxonomy":"product_brand","embeddable":true,"href":"https:\/\/www.moskito.cz\/es\/wp-json\/wp\/v2\/product_brand?post=338201"},{"taxonomy":"product_cat","embeddable":true,"href":"https:\/\/www.moskito.cz\/es\/wp-json\/wp\/v2\/product_cat?post=338201"},{"taxonomy":"product_tag","embeddable":true,"href":"https:\/\/www.moskito.cz\/es\/wp-json\/wp\/v2\/product_tag?post=338201"}],"curies":[{"name":"wp","href":"https:\/\/api.w.org\/{rel}","templated":true}]}}