{"id":338369,"date":"2024-05-01T09:31:38","date_gmt":"2024-05-01T08:33:50","guid":{"rendered":"https:\/\/www.moskito.cz\/produkt\/cuchillo-de-cierre-microtech-stitch-169rl-2flgtta\/"},"modified":"2025-05-07T11:14:12","modified_gmt":"2025-05-07T10:14:12","slug":"cuchillo-de-cierre-microtech-stitch-169rl-2flgtta","status":"publish","type":"product","link":"https:\/\/www.moskito.cz\/es\/produkt\/cuchillo-de-cierre-microtech-stitch-169rl-2flgtta\/","title":{"rendered":"Cuchillo de cierre Microtech Stitch 169RL-2FLGTTA"},"content":{"rendered":"<p>Cuchillo de cierre <strong>Microtech<\/strong> Stitch 169RL-2FLGTTA.<\/p>\n<p><strong>Stitch<\/strong> RAM-LOK\u2122 es una versi\u00f3n hecha a mano de nuestra cl\u00e1sica colaboraci\u00f3n Borka Blades. Dise\u00f1ado para ser elegante y funcional, el RAM-LOK\u2122 Stitch cuenta con el bloqueo de barra RAM-LOK\u2122, nuestro ic\u00f3nico bot\u00f3n X, herrajes Torx est\u00e1ndar, un espaciador trasero de titanio y una manija G10. Completa con una hoja estilo Stitch, esta carpeta de mano es una excelente adici\u00f3n a su colecci\u00f3n o transporte diario.<\/p>\n<p>Este modelo cuenta con un mango moleteado G-10 color canela. Hoja parcialmente dentada de acero inoxidable M390MK en dise\u00f1o negro con acabado bicolor, bonito corte para dedos grandes y ranura para dedos y pulgar para un excelente agarre. Herrajes con acabado satinado, clip de bolsillo de doble cara y orificio para cord\u00f3n. El clip de bolsillo contiene informaci\u00f3n del modelo, el logotipo de Microtech y la fecha de fabricaci\u00f3n. La hoja est\u00e1 equipada con una garra Microtech y el logo de Borka.<\/p>\n<p>Pa\u00eds de origen: EE.UU.<br \/>\nFecha de origen: 2024<br \/>\nMaterial del mango: G10<br \/>\nMaterial de la hoja: M390MK<br \/>\nEstilo de hoja: Wharncliffe<br \/>\nAcabado de la pala: Negro satinado bicolor<br \/>\nTipo de borde: Dentado<br \/>\nTipo de bloqueo: RAM-LOK<br \/>\nLongitud total: 21,7 cm<br \/>\nLongitud de la hoja: 9,4 cm<br \/>\nGrosor de la hoja: 0,4 cm.<\/p>\n<p><iframe title=\"Microtech Combat Troodon Torture Test\" width=\"800\" height=\"450\" src=\"https:\/\/www.youtube.com\/embed\/xE9TeOFYEjg?feature=oembed\" frameborder=\"0\" allow=\"accelerometer; autoplay; clipboard-write; encrypted-media; gyroscope; picture-in-picture; web-share\" referrerpolicy=\"strict-origin-when-cross-origin\" allowfullscreen><\/iframe><\/p>\n<p>&nbsp;<\/p>\n<p>&nbsp;<\/p>\n<p>&nbsp;<\/p>\n","protected":false},"excerpt":{"rendered":"<div class=\"elementor-element elementor-element-bbb542b elementor-widget elementor-widget-woocommerce-product-short-description\" data-id=\"bbb542b\" data-element_type=\"widget\" data-widget_type=\"woocommerce-product-short-description.default\">\n<div class=\"elementor-widget-container\">\n<div class=\"woocommerce-product-details__short-description\">\n<p><strong>A lo largo de los a\u00f1os, Microtech\u00ae Knives ha llenado los cuchillos con pasi\u00f3n y habilidad para crear casi obras de arte que son el pin\u00e1culo de la funcionalidad. Todas las piezas se fabrican en los EE. UU.<\/strong><br \/>\n<strong>Todos los cuchillos Microtech vienen con una garant\u00eda de por vida.<\/strong><\/p>\n<p><strong>Transporte gratuito.<\/strong><\/p>\n<\/div>\n<\/div>\n<\/div>\n","protected":false},"featured_media":338341,"comment_status":"open","ping_status":"closed","template":"","meta":[],"pwb-brand":[3752],"product_brand":[],"product_cat":[3730,3726],"product_tag":[3756],"class_list":{"0":"post-338369","1":"product","2":"type-product","3":"status-publish","4":"has-post-thumbnail","6":"pwb-brand-microtecnologia","7":"product_cat-cuchillas-de-cierre","8":"product_cat-cuchillos","9":"product_tag-b2b-es","11":"first","12":"instock","13":"taxable","14":"shipping-taxable","15":"purchasable","16":"product-type-simple"},"brands":[{"id":3752,"name":"microtecnolog\u00eda","slug":"microtecnologia"}],"_links":{"self":[{"href":"https:\/\/www.moskito.cz\/es\/wp-json\/wp\/v2\/product\/338369","targetHints":{"allow":["GET"]}}],"collection":[{"href":"https:\/\/www.moskito.cz\/es\/wp-json\/wp\/v2\/product"}],"about":[{"href":"https:\/\/www.moskito.cz\/es\/wp-json\/wp\/v2\/types\/product"}],"replies":[{"embeddable":true,"href":"https:\/\/www.moskito.cz\/es\/wp-json\/wp\/v2\/comments?post=338369"}],"wp:featuredmedia":[{"embeddable":true,"href":"https:\/\/www.moskito.cz\/es\/wp-json\/wp\/v2\/media\/338341"}],"wp:attachment":[{"href":"https:\/\/www.moskito.cz\/es\/wp-json\/wp\/v2\/media?parent=338369"}],"wp:term":[{"taxonomy":"pwb-brand","embeddable":true,"href":"https:\/\/www.moskito.cz\/es\/wp-json\/wp\/v2\/pwb-brand?post=338369"},{"taxonomy":"product_brand","embeddable":true,"href":"https:\/\/www.moskito.cz\/es\/wp-json\/wp\/v2\/product_brand?post=338369"},{"taxonomy":"product_cat","embeddable":true,"href":"https:\/\/www.moskito.cz\/es\/wp-json\/wp\/v2\/product_cat?post=338369"},{"taxonomy":"product_tag","embeddable":true,"href":"https:\/\/www.moskito.cz\/es\/wp-json\/wp\/v2\/product_tag?post=338369"}],"curies":[{"name":"wp","href":"https:\/\/api.w.org\/{rel}","templated":true}]}}