{"id":338399,"date":"2021-09-07T22:02:57","date_gmt":"2024-05-01T09:01:04","guid":{"rendered":"https:\/\/www.moskito.cz\/produkt\/cuchillo-de-tiro-puntada-microtech-hojas-borka-punta-de-lanza-lavada-a-la-piedra-169-11\/"},"modified":"2025-05-07T11:14:13","modified_gmt":"2025-05-07T10:14:13","slug":"cuchillo-de-tiro-puntada-microtech-hojas-borka-punta-de-lanza-lavada-a-la-piedra-169-11","status":"publish","type":"product","link":"https:\/\/www.moskito.cz\/es\/produkt\/cuchillo-de-tiro-puntada-microtech-hojas-borka-punta-de-lanza-lavada-a-la-piedra-169-11\/","title":{"rendered":"Cuchillo de tiro Puntada Microtech Hojas Borka Punta de lanza lavada a la piedra 169-11"},"content":{"rendered":"<p>Cuchillo de tiro Puntada <strong>Microtech<\/strong> Hojas Borka Punta de lanza lavada a la piedra 169-11.<\/p>\n<p>Este Stitch autom\u00e1tico es una hermosa colaboraci\u00f3n t\u00e1ctica entre Tony Marfione y Sebastijan Berenji, tambi\u00e9n conocido como Borka. El incre\u00edble dise\u00f1o de Sebastijan Stitch con el incre\u00edble mecanismo de apertura autom\u00e1tica de Tony lo convierte en una de las mejores colaboraciones de producci\u00f3n de 2017. La hoja de 8,5 cm presenta una superficie plana y apocal\u00edptica. El mango es de aluminio altamente fresado con un acabado anodizado negro Mil-Spec Hardcoat y un espaciador posterior de aluminio. La hoja se dispara como un cohete y se bloquea s\u00f3lidamente, lo cual es una haza\u00f1a impresionante considerando que es AUTOM\u00c1TICO. Este es un modelo de producci\u00f3n muy esperado de la famosa costumbre, por lo que tienes la oportunidad de tener un cuchillo Borka a una fracci\u00f3n del precio.<\/p>\n<p>Dise\u00f1o Borka<br \/>\nTorx<br \/>\nEspaciador de aluminio texturizado<br \/>\nEspecificaciones<br \/>\nLongitud de la hoja: 8,5 cm<br \/>\nLongitud del mango: 12,5 cm<br \/>\nLongitud total: 21 cm<br \/>\nTenga en cuenta que la hoja de acero no se puede especificar ya que puede variar seg\u00fan la disponibilidad (informaci\u00f3n de Microtech)<br \/>\nGrosor de la hoja: 0,190&#8243;<br \/>\nEstilo de hoja: punta de lanza<br \/>\nRectificado de la hoja: Plano<br \/>\nTratamiento superficial de la hoja: Stonewash<br \/>\nMaterial del mango: aluminio fresado, revestimiento duro Mil-Spec, anodizado<br \/>\nGrosor del mango: 0,62&#8243;<br \/>\nMecanismo de bloqueo: Bot\u00f3n<br \/>\nClip de bolsillo: acero inoxidable (plegable, derecho)<br \/>\nPeso: 6,3 onzas.<br \/>\nDise\u00f1adores: Sebastijan Berenji y Tony Marfione<br \/>\nHecho en EE.UU<\/p>\n<p>&nbsp;<\/p>\n<p>&nbsp;<\/p>\n<p>Esta puntada autom\u00e1tica es una hermosa colaboraci\u00f3n t\u00e1ctica entre Tony Marfione y Sebastijan Berenji, tambi\u00e9n conocido como Borka. Toma el incre\u00edble dise\u00f1o de Stitch de Sebastijan y lo combina con el incre\u00edble mecanismo de apertura autom\u00e1tica de Tony para crear una de las colaboraciones de producci\u00f3n m\u00e1s geniales de 2017. La hoja con punta de lanza de 3.625&#8243; presenta un rectificado plano, un acabado apocal\u00edptico y saltos en la rampa para los dedos y el pulgar para una excelente sujeci\u00f3n durante las tareas de corte m\u00e1s finas. El mango es de aluminio muy fresado con un acabado anodizado negro Mil-Spec Hardcoat y un espaciador trasero de aluminio con puente. Se dispara como un cohete y se bloquea herm\u00e9ticamente, lo que, teniendo en cuenta que se trata de un AUTO, es una haza\u00f1a impresionante. Este es el modelo de producci\u00f3n tan esperado de la famosa costumbre, lo que le brinda la oportunidad de tener un cuchillo Borka a una fracci\u00f3n del costo.<\/p>\n<p>Caracter\u00edsticas<br \/>\nDise\u00f1o Borka<br \/>\nTorniller\u00eda<br \/>\nEspaciador de aluminio texturizado<br \/>\nEspecificaciones<br \/>\nLongitud de la hoja: 3.625&#8243;<br \/>\nFilo: 3,05&#8243;<br \/>\nLongitud del mango: 5.0&#8243;<br \/>\nLongitud total: 8.50&#8243;<br \/>\nTenga en cuenta que el acero de la hoja no se puede especificar ya que puede cambiar seg\u00fan la disponibilidad (informaci\u00f3n de Microtech)<br \/>\nGrosor de la hoja: 0,190&#8243;<br \/>\nEstilo de hoja: punta de lanza<br \/>\nRectificado de la hoja: Plano<br \/>\nAcabado de la hoja: Lavado a la piedra<br \/>\nMaterial del mango: Aluminio fresado, anodizado con capa dura Mil-Spec<br \/>\nGrosor del mango: 0,62&#8243;<br \/>\nMecanismo de bloqueo: Bot\u00f3n<br \/>\nClip de bolsillo: acero inoxidable (abatible, transporte derecho)<br \/>\nPeso: 6,3 onzas.<br \/>\nDise\u00f1adores: Sebastijan Berenji y Tony Marfione<br \/>\nHecho en los EE.UU.<\/p>\n","protected":false},"excerpt":{"rendered":"<p>A lo largo de los a\u00f1os , Microtech\u00ae Knives ha llenado los cuchillos con pasi\u00f3n y habilidad para crear casi obras de arte que son el pin\u00e1culo de la funcionalidad. Todas las piezas se fabrican en los EE. UU.<br \/>\n<strong>Todos los cuchillos Microtech vienen con una garant\u00eda de por vida.<\/strong><\/p>\n<p><strong>Transporte gratuito.<\/strong><\/p>\n","protected":false},"featured_media":338400,"comment_status":"open","ping_status":"closed","template":"","meta":[],"pwb-brand":[3752],"product_brand":[],"product_cat":[3726,3729],"product_tag":[3756],"class_list":{"0":"post-338399","1":"product","2":"type-product","3":"status-publish","4":"has-post-thumbnail","6":"pwb-brand-microtecnologia","7":"product_cat-cuchillos","8":"product_cat-cuchillos-de-tiro","9":"product_tag-b2b-es","11":"first","12":"instock","13":"taxable","14":"shipping-taxable","15":"purchasable","16":"product-type-simple"},"brands":[{"id":3752,"name":"microtecnolog\u00eda","slug":"microtecnologia"}],"_links":{"self":[{"href":"https:\/\/www.moskito.cz\/es\/wp-json\/wp\/v2\/product\/338399","targetHints":{"allow":["GET"]}}],"collection":[{"href":"https:\/\/www.moskito.cz\/es\/wp-json\/wp\/v2\/product"}],"about":[{"href":"https:\/\/www.moskito.cz\/es\/wp-json\/wp\/v2\/types\/product"}],"replies":[{"embeddable":true,"href":"https:\/\/www.moskito.cz\/es\/wp-json\/wp\/v2\/comments?post=338399"}],"wp:featuredmedia":[{"embeddable":true,"href":"https:\/\/www.moskito.cz\/es\/wp-json\/wp\/v2\/media\/338400"}],"wp:attachment":[{"href":"https:\/\/www.moskito.cz\/es\/wp-json\/wp\/v2\/media?parent=338399"}],"wp:term":[{"taxonomy":"pwb-brand","embeddable":true,"href":"https:\/\/www.moskito.cz\/es\/wp-json\/wp\/v2\/pwb-brand?post=338399"},{"taxonomy":"product_brand","embeddable":true,"href":"https:\/\/www.moskito.cz\/es\/wp-json\/wp\/v2\/product_brand?post=338399"},{"taxonomy":"product_cat","embeddable":true,"href":"https:\/\/www.moskito.cz\/es\/wp-json\/wp\/v2\/product_cat?post=338399"},{"taxonomy":"product_tag","embeddable":true,"href":"https:\/\/www.moskito.cz\/es\/wp-json\/wp\/v2\/product_tag?post=338399"}],"curies":[{"name":"wp","href":"https:\/\/api.w.org\/{rel}","templated":true}]}}