{"id":338626,"date":"2023-11-02T22:21:42","date_gmt":"2024-05-02T13:03:42","guid":{"rendered":"https:\/\/www.moskito.cz\/produkt\/cuchillo-lanzador-kershaw-launch-11\/"},"modified":"2025-05-07T11:14:18","modified_gmt":"2025-05-07T10:14:18","slug":"cuchillo-lanzador-kershaw-launch-11","status":"publish","type":"product","link":"https:\/\/www.moskito.cz\/es\/produkt\/cuchillo-lanzador-kershaw-launch-11\/","title":{"rendered":"Cuchillo Lanzador KERSHAW LAUNCH 11"},"content":{"rendered":"<p>Cuchillo Lanzador <strong>KERSHAW<\/strong> LAUNCH 11<\/p>\n<p>Ligero, aireado y ultrarr\u00e1pido, <strong>el Launch 11<\/strong> est\u00e1 destinado a ocupar un lugar destacado en su lista de deseos. Comparte el mango de acero y aluminio CPM-154 de alto rendimiento con el resto de la l\u00ednea Launch. Pero para el Launch 11, <strong>Kershaw<\/strong> le dio al cuchillo un perfil recto y agreg\u00f3 caracter\u00edsticas como un anillo giratorio de titanio anodizado en bronce, un atractivo corte en el mango y un espaciador trasero integrado. Un clip de bolsillo delgado y reversible hace que la EDC de esta navaja liviana sea a\u00fan m\u00e1s f\u00e1cil.<\/p>\n<p>Bloqueo de bot\u00f3n: se encuentra en la sierra plegable Kershaw, bloquea la hoja en la posici\u00f3n abierta durante el uso y luego la libera presionando el bot\u00f3n de almacenamiento.<br \/>\nReversible: los orificios pretaladrados en el mango permiten al usuario cambiar la posici\u00f3n de la punta o el lado en el que se lleva el cuchillo.<br \/>\nFabricado en los EE. UU.: cuando vea esto en uno de los cuchillos de Kershaw, significa que el cuchillo fue fabricado en sus instalaciones de fabricaci\u00f3n de Tualatin, Oreg\u00f3n, por los expertos cuchilleros de Kershaw.<\/p>\n<p>&nbsp;<\/p>\n<p>Especificaciones<br \/>\nLongitud de la hoja: 7,0 cm<br \/>\nLargo cerrado: 9,9 cm<br \/>\nLongitud total: 16,6 cm<br \/>\nMaterial de la hoja: Acero inoxidable CPM-154<br \/>\nEstilo de hoja: Tanto inverso<br \/>\nTratamiento superficial de la hoja: Stonewash<br \/>\nMaterial del mango: Aluminio bruto 6061-T6<br \/>\nMecanismo de bloqueo: bot\u00f3n AUTO<br \/>\nClip de bolsillo: abatible, uso derecho\/izquierdo<br \/>\nPeso: 2,1 onzas. (60g)<br \/>\nHecho en EE.UU<\/p>\n<p>&nbsp;<\/p>\n","protected":false},"excerpt":{"rendered":"<p><strong>Ligero, aireado y ultrarr\u00e1pido, el Launch 11 est\u00e1 destinado a ocupar un lugar destacado en su lista de deseos.<\/strong><\/p>\n","protected":false},"featured_media":338627,"comment_status":"open","ping_status":"closed","template":"","meta":[],"pwb-brand":[3777],"product_brand":[],"product_cat":[3726,3729],"product_tag":[],"class_list":{"0":"post-338626","1":"product","2":"type-product","3":"status-publish","4":"has-post-thumbnail","6":"pwb-brand-kershaw-es","7":"product_cat-cuchillos","8":"product_cat-cuchillos-de-tiro","10":"first","11":"outofstock","12":"taxable","13":"shipping-taxable","14":"purchasable","15":"product-type-simple"},"brands":[{"id":3777,"name":"Kershaw","slug":"kershaw-es"}],"_links":{"self":[{"href":"https:\/\/www.moskito.cz\/es\/wp-json\/wp\/v2\/product\/338626","targetHints":{"allow":["GET"]}}],"collection":[{"href":"https:\/\/www.moskito.cz\/es\/wp-json\/wp\/v2\/product"}],"about":[{"href":"https:\/\/www.moskito.cz\/es\/wp-json\/wp\/v2\/types\/product"}],"replies":[{"embeddable":true,"href":"https:\/\/www.moskito.cz\/es\/wp-json\/wp\/v2\/comments?post=338626"}],"wp:featuredmedia":[{"embeddable":true,"href":"https:\/\/www.moskito.cz\/es\/wp-json\/wp\/v2\/media\/338627"}],"wp:attachment":[{"href":"https:\/\/www.moskito.cz\/es\/wp-json\/wp\/v2\/media?parent=338626"}],"wp:term":[{"taxonomy":"pwb-brand","embeddable":true,"href":"https:\/\/www.moskito.cz\/es\/wp-json\/wp\/v2\/pwb-brand?post=338626"},{"taxonomy":"product_brand","embeddable":true,"href":"https:\/\/www.moskito.cz\/es\/wp-json\/wp\/v2\/product_brand?post=338626"},{"taxonomy":"product_cat","embeddable":true,"href":"https:\/\/www.moskito.cz\/es\/wp-json\/wp\/v2\/product_cat?post=338626"},{"taxonomy":"product_tag","embeddable":true,"href":"https:\/\/www.moskito.cz\/es\/wp-json\/wp\/v2\/product_tag?post=338626"}],"curies":[{"name":"wp","href":"https:\/\/api.w.org\/{rel}","templated":true}]}}