{"id":339092,"date":"2024-05-02T19:08:20","date_gmt":"2024-05-02T18:09:18","guid":{"rendered":"https:\/\/www.moskito.cz\/produkt\/cuchillo-de-cierre-sog-stout-sj-stonewashed-16-03-01-57\/"},"modified":"2025-05-07T11:14:28","modified_gmt":"2025-05-07T10:14:28","slug":"cuchillo-de-cierre-sog-stout-sj-stonewashed-16-03-01-57","status":"publish","type":"product","link":"https:\/\/www.moskito.cz\/es\/produkt\/cuchillo-de-cierre-sog-stout-sj-stonewashed-16-03-01-57\/","title":{"rendered":"Cuchillo de cierre SOG Stout SJ Stonewashed 16-03-01-57"},"content":{"rendered":"<p>Cuchillo de cierre <strong>SOG<\/strong> Stout SJ Stonewashed 16-03-01-57.<\/p>\n<p><strong>El Stout SJ<\/strong> es el resultado de una colaboraci\u00f3n entre el dise\u00f1ador de cuchillos dan\u00e9s Mikkel Willumsen y el fundador de SOG, Spencer Frazer. Cuenta con una hoja de acero rectificado CRYO D2, un marco de acero inoxidable y un mango resistente G10. Dise\u00f1ado para ser seguro, este producto estrella para el uso diario ofrece una apertura y cierre f\u00e1ciles y suaves con una posici\u00f3n abierta fuerte y segura.<\/p>\n<p>Con una hoja de menos de 3 pulgadas y una junta deslizante para apertura con dos manos, el Stout SJ tiene un dise\u00f1o de cuchillo universal compatible con viajes que cumple con las leyes en la mayor\u00eda de las ciudades, estados y pa\u00edses donde est\u00e1n prohibidos abrir o bloquear cuchillos con una sola mano. Hoja afilada de acero rectificado CRYO D2, empu\u00f1aduras G10 con buen agarre y mecanismo de articulaci\u00f3n deslizante dise\u00f1ado para ser seguro y f\u00e1cil de transportar.<\/p>\n<p>Especificaciones:<br \/>\nLongitud de la hoja: 6,55 cm<br \/>\nLargo cerrado: 9,42 cm<br \/>\nLongitud total: 15,97 cm.<br \/>\nMaterial de la hoja: Acero para herramientas D2<br \/>\nDureza de la hoja: 60-63 HRC<br \/>\nEstilo de hoja: Punta de clip<br \/>\nTratamiento superficial de la hoja: Stonewash<br \/>\nMaterial del mango: OD Green G10 y acero inoxidable<br \/>\nMecanismo de bloqueo: junta deslizante<br \/>\nPeso: 3,4 onzas.<\/p>\n","protected":false},"excerpt":{"rendered":"<p>El Stout SJ es el resultado de una colaboraci\u00f3n entre el dise\u00f1ador de cuchillos dan\u00e9s Mikkel Willumsen y el fundador de SOG, Spencer Frazer. Es un viajero mundial de la familia Stout.<\/p>\n","protected":false},"featured_media":339059,"comment_status":"open","ping_status":"closed","template":"","meta":[],"pwb-brand":[3848],"product_brand":[],"product_cat":[3730,3726],"product_tag":[3756],"class_list":{"0":"post-339092","1":"product","2":"type-product","3":"status-publish","4":"has-post-thumbnail","6":"pwb-brand-sog-es","7":"product_cat-cuchillas-de-cierre","8":"product_cat-cuchillos","9":"product_tag-b2b-es","11":"first","12":"instock","13":"taxable","14":"shipping-taxable","15":"purchasable","16":"product-type-simple"},"brands":[{"id":3848,"name":"SOG","slug":"sog-es"}],"_links":{"self":[{"href":"https:\/\/www.moskito.cz\/es\/wp-json\/wp\/v2\/product\/339092","targetHints":{"allow":["GET"]}}],"collection":[{"href":"https:\/\/www.moskito.cz\/es\/wp-json\/wp\/v2\/product"}],"about":[{"href":"https:\/\/www.moskito.cz\/es\/wp-json\/wp\/v2\/types\/product"}],"replies":[{"embeddable":true,"href":"https:\/\/www.moskito.cz\/es\/wp-json\/wp\/v2\/comments?post=339092"}],"wp:featuredmedia":[{"embeddable":true,"href":"https:\/\/www.moskito.cz\/es\/wp-json\/wp\/v2\/media\/339059"}],"wp:attachment":[{"href":"https:\/\/www.moskito.cz\/es\/wp-json\/wp\/v2\/media?parent=339092"}],"wp:term":[{"taxonomy":"pwb-brand","embeddable":true,"href":"https:\/\/www.moskito.cz\/es\/wp-json\/wp\/v2\/pwb-brand?post=339092"},{"taxonomy":"product_brand","embeddable":true,"href":"https:\/\/www.moskito.cz\/es\/wp-json\/wp\/v2\/product_brand?post=339092"},{"taxonomy":"product_cat","embeddable":true,"href":"https:\/\/www.moskito.cz\/es\/wp-json\/wp\/v2\/product_cat?post=339092"},{"taxonomy":"product_tag","embeddable":true,"href":"https:\/\/www.moskito.cz\/es\/wp-json\/wp\/v2\/product_tag?post=339092"}],"curies":[{"name":"wp","href":"https:\/\/api.w.org\/{rel}","templated":true}]}}