{"id":339142,"date":"2024-05-02T20:05:11","date_gmt":"2024-05-02T19:07:28","guid":{"rendered":"https:\/\/www.moskito.cz\/produkt\/cuchillo-plegable-sog-stout-flk-lavado-a-la-piedra-14-03-12-57\/"},"modified":"2025-05-07T11:14:29","modified_gmt":"2025-05-07T10:14:29","slug":"cuchillo-plegable-sog-stout-flk-lavado-a-la-piedra-14-03-12-57","status":"publish","type":"product","link":"https:\/\/www.moskito.cz\/es\/produkt\/cuchillo-plegable-sog-stout-flk-lavado-a-la-piedra-14-03-12-57\/","title":{"rendered":"Cuchillo plegable SOG Stout FLK lavado a la piedra 14-03-12-57"},"content":{"rendered":"<p>Cuchillo plegable <strong>SOG<\/strong> Stout FLK lavado a la piedra 14-03-12-57.<\/p>\n<p>Una navaja plegable compacta para llevar todos los d\u00edas con una cuchilla de 2,39 pulgadas hecha de acero CRYO D2 confiable, la Stout FLK es una navaja de bolsillo con un marco de bloqueo de apertura r\u00e1pida. Con un mango robusto G10 y acero inoxidable, el Stout FLK es el resultado de una colaboraci\u00f3n entre el dise\u00f1ador de cuchillos Mikkel Willumsen y el fundador de SOG, Spencer Frazer. No dejes que el tama\u00f1o m\u00e1s peque\u00f1o te enga\u00f1e. Este es un cuchillo s\u00f3lido que puedes sacar con confianza de tu bolsillo para enfrentar todos los desaf\u00edos del d\u00eda.<\/p>\n<p>Especificaciones:<br \/>\nLongitud de la hoja: 6 cm<br \/>\nLargo cerrado: 9,2 cm<br \/>\nLongitud total: 15 cm<br \/>\nMaterial de la hoja: Acero para herramientas D2<br \/>\nDureza de la hoja: 60-63 HRC<br \/>\nEstilo de hoja: cuchilla<br \/>\nTratamiento superficial de la hoja: Stonewash<br \/>\nMaterial del mango: G10 negro y acero inoxidable.<br \/>\nMecanismo de bloqueo: Marco<br \/>\nPeso: 3,9 onzas.<\/p>\n","protected":false},"excerpt":{"rendered":"<p>No dejes que el tama\u00f1o m\u00e1s peque\u00f1o te enga\u00f1e. Este es un cuchillo s\u00f3lido que puedes sacar con confianza de tu bolsillo para enfrentar todos los desaf\u00edos del d\u00eda.<\/p>\n","protected":false},"featured_media":339107,"comment_status":"open","ping_status":"closed","template":"","meta":[],"pwb-brand":[3848],"product_brand":[],"product_cat":[3730,3726],"product_tag":[3756],"class_list":{"0":"post-339142","1":"product","2":"type-product","3":"status-publish","4":"has-post-thumbnail","6":"pwb-brand-sog-es","7":"product_cat-cuchillas-de-cierre","8":"product_cat-cuchillos","9":"product_tag-b2b-es","11":"first","12":"instock","13":"taxable","14":"shipping-taxable","15":"purchasable","16":"product-type-simple"},"brands":[{"id":3848,"name":"SOG","slug":"sog-es"}],"_links":{"self":[{"href":"https:\/\/www.moskito.cz\/es\/wp-json\/wp\/v2\/product\/339142","targetHints":{"allow":["GET"]}}],"collection":[{"href":"https:\/\/www.moskito.cz\/es\/wp-json\/wp\/v2\/product"}],"about":[{"href":"https:\/\/www.moskito.cz\/es\/wp-json\/wp\/v2\/types\/product"}],"replies":[{"embeddable":true,"href":"https:\/\/www.moskito.cz\/es\/wp-json\/wp\/v2\/comments?post=339142"}],"wp:featuredmedia":[{"embeddable":true,"href":"https:\/\/www.moskito.cz\/es\/wp-json\/wp\/v2\/media\/339107"}],"wp:attachment":[{"href":"https:\/\/www.moskito.cz\/es\/wp-json\/wp\/v2\/media?parent=339142"}],"wp:term":[{"taxonomy":"pwb-brand","embeddable":true,"href":"https:\/\/www.moskito.cz\/es\/wp-json\/wp\/v2\/pwb-brand?post=339142"},{"taxonomy":"product_brand","embeddable":true,"href":"https:\/\/www.moskito.cz\/es\/wp-json\/wp\/v2\/product_brand?post=339142"},{"taxonomy":"product_cat","embeddable":true,"href":"https:\/\/www.moskito.cz\/es\/wp-json\/wp\/v2\/product_cat?post=339142"},{"taxonomy":"product_tag","embeddable":true,"href":"https:\/\/www.moskito.cz\/es\/wp-json\/wp\/v2\/product_tag?post=339142"}],"curies":[{"name":"wp","href":"https:\/\/api.w.org\/{rel}","templated":true}]}}