{"id":339294,"date":"2024-05-02T21:17:09","date_gmt":"2024-05-03T07:10:54","guid":{"rendered":"https:\/\/www.moskito.cz\/produkt\/cuchillo-de-cierre-sog-stout-sj-stonewashed-16-03-06-57\/"},"modified":"2025-05-07T11:14:34","modified_gmt":"2025-05-07T10:14:34","slug":"cuchillo-de-cierre-sog-stout-sj-stonewashed-16-03-06-57","status":"publish","type":"product","link":"https:\/\/www.moskito.cz\/es\/produkt\/cuchillo-de-cierre-sog-stout-sj-stonewashed-16-03-06-57\/","title":{"rendered":"Cuchillo de cierre SOG Stout SJ Stonewashed 16-03-06-57"},"content":{"rendered":"<p>Cuchillo de cierre <strong>SOG<\/strong> Stout SJ Stonewashed 16-03-06-57.<\/p>\n<p>El Stout SJ es el resultado de una colaboraci\u00f3n entre el dise\u00f1ador de cuchillos dan\u00e9s Mikkel Willumsen y el fundador de SOG, Spencer Frazer. Con una hoja de acero estilo cuchilla CRYO D2 con revestimiento de TiNi negro, un marco de acero inoxidable y un mango resistente G10. Dise\u00f1ado para ser seguro, este mecanismo de junta deslizante All-Star de uso diario ofrece una apertura y cierre f\u00e1ciles y suaves con una posici\u00f3n abierta fuerte y segura. Es un viajero mundial de la familia Stout.<\/p>\n<p>Especificaciones:<br \/>\nLongitud de la hoja: 6 cm<br \/>\nLargo cerrado: 9,2 cm<br \/>\nLongitud total: 15 cm<br \/>\nMaterial de la hoja: Acero para herramientas D2<br \/>\nGrosor de la hoja: 0,15&#8243;<br \/>\nDureza de la hoja: 60-63 HRC<br \/>\nEstilo de hoja: cuchilla<br \/>\nAcabado de la hoja: negro<br \/>\nMaterial del mango: G10 negro y acero inoxidable.<br \/>\nMecanismo de bloqueo: junta deslizante<br \/>\nPeso: 3,9 onzas.<\/p>\n","protected":false},"excerpt":{"rendered":"<p>No dejes que el tama\u00f1o m\u00e1s peque\u00f1o te enga\u00f1e. Este es un cuchillo s\u00f3lido que puedes sacar con confianza de tu bolsillo para enfrentar todos los desaf\u00edos del d\u00eda.<\/p>\n","protected":false},"featured_media":339254,"comment_status":"open","ping_status":"closed","template":"","meta":[],"pwb-brand":[3848],"product_brand":[],"product_cat":[3730,3726],"product_tag":[3756],"class_list":{"0":"post-339294","1":"product","2":"type-product","3":"status-publish","4":"has-post-thumbnail","6":"pwb-brand-sog-es","7":"product_cat-cuchillas-de-cierre","8":"product_cat-cuchillos","9":"product_tag-b2b-es","11":"first","12":"instock","13":"taxable","14":"shipping-taxable","15":"purchasable","16":"product-type-simple"},"brands":[{"id":3848,"name":"SOG","slug":"sog-es"}],"_links":{"self":[{"href":"https:\/\/www.moskito.cz\/es\/wp-json\/wp\/v2\/product\/339294","targetHints":{"allow":["GET"]}}],"collection":[{"href":"https:\/\/www.moskito.cz\/es\/wp-json\/wp\/v2\/product"}],"about":[{"href":"https:\/\/www.moskito.cz\/es\/wp-json\/wp\/v2\/types\/product"}],"replies":[{"embeddable":true,"href":"https:\/\/www.moskito.cz\/es\/wp-json\/wp\/v2\/comments?post=339294"}],"wp:featuredmedia":[{"embeddable":true,"href":"https:\/\/www.moskito.cz\/es\/wp-json\/wp\/v2\/media\/339254"}],"wp:attachment":[{"href":"https:\/\/www.moskito.cz\/es\/wp-json\/wp\/v2\/media?parent=339294"}],"wp:term":[{"taxonomy":"pwb-brand","embeddable":true,"href":"https:\/\/www.moskito.cz\/es\/wp-json\/wp\/v2\/pwb-brand?post=339294"},{"taxonomy":"product_brand","embeddable":true,"href":"https:\/\/www.moskito.cz\/es\/wp-json\/wp\/v2\/product_brand?post=339294"},{"taxonomy":"product_cat","embeddable":true,"href":"https:\/\/www.moskito.cz\/es\/wp-json\/wp\/v2\/product_cat?post=339294"},{"taxonomy":"product_tag","embeddable":true,"href":"https:\/\/www.moskito.cz\/es\/wp-json\/wp\/v2\/product_tag?post=339294"}],"curies":[{"name":"wp","href":"https:\/\/api.w.org\/{rel}","templated":true}]}}