{"id":339352,"date":"2024-05-03T10:41:28","date_gmt":"2024-05-03T09:45:30","guid":{"rendered":"https:\/\/www.moskito.cz\/produkt\/cuchillo-de-tiro-microtech-troodon-gen-iii-tactico-1142-3t\/"},"modified":"2025-05-07T11:14:36","modified_gmt":"2025-05-07T10:14:36","slug":"cuchillo-de-tiro-microtech-troodon-gen-iii-tactico-1142-3t","status":"publish","type":"product","link":"https:\/\/www.moskito.cz\/es\/produkt\/cuchillo-de-tiro-microtech-troodon-gen-iii-tactico-1142-3t\/","title":{"rendered":"Cuchillo de Tiro Microtech Troodon Gen III T\u00e1ctico 1142-3T"},"content":{"rendered":"<p>Cuchillo de Tiro <strong>Microtech<\/strong> Troodon Gen III Tactical 1142-3T.<\/p>\n<p>El Combat Troodon D\/E Gen 3 Tactical Black Aluminium, Black es el cuchillo autom\u00e1tico OTF (Out The Front) m\u00e1s grande de la serie Troodon, dise\u00f1ado para una amplia gama de aplicaciones de utilidad. Est\u00e1 elaborado con precisi\u00f3n y cuenta con un mecanismo sofisticado e infernalmente r\u00e1pido que extiende la hoja afilada. 100% fabricado y ensamblado en los EE.UU. Dise\u00f1ado por Anthony Marfione, fabricante de cuchillos y propietario de Microtech Knives.<\/p>\n<p>L\u00ednea Combat Troodon OTF: Troodon significa \u00abdiente que hiere\u00bb en griego. Aunque el nombre se le dio por primera vez al dinosaurio parecido a un Raptor, el nombre es igualmente apropiado para el gran cuchillo OTF de Microtech, dise\u00f1ado para una variedad de usos y combate cuerpo a cuerpo. La navaja autom\u00e1tica de doble acci\u00f3n (D\/A) es un OTF popular entre las fuerzas del orden, el ej\u00e9rcito estadounidense y el personal de emergencia. Su construcci\u00f3n robusta hace que el Combat Troodon\u00ae sea adecuado para un uso intensivo, y los beneficios del Out The Front autom\u00e1tico tambi\u00e9n lo convierten en un excelente cuchillo para llevar a diario.<\/p>\n<p>M390MK: una colaboraci\u00f3n entre los ingenieros de Microtech y B\u00f6hler ha dado como resultado una versi\u00f3n exclusiva del acero M390 fabricada exclusivamente para Microtech. El contenido de carbono se aument\u00f3 y se someti\u00f3 a una investigaci\u00f3n m\u00e1s detallada, mejorando las propiedades del acero M390 para proporcionar una mejor retenci\u00f3n de los bordes, resistencia a la corrosi\u00f3n y capacidad de pulido. Acero al cromo martens\u00edtico de alto rendimiento producido mediante pulvimetalurgia. Gracias a su concepto de aleaci\u00f3n, tiene una resistencia al desgaste extremadamente alta y una alta resistencia a la corrosi\u00f3n. Por su alta resistencia al desgaste mantiene adecuadamente la forma de la hoja, por lo que la hoja permanece afilada por mucho tiempo (requiere m\u00ednimo mantenimiento). Otra ventaja es la resistencia a la formaci\u00f3n de \u00abalambre\u00bb durante el afilado. El acero tiene un alto contenido de cromo 19,0% (Cr) dopado con 1,95% de carbono (C), vanadio 4,0% (V) y est\u00e1 endurecido a 59-61 HRC. Este s\u00faper acero es comparable a los aceros CPM 20CV o CTS-204P de Carpenter. Fabricante B\u00f6hler Edelstahl en Kapfenberg, Austria.<\/p>\n<p>Hoja: rectificada a m\u00e1quina, de doble filo tipo D\/E (daga de doble filo), recubierta de negro. La hoja fue fabricada con un afilado plano alto (Flat Grind), que proporciona excelentes propiedades de corte. Gracias a esto, el cuchillo tiene excelentes propiedades de penetraci\u00f3n manteniendo la fuerza. La veta situada en el centro refuerza a\u00fan m\u00e1s la hoja. El fuerte mecanismo de extensi\u00f3n\/retracci\u00f3n de la hoja con el deslizador moldeado para el pulgar, un deslizador escalonado para el pulgar, requiere el uso de una fuerza espec\u00edfica para superar la resistencia del resorte para mayor seguridad. El m\u00e9todo de apertura garantiza una apertura sin problemas tanto para usuarios diestros como zurdos.<\/p>\n<p>Mango: fabricado con precisi\u00f3n superior en tecnolog\u00eda 3D en fresadoras CNC, a partir de aluminio 6061-T6 anodizado negro con revestimiento Mil-Spec. La textura de la superficie del mango y las muescas profundas (jimping) aseguran que el cuchillo no se resbale en la mano durante el uso. El perfil delgado y el clip de transporte profundo fijo de dos posiciones (derecha\/izquierda) fresado permiten llevar el cuchillo discretamente en un bolsillo, en una posici\u00f3n de punta hacia abajo (hoja con la punta hacia abajo). El clip lleva el logotipo de Microtech, el n\u00famero de serie y la fecha de fabricaci\u00f3n. El mango est\u00e1 rematado con un rompevidrios, un s\u00f3lido tri\u00e1ngulo de acero en el que se presiona una bola de carburo de tungsteno. Tambi\u00e9n tiene una abertura para tejer un cord\u00f3n decorativo.<\/p>\n<p>Nombre del producto: Combat Troodon D\/E Gen 3 t\u00e1ctico negro<\/p>\n<p>Longitud total: 24,13 cm.<br \/>\nLongitud de la hoja: 9,65 cm<br \/>\nGrosor de la hoja: 0,33 cm.<br \/>\nLongitud del mango: 14,6 cm<br \/>\nGrosor del mango: 1,50 cm.<br \/>\nPeso: 150,0 g\/5,3 oz<\/p>\n<p>Material de la hoja: B\u00f6hler M390MK<br \/>\nRectificado de la hoja: Plano<br \/>\nAcabado de la hoja: revestimiento negro<\/p>\n<p>Material del mango: aluminio 6061-T6<br \/>\nColor del acabado del mango: Negro<br \/>\nMaterial del espaciador: aluminio 6061-T6<br \/>\nColor del espaciador: negro<\/p>\n<p>Clip: derecha\/izquierda, inclinado hacia abajo<br \/>\nMaterial del clip: Acero inoxidable<\/p>\n<p>Mecanismo giratorio: n.d.<br \/>\nMecanismo de bloqueo: Bloqueo deslizante<br \/>\nM\u00e9todo de apertura: Autom\u00e1tico, empujar\/tirar del pulgar deslizante<br \/>\nOtros accesorios: ninguno<\/p>\n<p>Dise\u00f1ador: Tony Marfione<br \/>\nMarca: Microtech Knives<br \/>\nFabricante: Cuchillos Microtech<br \/>\nPa\u00eds de origen: EE.UU.<\/p>\n<p><iframe title=\"Microtech Combat Troodon Torture Test\" width=\"800\" height=\"450\" src=\"https:\/\/www.youtube.com\/embed\/xE9TeOFYEjg?feature=oembed\" frameborder=\"0\" allow=\"accelerometer; autoplay; clipboard-write; encrypted-media; gyroscope; picture-in-picture; web-share\" referrerpolicy=\"strict-origin-when-cross-origin\" allowfullscreen><\/iframe><\/p>\n<p>&nbsp;<\/p>\n","protected":false},"excerpt":{"rendered":"<div class=\"elementor-element elementor-element-bbb542b elementor-widget elementor-widget-woocommerce-product-short-description\" data-id=\"bbb542b\" data-element_type=\"widget\" data-widget_type=\"woocommerce-product-short-description.default\">\n<div class=\"elementor-widget-container\">\n<div class=\"woocommerce-product-details__short-description\">\n<div class=\"elementor-element elementor-element-bbb542b elementor-widget elementor-widget-woocommerce-product-short-description\" data-id=\"bbb542b\" data-element_type=\"widget\" data-widget_type=\"woocommerce-product-short-description.default\">\n<div class=\"elementor-widget-container\">\n<div class=\"woocommerce-product-details__short-description\">\n<p>A lo largo de los a\u00f1os, Microtech\u00ae Knives ha llenado los cuchillos con pasi\u00f3n y habilidad para crear casi obras de arte que son el pin\u00e1culo de la funcionalidad. Todas las piezas se fabrican en los EE. UU.<br \/>\n<strong>Todos los cuchillos Microtech vienen con una garant\u00eda de por vida.<\/strong><\/p>\n<p><strong>Transporte gratuito.<\/strong><\/p>\n<\/div>\n<\/div>\n<\/div>\n<\/div>\n<\/div>\n<\/div>\n","protected":false},"featured_media":339323,"comment_status":"open","ping_status":"closed","template":"","meta":[],"pwb-brand":[3752],"product_brand":[],"product_cat":[3726,3729],"product_tag":[3756],"class_list":{"0":"post-339352","1":"product","2":"type-product","3":"status-publish","4":"has-post-thumbnail","6":"pwb-brand-microtecnologia","7":"product_cat-cuchillos","8":"product_cat-cuchillos-de-tiro","9":"product_tag-b2b-es","11":"first","12":"outofstock","13":"taxable","14":"shipping-taxable","15":"purchasable","16":"product-type-simple"},"brands":[{"id":3752,"name":"microtecnolog\u00eda","slug":"microtecnologia"}],"_links":{"self":[{"href":"https:\/\/www.moskito.cz\/es\/wp-json\/wp\/v2\/product\/339352","targetHints":{"allow":["GET"]}}],"collection":[{"href":"https:\/\/www.moskito.cz\/es\/wp-json\/wp\/v2\/product"}],"about":[{"href":"https:\/\/www.moskito.cz\/es\/wp-json\/wp\/v2\/types\/product"}],"replies":[{"embeddable":true,"href":"https:\/\/www.moskito.cz\/es\/wp-json\/wp\/v2\/comments?post=339352"}],"wp:featuredmedia":[{"embeddable":true,"href":"https:\/\/www.moskito.cz\/es\/wp-json\/wp\/v2\/media\/339323"}],"wp:attachment":[{"href":"https:\/\/www.moskito.cz\/es\/wp-json\/wp\/v2\/media?parent=339352"}],"wp:term":[{"taxonomy":"pwb-brand","embeddable":true,"href":"https:\/\/www.moskito.cz\/es\/wp-json\/wp\/v2\/pwb-brand?post=339352"},{"taxonomy":"product_brand","embeddable":true,"href":"https:\/\/www.moskito.cz\/es\/wp-json\/wp\/v2\/product_brand?post=339352"},{"taxonomy":"product_cat","embeddable":true,"href":"https:\/\/www.moskito.cz\/es\/wp-json\/wp\/v2\/product_cat?post=339352"},{"taxonomy":"product_tag","embeddable":true,"href":"https:\/\/www.moskito.cz\/es\/wp-json\/wp\/v2\/product_tag?post=339352"}],"curies":[{"name":"wp","href":"https:\/\/api.w.org\/{rel}","templated":true}]}}