{"id":339624,"date":"2022-02-23T22:35:18","date_gmt":"2024-05-07T11:42:17","guid":{"rendered":"https:\/\/www.moskito.cz\/produkt\/cuchillo-de-cierre-giantmouse-ace-riv-laton\/"},"modified":"2025-05-07T11:14:44","modified_gmt":"2025-05-07T10:14:44","slug":"cuchillo-de-cierre-giantmouse-ace-riv-laton","status":"publish","type":"product","link":"https:\/\/www.moskito.cz\/es\/produkt\/cuchillo-de-cierre-giantmouse-ace-riv-laton\/","title":{"rendered":"Cuchillo de cierre GiantMouse ACE RIV &#8211; LAT\u00d3N"},"content":{"rendered":"<p>Cuchillo de cierre <strong>GiantMouse<\/strong> ACE RIV &#8211; LAT\u00d3N<\/p>\n<p>LOS CUCHILLOS ADECUADOS.\u00ae<\/p>\n<p>Presentamos a Riva&#8230;<\/p>\n<p>Mucha gente ve la Riv como una mini-Biblio. Sin embargo, no s\u00f3lo reducimos la Biblia para hacer una Riv. Empezamos de nuevo y redise\u00f1amos por completo un nuevo cuchillo de la gama Biblio, pero con su propio tacto y expresi\u00f3n. As\u00ed tambi\u00e9n dise\u00f1amos el Biblio a partir de las l\u00edneas y el concepto del GM1. Por supuesto, ser\u00eda m\u00e1s f\u00e1cil simplemente aumentar o reducir el modelo de cuchillo al tama\u00f1o que creas que se vender\u00eda bien, \u00a1pero no es as\u00ed como trabajamos!<\/p>\n<p>\u00bfPor qu\u00e9 un cuchillo compacto?<\/p>\n<p>Nuestros dise\u00f1adores, Jens Anso y Jesper Voxnaes, crecieron en la naturaleza, trabajando en el bosque y haciendo tareas dom\u00e9sticas. Se les ense\u00f1\u00f3 a llevar consigo una hoja fija y una peque\u00f1a lima cuando trabajaban o caminaban. Una hoja fija se encargar\u00e1 de la mayor\u00eda de las tareas de corte, pero la plegadora debe conservarse como una navaja para trabajos m\u00e1s finos y debe ser su respaldo si la hoja fija se pierde o se desafila. Hoy en d\u00eda, la mayor\u00eda de las carpetas de calidad pueden manejar la mayor\u00eda de los trabajos de tama\u00f1o mediano con una hoja fija, pero a\u00fan as\u00ed es fant\u00e1stico tener una copia de seguridad n\u00edtida. Y con la \u00abRiv\u00bb obtienes una plegadora compacta que puede realizar la mayor\u00eda de los trabajos de corte cotidianos y te sorprender\u00e1 una vez que la tengas en tus manos. \u00a1Una herramienta, no un truco!<\/p>\n<p>\u00bfLo que hay en un nombre?<\/p>\n<p>Nombramos nuestros cuchillos en honor a lugares especiales que nos han hecho querer a lo largo de los a\u00f1os. El hom\u00f3nimo Biblio era el bar favorito del equipo GiantMouse en Brooklyn, donde naci\u00f3 la idea de nuestra nueva marca de cuchillos. El Grand lleva el nombre de nuestro hotel y bar favorito en Nuremberg. Clyde lleva el nombre del bar Clyde Commons en Portland, que formaba parte del Hotel ACE, que da nombre a nuestra l\u00ednea de cuchillos ACE. Bueno, en 2020, GiantMouse traslad\u00f3 su sede del \u00c1rea de la Bah\u00eda de San Francisco a East Lansing, MI. Por eso pensamos que era correcto conmemorar la ocasi\u00f3n poniendo a nuestro \u00faltimo modelo el nombre de una empresa local igualmente significativa. Resulta que \u00abThe Riv\u00bb es un hist\u00f3rico bar local en East Lansing que el director ejecutivo de GiantMouse, Jim Wirth, frecuentaba mientras asist\u00eda a la Universidad Estatal de Michigan a finales de los a\u00f1os 1980. vuelo. El bar sigue siendo un punto de referencia local hasta el d\u00eda de hoy, y una vez que el contingente dan\u00e9s del equipo GiantMouse pueda viajar nuevamente, puede estar seguro de que nos encontrar\u00e1 en la esquina de Albert y MAC Ave. \u00bfSi no estamos all\u00ed? &#8211; echa un vistazo a la puerta de al lado de Pinball Pete.<\/p>\n<p>ESPECIFICACIONES<\/p>\n<p>Materiales:<br \/>\nHoja de acero: Elmax. Dise\u00f1o satinado.<br \/>\nTirador: Lado de presentaci\u00f3n de lat\u00f3n.<br \/>\nEspaciador: Titanio.<br \/>\nClip: alambre.<br \/>\nMecanismo de rotaci\u00f3n: Rodamientos de bolas.<br \/>\nMecanismo de bloqueo: Cerradura de marco de titanio.<\/p>\n<p>Dimensiones:<br \/>\nLongitud de la hoja: 2,44&#8243; (62 mm) &#8211; medida desde la punta hasta el frente del marco<br \/>\nGrosor de la hoja: 0,118&#8243; (3 mm)<br \/>\nLongitud del mango: 3,375&#8243; (85,73 mm)<br \/>\nLongitud total: 5,75&#8243; (146 mm)<br \/>\nPeso: 3,4 oz (96,4 g)<\/p>\n<p><iframe title=\"The ACE Riv by GiantMouse Knives\" width=\"800\" height=\"450\" src=\"https:\/\/www.youtube.com\/embed\/zegLsN6zUMc?feature=oembed\" frameborder=\"0\" allow=\"accelerometer; autoplay; clipboard-write; encrypted-media; gyroscope; picture-in-picture; web-share\" referrerpolicy=\"strict-origin-when-cross-origin\" allowfullscreen><\/iframe><\/p>\n<p>&nbsp;<\/p>\n","protected":false},"excerpt":{"rendered":"<p>La idea de <strong>GiantMouse<\/strong> naci\u00f3 mientras tomaban unas copas una noche en el American Knife Show de 2015. Los dise\u00f1adores y cuchillos daneses Jens Ans\u00f8 y Jesper Voxnaes (Vox) decidieron, junto con su amigo empresario estadounidense Jim Wirth, que pod\u00edan construir una trampa para ratones mejor. hablar. Una marca de cuchillos que logra ofrecer dise\u00f1os de cuchillos incre\u00edbles, con la m\u00e1s alta calidad de construcci\u00f3n posible, a un precio justo, mientras se mantiene estrechamente involucrado con su comunidad de clientes.<\/p>\n<p><strong>Transporte gratuito.<\/strong><\/p>\n","protected":false},"featured_media":339635,"comment_status":"open","ping_status":"closed","template":"","meta":[],"pwb-brand":[3805],"product_brand":[],"product_cat":[3730,3726],"product_tag":[],"class_list":{"0":"post-339624","1":"product","2":"type-product","3":"status-publish","4":"has-post-thumbnail","6":"pwb-brand-raton-gigante","7":"product_cat-cuchillas-de-cierre","8":"product_cat-cuchillos","10":"first","11":"outofstock","12":"taxable","13":"shipping-taxable","14":"purchasable","15":"product-type-simple"},"brands":[{"id":3805,"name":"rat\u00f3n gigante","slug":"raton-gigante"}],"_links":{"self":[{"href":"https:\/\/www.moskito.cz\/es\/wp-json\/wp\/v2\/product\/339624","targetHints":{"allow":["GET"]}}],"collection":[{"href":"https:\/\/www.moskito.cz\/es\/wp-json\/wp\/v2\/product"}],"about":[{"href":"https:\/\/www.moskito.cz\/es\/wp-json\/wp\/v2\/types\/product"}],"replies":[{"embeddable":true,"href":"https:\/\/www.moskito.cz\/es\/wp-json\/wp\/v2\/comments?post=339624"}],"wp:featuredmedia":[{"embeddable":true,"href":"https:\/\/www.moskito.cz\/es\/wp-json\/wp\/v2\/media\/339635"}],"wp:attachment":[{"href":"https:\/\/www.moskito.cz\/es\/wp-json\/wp\/v2\/media?parent=339624"}],"wp:term":[{"taxonomy":"pwb-brand","embeddable":true,"href":"https:\/\/www.moskito.cz\/es\/wp-json\/wp\/v2\/pwb-brand?post=339624"},{"taxonomy":"product_brand","embeddable":true,"href":"https:\/\/www.moskito.cz\/es\/wp-json\/wp\/v2\/product_brand?post=339624"},{"taxonomy":"product_cat","embeddable":true,"href":"https:\/\/www.moskito.cz\/es\/wp-json\/wp\/v2\/product_cat?post=339624"},{"taxonomy":"product_tag","embeddable":true,"href":"https:\/\/www.moskito.cz\/es\/wp-json\/wp\/v2\/product_tag?post=339624"}],"curies":[{"name":"wp","href":"https:\/\/api.w.org\/{rel}","templated":true}]}}