{"id":339798,"date":"2021-07-29T19:40:03","date_gmt":"2024-05-13T08:17:15","guid":{"rendered":"https:\/\/www.moskito.cz\/produkt\/cuchillo-de-cierre-crkt-m16-01z\/"},"modified":"2025-05-07T11:14:45","modified_gmt":"2025-05-07T10:14:45","slug":"cuchillo-de-cierre-crkt-m16-01z","status":"publish","type":"product","link":"https:\/\/www.moskito.cz\/es\/produkt\/cuchillo-de-cierre-crkt-m16-01z\/","title":{"rendered":"Cuchillo de cierre CRKT M16-01Z"},"content":{"rendered":"<p>Cuchillo de cierre <strong>CRKT<\/strong> M16-01Z.<\/p>\n<p>Aqu\u00ed est\u00e1 el M16\u00ae Every Day Carry (EDC) de Kit Carson con nuestra construcci\u00f3n InterFrame de nailon relleno de vidrio.<\/p>\n<p>Nuestros usuarios de cuchillos nos dijeron: \u00abQueremos un cuchillo de trabajo asequible que podamos usar con fuerza sin sentirnos culpables y que no se rompa si lo dejamos en una obra de construcci\u00f3n o lo dejamos caer a un r\u00edo\u00bb. Te escuchamos. Por eso decidimos que el Z EDC ser\u00eda el mejor valor en el mundo de los cuchillos de trabajo y deportivos.<\/p>\n<p>Esto comienza con cachas de nailon texturizadas rellenas de vidrio y un inserto InterFrame doble de acero inoxidable 2CR13. Cuando se ensambla con espaciadores traseros de nailon de vidrio y sujetadores Torx\u00ae, el resultado es sorprendentemente r\u00edgido.<\/p>\n<p>El nailon relleno de vidrio ofrece una excelente tenacidad y resistencia a los disolventes. Las almohadillas lubricantes en el pivote de la hoja y el tornillo de pivote ajustable permiten una acci\u00f3n perfecta de la hoja. La hoja est\u00e1 hecha de acero inoxidable 8CR15MoV con alto contenido de carbono, que proporciona la combinaci\u00f3n ideal de dureza y capacidad de sujeci\u00f3n del filo en un cuchillo de trabajo, y tambi\u00e9n permite un f\u00e1cil afilado en el campo. Los modelos est\u00e1ndar tienen un acabado perlado.<\/p>\n<p>El M16\u00ae-01Z utiliza nuestra popular hoja de punta de lanza de perfil delgado con un borde afilado. Es ideal para cortes y tallados finos. Por supuesto, est\u00e1 el Carson Flipper, que acelera la apertura de la hoja y act\u00faa como protector de la hoja cuando la hoja est\u00e1 abierta.<\/p>\n<p>Este cuchillo est\u00e1 equipado con un seguro de inserci\u00f3n autom\u00e1tico. Automated Insert Security es una innovaci\u00f3n en la seguridad de insertos de bloqueo que se ha llevado al siguiente nivel. El bloqueo de inserci\u00f3n automatizado coloca el pasador entre el inserto de bloqueo y el marco. Este pasador act\u00faa como una capa adicional de seguridad, lo que hace menos probable que el inserto de bloqueo se suelte durante el uso.<\/p>\n<p>Para cerrar el cuchillo, tire hacia atr\u00e1s la palanca de seguridad con el bot\u00f3n rojo, mueva el inserto de bloqueo y pliegue la hoja a la posici\u00f3n cerrada. \u00bfQuieres uno de los sistemas de seguridad m\u00e1s seguros del mercado? La selecci\u00f3n es autom\u00e1tica.<\/p>\n<p>ESPECIFICACIONES<br \/>\nLongitud de la hoja 3,13 pulg. (79,38 mm)<br \/>\nBorde de hoja simple<br \/>\nHoja de acero 8Cr13MoV<br \/>\nCompletando la hoja Bead Blast<br \/>\nGrosor de la hoja 0,03 pulg. (2,03 mm)<br \/>\nLongitud total 7,13&#8243; (180,98 mm)<br \/>\nLongitud cerrada 4,00&#8243; (101,60 mm)<br \/>\nPeso 2,30 onzas. (65,20 g)<br \/>\nMango Nylon reforzado con vidrio<br \/>\nEstilo Navaja plegable con bloqueo de inserci\u00f3n<\/p>\n<p><strong>CRKT\u00ae<\/strong> (Columbia River Knife and Tool\u00ae) fue fundada en 1994. Desde el primer d\u00eda, ha dado prioridad a la innovaci\u00f3n y la integridad. Est\u00e1 comprometido a fabricar cuchillos y herramientas que inspiren y duren. Trabaja con los mejores dise\u00f1adores del mundo y trabaja seg\u00fan un principio simple: que lo mejor que puede ofrecer a los clientes es confianza en sus manos.<\/p>\n<p><iframe title=\"M16-01Z Knife | by Kit Carson\" width=\"800\" height=\"450\" src=\"https:\/\/www.youtube.com\/embed\/yvsl0_4sS4Y?feature=oembed\" frameborder=\"0\" allow=\"accelerometer; autoplay; clipboard-write; encrypted-media; gyroscope; picture-in-picture; web-share\" referrerpolicy=\"strict-origin-when-cross-origin\" allowfullscreen><\/iframe><\/p>\n<p>&nbsp;<\/p>\n<p>&nbsp;<\/p>\n","protected":false},"excerpt":{"rendered":"<p>Dise\u00f1ado por Kit Carson en Vine Grove, Kentucky.<\/p>\n","protected":false},"featured_media":339799,"comment_status":"open","ping_status":"closed","template":"","meta":[],"pwb-brand":[3765],"product_brand":[],"product_cat":[3730,3726],"product_tag":[3756],"class_list":{"0":"post-339798","1":"product","2":"type-product","3":"status-publish","4":"has-post-thumbnail","6":"pwb-brand-crkt-es","7":"product_cat-cuchillas-de-cierre","8":"product_cat-cuchillos","9":"product_tag-b2b-es","11":"first","12":"outofstock","13":"taxable","14":"shipping-taxable","15":"purchasable","16":"product-type-simple"},"brands":[{"id":3765,"name":"CRKT","slug":"crkt-es"}],"_links":{"self":[{"href":"https:\/\/www.moskito.cz\/es\/wp-json\/wp\/v2\/product\/339798","targetHints":{"allow":["GET"]}}],"collection":[{"href":"https:\/\/www.moskito.cz\/es\/wp-json\/wp\/v2\/product"}],"about":[{"href":"https:\/\/www.moskito.cz\/es\/wp-json\/wp\/v2\/types\/product"}],"replies":[{"embeddable":true,"href":"https:\/\/www.moskito.cz\/es\/wp-json\/wp\/v2\/comments?post=339798"}],"wp:featuredmedia":[{"embeddable":true,"href":"https:\/\/www.moskito.cz\/es\/wp-json\/wp\/v2\/media\/339799"}],"wp:attachment":[{"href":"https:\/\/www.moskito.cz\/es\/wp-json\/wp\/v2\/media?parent=339798"}],"wp:term":[{"taxonomy":"pwb-brand","embeddable":true,"href":"https:\/\/www.moskito.cz\/es\/wp-json\/wp\/v2\/pwb-brand?post=339798"},{"taxonomy":"product_brand","embeddable":true,"href":"https:\/\/www.moskito.cz\/es\/wp-json\/wp\/v2\/product_brand?post=339798"},{"taxonomy":"product_cat","embeddable":true,"href":"https:\/\/www.moskito.cz\/es\/wp-json\/wp\/v2\/product_cat?post=339798"},{"taxonomy":"product_tag","embeddable":true,"href":"https:\/\/www.moskito.cz\/es\/wp-json\/wp\/v2\/product_tag?post=339798"}],"curies":[{"name":"wp","href":"https:\/\/api.w.org\/{rel}","templated":true}]}}