{"id":339843,"date":"2021-09-23T21:50:33","date_gmt":"2024-05-14T07:45:59","guid":{"rendered":"https:\/\/www.moskito.cz\/produkt\/cuchillo-cierre-sog-kiku-xr-lte-blackout-micarta-carbono\/"},"modified":"2025-05-07T11:14:46","modified_gmt":"2025-05-07T10:14:46","slug":"cuchillo-cierre-sog-kiku-xr-lte-blackout-micarta-carbono","status":"publish","type":"product","link":"https:\/\/www.moskito.cz\/es\/produkt\/cuchillo-cierre-sog-kiku-xr-lte-blackout-micarta-carbono\/","title":{"rendered":"Cuchillo Cierre SOG KIKU XR LTE BLACKOUT MICARTA CARBONO"},"content":{"rendered":"<p>Cuchillo Cierre <strong>SOG<\/strong> KIKU XR LTE BLACKOUT MICARTA CARBONO.<\/p>\n<p>El musculoso Kiku XR LTE, un 25 % m\u00e1s ligero, ofrece una expresi\u00f3n de fuerza y \u200b\u200bagilidad. Con inserciones de fibra de carbono y espaciadores que minimizan el peso, el Kiku es f\u00e1cil de colocar en cualquier excursi\u00f3n al aire libre. Este componente de gran formato est\u00e1 construido sobre un mecanismo de bloqueo XR SOG extremadamente fuerte, mientras que la hoja de acero CTS XHP ofrece un alto grado de resistencia a la corrosi\u00f3n y una excelente retenci\u00f3n de los bordes.<\/p>\n<p>RESUMEN DE FUNCIONES<br \/>\nCon solo 4,1 onzas, el Kiku XR LTE es un componente liviano dise\u00f1ado para todos los desaf\u00edos al aire libre. Totalmente ambidiestro, con un clip de bolsillo ambidiestro, cuenta con un fuerte mecanismo de bloqueo SOR XR y acero XHP de primera calidad.<\/p>\n<p>CRIO CTS XHP<br \/>\nOfrece un alto grado de resistencia a la corrosi\u00f3n y una excelente retenci\u00f3n de los bordes.<\/p>\n<p>BLOQUEO XR<br \/>\nFiable y potente, capaz de soportar hasta 1500 libras de fuerza, proporciona el m\u00e1ximo bloqueo de la hoja incorporada al abrirse, lo que garantiza que solo se abra cuando est\u00e1 previsto.<\/p>\n<p>INSERTOS DE FIBRA DE CARBONO<br \/>\nLa serie LTE sustituye las inserciones met\u00e1licas por fibra de carbono. Igual de duradero, pero mucho m\u00e1s ligero y f\u00e1cil de manejar y transportar.<\/p>\n<p>LONGITUD DE LA HOJA: 8 cm<br \/>\nLARGO TOTAL: 18,5 cm<br \/>\nTIPO DE CLIP PARA CINTUR\u00d3N: Reversible de transporte bajo<br \/>\nTIPO DE BORDE : Recto<br \/>\nFORMA DE LA HOJA : Tanto<br \/>\nMATERIAL MANGO: Micarta<br \/>\nMECANISMO DE APERTURA : Cerradura XR, orificio para el pulgar,<br \/>\nTIPO DE HOJA DE ACERO: CRYO CTS XHP<br \/>\nDUREZA: 61-63<\/p>\n<p><iframe title=\"Kiku XR LTE\" width=\"800\" height=\"450\" src=\"https:\/\/www.youtube.com\/embed\/cpaP1HPrnd8?feature=oembed\" frameborder=\"0\" allow=\"accelerometer; autoplay; clipboard-write; encrypted-media; gyroscope; picture-in-picture; web-share\" referrerpolicy=\"strict-origin-when-cross-origin\" allowfullscreen><\/iframe><\/p>\n<p>&nbsp;<\/p>\n","protected":false},"excerpt":{"rendered":"<p>Ya sea que est\u00e9s protegiendo a otros o liderando una expedici\u00f3n de caza \u00e9pica, afrontando uno de los desaf\u00edos cotidianos de la vida o afrontando las condiciones m\u00e1s extremas hasta el momento, sigue tu camino con <strong>SOG<\/strong> .<\/p>\n<p><strong>\u00a1Ofrecemos una garant\u00eda de por vida en todos los cuchillos SOG! <\/strong><\/p>\n","protected":false},"featured_media":339844,"comment_status":"open","ping_status":"closed","template":"","meta":[],"pwb-brand":[3848],"product_brand":[],"product_cat":[3730,3726],"product_tag":[3756],"class_list":{"0":"post-339843","1":"product","2":"type-product","3":"status-publish","4":"has-post-thumbnail","6":"pwb-brand-sog-es","7":"product_cat-cuchillas-de-cierre","8":"product_cat-cuchillos","9":"product_tag-b2b-es","11":"first","12":"instock","13":"taxable","14":"shipping-taxable","15":"purchasable","16":"product-type-simple"},"brands":[{"id":3848,"name":"SOG","slug":"sog-es"}],"_links":{"self":[{"href":"https:\/\/www.moskito.cz\/es\/wp-json\/wp\/v2\/product\/339843","targetHints":{"allow":["GET"]}}],"collection":[{"href":"https:\/\/www.moskito.cz\/es\/wp-json\/wp\/v2\/product"}],"about":[{"href":"https:\/\/www.moskito.cz\/es\/wp-json\/wp\/v2\/types\/product"}],"replies":[{"embeddable":true,"href":"https:\/\/www.moskito.cz\/es\/wp-json\/wp\/v2\/comments?post=339843"}],"wp:featuredmedia":[{"embeddable":true,"href":"https:\/\/www.moskito.cz\/es\/wp-json\/wp\/v2\/media\/339844"}],"wp:attachment":[{"href":"https:\/\/www.moskito.cz\/es\/wp-json\/wp\/v2\/media?parent=339843"}],"wp:term":[{"taxonomy":"pwb-brand","embeddable":true,"href":"https:\/\/www.moskito.cz\/es\/wp-json\/wp\/v2\/pwb-brand?post=339843"},{"taxonomy":"product_brand","embeddable":true,"href":"https:\/\/www.moskito.cz\/es\/wp-json\/wp\/v2\/product_brand?post=339843"},{"taxonomy":"product_cat","embeddable":true,"href":"https:\/\/www.moskito.cz\/es\/wp-json\/wp\/v2\/product_cat?post=339843"},{"taxonomy":"product_tag","embeddable":true,"href":"https:\/\/www.moskito.cz\/es\/wp-json\/wp\/v2\/product_tag?post=339843"}],"curies":[{"name":"wp","href":"https:\/\/api.w.org\/{rel}","templated":true}]}}