{"id":339881,"date":"2022-11-05T11:57:19","date_gmt":"2024-05-14T13:10:10","guid":{"rendered":"https:\/\/www.moskito.cz\/produkt\/cuchillo-plegable-spartan-serrated-de-cold-steel\/"},"modified":"2025-05-07T11:14:48","modified_gmt":"2025-05-07T10:14:48","slug":"cuchillo-plegable-spartan-serrated-de-cold-steel","status":"publish","type":"product","link":"https:\/\/www.moskito.cz\/es\/produkt\/cuchillo-plegable-spartan-serrated-de-cold-steel\/","title":{"rendered":"Cuchillo plegable SPARTAN SERRATED de Cold Steel"},"content":{"rendered":"<p>Navaja Plegable SPARTAN SERRADA de <strong>Cold Steel<\/strong> .<\/p>\n<p>La hoja s\u00faper afilada del Spartan est\u00e1 hecha de acero japon\u00e9s AUS 10A muy duradero. Este acero inoxidable martens\u00edtico tiene muy buenas propiedades de resistencia y se utiliza principalmente como material para herramientas de corte. En comparaci\u00f3n con el AUS 8A, sujeta mejor la hoja y es m\u00e1s resistente a la abrasi\u00f3n. Luego, el acero ha sido tratado t\u00e9rmicamente para lograr el equilibrio perfecto entre retenci\u00f3n de bordes y f\u00e1cil reafilado. Su distintivo mango inspirado en Kopis est\u00e1 impreso con precisi\u00f3n en Griv-Ex con inserciones de acero tratado t\u00e9rmicamente. El dispositivo de seguridad Tri-Ad Lock contra el cierre no deseado del cuchillo se encuentra actualmente entre los dispositivos de seguridad producidos en masa m\u00e1s potentes del mundo.<\/p>\n<p>PARAMETROS DEL PRODUCTO<br \/>\nAcero: aleaci\u00f3n japonesa AUS 10A.<br \/>\nLongitud de la hoja: 114 mm<br \/>\nPeso: 255 gramos<br \/>\nMaterial del mango: Griv-Ex\u2122 largo con accesorios de acero<br \/>\nGrosor de la hoja: 4 mm<br \/>\nTama\u00f1o total: 266 mm<br \/>\nLongitud del mango: 152 mm<br \/>\nColor: Gris\/Plata<\/p>\n","protected":false},"excerpt":{"rendered":"<p><strong>SPARTAN, navaja plegable con hoja dentada. Un fen\u00f3meno entre los cuchillos que crear\u00e1 una impresi\u00f3n absolutamente monumental en tu mano.<\/strong><\/p>\n","protected":false},"featured_media":339882,"comment_status":"open","ping_status":"closed","template":"","meta":[],"pwb-brand":[3790],"product_brand":[],"product_cat":[3730,3726],"product_tag":[3756],"class_list":{"0":"post-339881","1":"product","2":"type-product","3":"status-publish","4":"has-post-thumbnail","6":"pwb-brand-arma-blanca","7":"product_cat-cuchillas-de-cierre","8":"product_cat-cuchillos","9":"product_tag-b2b-es","11":"first","12":"outofstock","13":"taxable","14":"shipping-taxable","15":"purchasable","16":"product-type-simple"},"brands":[{"id":3790,"name":"Arma blanca","slug":"arma-blanca"}],"_links":{"self":[{"href":"https:\/\/www.moskito.cz\/es\/wp-json\/wp\/v2\/product\/339881","targetHints":{"allow":["GET"]}}],"collection":[{"href":"https:\/\/www.moskito.cz\/es\/wp-json\/wp\/v2\/product"}],"about":[{"href":"https:\/\/www.moskito.cz\/es\/wp-json\/wp\/v2\/types\/product"}],"replies":[{"embeddable":true,"href":"https:\/\/www.moskito.cz\/es\/wp-json\/wp\/v2\/comments?post=339881"}],"wp:featuredmedia":[{"embeddable":true,"href":"https:\/\/www.moskito.cz\/es\/wp-json\/wp\/v2\/media\/339882"}],"wp:attachment":[{"href":"https:\/\/www.moskito.cz\/es\/wp-json\/wp\/v2\/media?parent=339881"}],"wp:term":[{"taxonomy":"pwb-brand","embeddable":true,"href":"https:\/\/www.moskito.cz\/es\/wp-json\/wp\/v2\/pwb-brand?post=339881"},{"taxonomy":"product_brand","embeddable":true,"href":"https:\/\/www.moskito.cz\/es\/wp-json\/wp\/v2\/product_brand?post=339881"},{"taxonomy":"product_cat","embeddable":true,"href":"https:\/\/www.moskito.cz\/es\/wp-json\/wp\/v2\/product_cat?post=339881"},{"taxonomy":"product_tag","embeddable":true,"href":"https:\/\/www.moskito.cz\/es\/wp-json\/wp\/v2\/product_tag?post=339881"}],"curies":[{"name":"wp","href":"https:\/\/api.w.org\/{rel}","templated":true}]}}