{"id":340204,"date":"2024-05-15T13:52:44","date_gmt":"2024-05-15T12:55:54","guid":{"rendered":"https:\/\/www.moskito.cz\/produkt\/navaja-fija-microtech-signature-series-socom-alpha-mini-114m-3dlccfs\/"},"modified":"2025-05-07T11:15:01","modified_gmt":"2025-05-07T10:15:01","slug":"navaja-fija-microtech-signature-series-socom-alpha-mini-114m-3dlccfs","status":"publish","type":"product","link":"https:\/\/www.moskito.cz\/es\/produkt\/navaja-fija-microtech-signature-series-socom-alpha-mini-114m-3dlccfs\/","title":{"rendered":"Navaja Fija Microtech Signature Series Socom Alpha Mini 114M-3DLCCFS"},"content":{"rendered":"<p>Navaja Fija <strong>Microtech<\/strong> Signature Series Socom Alpha Mini 114M-3DLCCFS.<\/p>\n<p>La Socom Alpha Mini es una hoja fija de \u00e9lite basada en la popular sierra de calar Socom. El mango es aproximadamente del mismo tama\u00f1o, pero la hoja s\u00f3lida Socom Alpha tiene una hoja ligeramente m\u00e1s corta, lo que crea un cuchillo perfectamente equilibrado. Est\u00e1 dise\u00f1ada para usuarios t\u00e1cticos, coleccionistas y cualquiera que aprecie una espada de primera calidad.<\/p>\n<p>Este dise\u00f1o de espiga completa presenta bordes alrededor del mango para brindarle el manejo m\u00e1s seguro posible de esta hoja t\u00e1ctica fija. Las escalas de fibra de carbono fresadas tienen una forma contorneada para un agarre ergon\u00f3mico m\u00e1ximo y crean una armon\u00eda perfecta entre el usuario y el instrumento. La hoja tanto es plana con un lomo redondeado y una superficie de piedra rugosa. El Socom Alpha mini irradia el aura de un usuario superior como espada fija t\u00e1ctica y utilitaria. Est\u00e1 fabricado con tolerancias perfectamente estrictas, por lo que sabes que puede soportar cualquier cosa que le arrojes. Viene con una funda Kydex recubierta de fibra de carbono con Blade-Tech TEK-LOK para m\u00faltiples opciones de transporte que se adaptan a sus preferencias espec\u00edficas.<br \/>\nEspecificaciones:<\/p>\n<p>Longitud de la hoja: <span id=\"cwos\" class=\"qv3Wpe\">9,3<\/span> cm<br \/>\nLongitud del mango: 11 cm<br \/>\nLongitud total: <span id=\"cwos\" class=\"qv3Wpe\">20,42<\/span> cm.<br \/>\nAcero: M 390<br \/>\nEstilo de hoja: Tanto<br \/>\nRectificado de la hoja: Plano<br \/>\nAcabado de la hoja: DLC negro<br \/>\nMaterial del mango: Fibra de carbono<br \/>\nMaterial de la funda: Fibra de carbono Acabado Kydex<br \/>\nPeso: 6,7 onzas.<br \/>\nPeso con estuche: 10,1 oz.<br \/>\nDise\u00f1ador: Tony Marfione<br \/>\nHecho en EE.UU<\/p>\n<p><iframe title=\"Microtech Combat Troodon Torture Test\" width=\"800\" height=\"450\" src=\"https:\/\/www.youtube.com\/embed\/xE9TeOFYEjg?feature=oembed\" frameborder=\"0\" allow=\"accelerometer; autoplay; clipboard-write; encrypted-media; gyroscope; picture-in-picture; web-share\" referrerpolicy=\"strict-origin-when-cross-origin\" allowfullscreen><\/iframe><\/p>\n<p>&nbsp;<\/p>\n","protected":false},"excerpt":{"rendered":"<div class=\"elementor-element elementor-element-bbb542b elementor-widget elementor-widget-woocommerce-product-short-description\" data-id=\"bbb542b\" data-element_type=\"widget\" data-widget_type=\"woocommerce-product-short-description.default\">\n<div class=\"elementor-widget-container\">\n<div class=\"woocommerce-product-details__short-description\">\n<p><strong>A lo largo de los a\u00f1os, Microtech\u00ae Knives ha llenado los cuchillos con pasi\u00f3n y habilidad para crear casi obras de arte que son el pin\u00e1culo de la funcionalidad. Todas las piezas se fabrican en los EE. UU.<\/strong><br \/>\n<strong>Todos los cuchillos Microtech vienen con una garant\u00eda de por vida.<\/strong><\/p>\n<p><strong>Transporte gratuito.<\/strong><\/p>\n<\/div>\n<\/div>\n<\/div>\n","protected":false},"featured_media":340165,"comment_status":"open","ping_status":"closed","template":"","meta":[],"pwb-brand":[3752],"product_brand":[],"product_cat":[3726,3727],"product_tag":[3756],"class_list":{"0":"post-340204","1":"product","2":"type-product","3":"status-publish","4":"has-post-thumbnail","6":"pwb-brand-microtecnologia","7":"product_cat-cuchillos","8":"product_cat-cuchillos-macizos","9":"product_tag-b2b-es","11":"first","12":"instock","13":"taxable","14":"shipping-taxable","15":"purchasable","16":"product-type-simple"},"brands":[{"id":3752,"name":"microtecnolog\u00eda","slug":"microtecnologia"}],"_links":{"self":[{"href":"https:\/\/www.moskito.cz\/es\/wp-json\/wp\/v2\/product\/340204","targetHints":{"allow":["GET"]}}],"collection":[{"href":"https:\/\/www.moskito.cz\/es\/wp-json\/wp\/v2\/product"}],"about":[{"href":"https:\/\/www.moskito.cz\/es\/wp-json\/wp\/v2\/types\/product"}],"replies":[{"embeddable":true,"href":"https:\/\/www.moskito.cz\/es\/wp-json\/wp\/v2\/comments?post=340204"}],"wp:featuredmedia":[{"embeddable":true,"href":"https:\/\/www.moskito.cz\/es\/wp-json\/wp\/v2\/media\/340165"}],"wp:attachment":[{"href":"https:\/\/www.moskito.cz\/es\/wp-json\/wp\/v2\/media?parent=340204"}],"wp:term":[{"taxonomy":"pwb-brand","embeddable":true,"href":"https:\/\/www.moskito.cz\/es\/wp-json\/wp\/v2\/pwb-brand?post=340204"},{"taxonomy":"product_brand","embeddable":true,"href":"https:\/\/www.moskito.cz\/es\/wp-json\/wp\/v2\/product_brand?post=340204"},{"taxonomy":"product_cat","embeddable":true,"href":"https:\/\/www.moskito.cz\/es\/wp-json\/wp\/v2\/product_cat?post=340204"},{"taxonomy":"product_tag","embeddable":true,"href":"https:\/\/www.moskito.cz\/es\/wp-json\/wp\/v2\/product_tag?post=340204"}],"curies":[{"name":"wp","href":"https:\/\/api.w.org\/{rel}","templated":true}]}}