{"id":340315,"date":"2024-05-15T14:16:51","date_gmt":"2024-05-15T13:19:21","guid":{"rendered":"https:\/\/www.moskito.cz\/produkt\/cuchillo-cierre-microtech-socom-bravo-mini-260m-8cfti\/"},"modified":"2025-05-07T11:15:02","modified_gmt":"2025-05-07T10:15:02","slug":"cuchillo-cierre-microtech-socom-bravo-mini-260m-8cfti","status":"publish","type":"product","link":"https:\/\/www.moskito.cz\/es\/produkt\/cuchillo-cierre-microtech-socom-bravo-mini-260m-8cfti\/","title":{"rendered":"Cuchillo Cierre Microtech Socom Bravo Mini 260M-8CFTI"},"content":{"rendered":"<p>Cuchillo de cierre <strong>Microtech<\/strong> Socom Bravo Mini 260M-8CFTI.<\/p>\n<p>cuchillos microtecnol\u00f3gicos<\/p>\n<p>Dise\u00f1ado por Microtech y fabricado por Rike Knife, el Socom Bravo Mini es un cuchillo de colaboraci\u00f3n inspirado en el cl\u00e1sico Socom. Esta navaja compacta y plegable es una excelente navaja t\u00e1ctica de alta resistencia. Cuenta con un mango de titanio 6Al4V reforzado con cachas de fibra de carbono y se ofrece con hoja de un solo filo y hoja tanto. El orificio para el cord\u00f3n y el clip para el bolsillo permiten un uso funcional y la ergonom\u00eda sigue siendo una de las mejores del sector.<br \/>\nEspecificaciones:<\/p>\n<p>Longitud de la hoja: <span id=\"cwos\" class=\"qv3Wpe\">8,75<\/span> cm<br \/>\nLargo cerrado: <span id=\"cwos\" class=\"qv3Wpe\">10,62<\/span> cm<br \/>\nLongitud total: <span id=\"cwos\" class=\"qv3Wpe\">19,37<\/span> cm.<br \/>\nMaterial de la hoja: acero inoxidable Bohler M390<br \/>\nEstilo de hoja: Punta de clip<br \/>\nRectificado de la hoja: Plano<br \/>\nAcabado de la hoja: Bead Blast<br \/>\nMaterial del mango: titanio 6Al4V reforzado con escala de fibra de carbono<br \/>\nGrosor del mango: 0,488&#8243;<br \/>\nMecanismo de bloqueo: Bloqueo de marco<br \/>\nConjunto de pasador: rodamientos<br \/>\nClip de bolsillo: Titanio (desplegable, para uso en la mano derecha)<br \/>\nPeso: 3,32 onzas.<br \/>\nDise\u00f1ador: Tony Marfione<\/p>\n<p><iframe title=\"Microtech Combat Troodon Torture Test\" width=\"800\" height=\"450\" src=\"https:\/\/www.youtube.com\/embed\/xE9TeOFYEjg?feature=oembed\" frameborder=\"0\" allow=\"accelerometer; autoplay; clipboard-write; encrypted-media; gyroscope; picture-in-picture; web-share\" referrerpolicy=\"strict-origin-when-cross-origin\" allowfullscreen><\/iframe><\/p>\n<p>&nbsp;<\/p>\n","protected":false},"excerpt":{"rendered":"<div class=\"elementor-element elementor-element-bbb542b elementor-widget elementor-widget-woocommerce-product-short-description\" data-id=\"bbb542b\" data-element_type=\"widget\" data-widget_type=\"woocommerce-product-short-description.default\">\n<div class=\"elementor-widget-container\">\n<div class=\"woocommerce-product-details__short-description\">\n<div class=\"elementor-element elementor-element-bbb542b elementor-widget elementor-widget-woocommerce-product-short-description\" data-id=\"bbb542b\" data-element_type=\"widget\" data-widget_type=\"woocommerce-product-short-description.default\">\n<div class=\"elementor-widget-container\">\n<div class=\"woocommerce-product-details__short-description\">\n<div class=\"elementor-element elementor-element-bbb542b elementor-widget elementor-widget-woocommerce-product-short-description\" data-id=\"bbb542b\" data-element_type=\"widget\" data-widget_type=\"woocommerce-product-short-description.default\">\n<div class=\"elementor-widget-container\">\n<div class=\"woocommerce-product-details__short-description\">\n<p><strong>A lo largo de los a\u00f1os, Microtech\u00ae Knives ha llenado los cuchillos con pasi\u00f3n y habilidad para crear casi obras de arte que son el pin\u00e1culo de la funcionalidad. Todas las piezas se fabrican en los EE. UU.<\/strong><br \/>\n<strong>Todos los cuchillos Microtech vienen con una garant\u00eda de por vida.<\/strong><\/p>\n<p><strong>Transporte gratuito.<\/strong><\/p>\n<\/div>\n<\/div>\n<\/div>\n<\/div>\n<\/div>\n<\/div>\n<\/div>\n<\/div>\n<\/div>\n","protected":false},"featured_media":340268,"comment_status":"open","ping_status":"closed","template":"","meta":[],"pwb-brand":[3752],"product_brand":[],"product_cat":[3730,3726],"product_tag":[3756],"class_list":{"0":"post-340315","1":"product","2":"type-product","3":"status-publish","4":"has-post-thumbnail","6":"pwb-brand-microtecnologia","7":"product_cat-cuchillas-de-cierre","8":"product_cat-cuchillos","9":"product_tag-b2b-es","11":"first","12":"outofstock","13":"taxable","14":"shipping-taxable","15":"purchasable","16":"product-type-simple"},"brands":[{"id":3752,"name":"microtecnolog\u00eda","slug":"microtecnologia"}],"_links":{"self":[{"href":"https:\/\/www.moskito.cz\/es\/wp-json\/wp\/v2\/product\/340315","targetHints":{"allow":["GET"]}}],"collection":[{"href":"https:\/\/www.moskito.cz\/es\/wp-json\/wp\/v2\/product"}],"about":[{"href":"https:\/\/www.moskito.cz\/es\/wp-json\/wp\/v2\/types\/product"}],"replies":[{"embeddable":true,"href":"https:\/\/www.moskito.cz\/es\/wp-json\/wp\/v2\/comments?post=340315"}],"wp:featuredmedia":[{"embeddable":true,"href":"https:\/\/www.moskito.cz\/es\/wp-json\/wp\/v2\/media\/340268"}],"wp:attachment":[{"href":"https:\/\/www.moskito.cz\/es\/wp-json\/wp\/v2\/media?parent=340315"}],"wp:term":[{"taxonomy":"pwb-brand","embeddable":true,"href":"https:\/\/www.moskito.cz\/es\/wp-json\/wp\/v2\/pwb-brand?post=340315"},{"taxonomy":"product_brand","embeddable":true,"href":"https:\/\/www.moskito.cz\/es\/wp-json\/wp\/v2\/product_brand?post=340315"},{"taxonomy":"product_cat","embeddable":true,"href":"https:\/\/www.moskito.cz\/es\/wp-json\/wp\/v2\/product_cat?post=340315"},{"taxonomy":"product_tag","embeddable":true,"href":"https:\/\/www.moskito.cz\/es\/wp-json\/wp\/v2\/product_tag?post=340315"}],"curies":[{"name":"wp","href":"https:\/\/api.w.org\/{rel}","templated":true}]}}