{"id":340353,"date":"2023-07-03T18:58:13","date_gmt":"2023-07-03T17:58:13","guid":{"rendered":"https:\/\/www.moskito.cz\/produkt\/cuchillo-plegable-microtech-socom-elite-tactico-manual-160-2t\/"},"modified":"2025-05-07T11:15:03","modified_gmt":"2025-05-07T10:15:03","slug":"cuchillo-plegable-microtech-socom-elite-tactico-manual-160-2t","status":"publish","type":"product","link":"https:\/\/www.moskito.cz\/es\/produkt\/cuchillo-plegable-microtech-socom-elite-tactico-manual-160-2t\/","title":{"rendered":"Cuchillo plegable Microtech Socom Elite t\u00e1ctico manual 160-2T"},"content":{"rendered":"<p>Cuchillo plegable Microtech Socom Elite t\u00e1ctico manual 160-2T<\/p>\n<p><strong>Socom Elite<\/strong> establece el est\u00e1ndar m\u00e1s alto para cubiertos t\u00e1cticos\/utilitarios. Desde la creaci\u00f3n del Socom original en 1996, ha sido el pionero de toda la gama de navajas Microtech. A lo largo de los a\u00f1os se han realizado una serie de mejoras para que Socom se adapte mejor a diferentes entornos. Tanto los Socoms manuales como los autom\u00e1ticos tienen una forma de mango \u00fanica que se adapta a su mano. Sabes que est\u00e1s comprando la mejor herramienta del mercado sin importar qu\u00e9 hoja elijas: punta de clip o tanto. Un rompecristales integrado en la base del mango y un gran pasador que permite una f\u00e1cil apertura con un guante le dan un aspecto impresionante. La robusta confiabilidad de Socom lo convierte en la primera opci\u00f3n para la comunidad de operaciones especiales.<\/p>\n<p>Especificaciones<br \/>\nLongitud de la hoja: 10,12 cm<br \/>\nLargo cerrado: 12,65 cm<br \/>\nLongitud total: 22,77 cm.<br \/>\nAcero: M390<br \/>\nEstilo de hoja: Punta de clip<br \/>\nRectificado de la hoja: Plano<br \/>\nAcabado de la hoja: negro<br \/>\nMaterial del mango: aluminio con inserciones texturizadas.<br \/>\nMaterial de inserci\u00f3n: acero inoxidable<br \/>\nMecanismo de bloqueo: Insertar<br \/>\nClip de bolsillo: Acero inoxidable (plegable, uso adecuado)<br \/>\nPeso: 5,6 onzas.<br \/>\nDise\u00f1ador: Tony Marfione<br \/>\nHecho en EE.UU<\/p>\n<p><iframe title=\"Microtech Combat Troodon Torture Test\" width=\"800\" height=\"450\" src=\"https:\/\/www.youtube.com\/embed\/xE9TeOFYEjg?feature=oembed\" frameborder=\"0\" allow=\"accelerometer; autoplay; clipboard-write; encrypted-media; gyroscope; picture-in-picture; web-share\" referrerpolicy=\"strict-origin-when-cross-origin\" allowfullscreen><\/iframe><\/p>\n<p>&nbsp;<\/p>\n","protected":false},"excerpt":{"rendered":"<p>A lo largo de los a\u00f1os, Microtech\u00ae Knives ha llenado los cuchillos con pasi\u00f3n y habilidad para crear casi obras de arte que son el pin\u00e1culo de la funcionalidad. Todas las piezas se fabrican en los EE. UU.<br \/>\n<strong>Todos los cuchillos Microtech vienen con una garant\u00eda de por vida.<\/strong><\/p>\n<p><strong>Transporte gratuito.<\/strong><\/p>\n","protected":false},"featured_media":340354,"comment_status":"open","ping_status":"closed","template":"","meta":[],"pwb-brand":[3752],"product_brand":[],"product_cat":[3729,3726],"product_tag":[3756],"class_list":{"0":"post-340353","1":"product","2":"type-product","3":"status-publish","4":"has-post-thumbnail","6":"pwb-brand-microtecnologia","7":"product_cat-cuchillos-de-tiro","8":"product_cat-cuchillos","9":"product_tag-b2b-es","11":"first","12":"instock","13":"taxable","14":"shipping-taxable","15":"purchasable","16":"product-type-simple"},"brands":[{"id":3752,"name":"microtecnolog\u00eda","slug":"microtecnologia"}],"_links":{"self":[{"href":"https:\/\/www.moskito.cz\/es\/wp-json\/wp\/v2\/product\/340353","targetHints":{"allow":["GET"]}}],"collection":[{"href":"https:\/\/www.moskito.cz\/es\/wp-json\/wp\/v2\/product"}],"about":[{"href":"https:\/\/www.moskito.cz\/es\/wp-json\/wp\/v2\/types\/product"}],"replies":[{"embeddable":true,"href":"https:\/\/www.moskito.cz\/es\/wp-json\/wp\/v2\/comments?post=340353"}],"wp:featuredmedia":[{"embeddable":true,"href":"https:\/\/www.moskito.cz\/es\/wp-json\/wp\/v2\/media\/340354"}],"wp:attachment":[{"href":"https:\/\/www.moskito.cz\/es\/wp-json\/wp\/v2\/media?parent=340353"}],"wp:term":[{"taxonomy":"pwb-brand","embeddable":true,"href":"https:\/\/www.moskito.cz\/es\/wp-json\/wp\/v2\/pwb-brand?post=340353"},{"taxonomy":"product_brand","embeddable":true,"href":"https:\/\/www.moskito.cz\/es\/wp-json\/wp\/v2\/product_brand?post=340353"},{"taxonomy":"product_cat","embeddable":true,"href":"https:\/\/www.moskito.cz\/es\/wp-json\/wp\/v2\/product_cat?post=340353"},{"taxonomy":"product_tag","embeddable":true,"href":"https:\/\/www.moskito.cz\/es\/wp-json\/wp\/v2\/product_tag?post=340353"}],"curies":[{"name":"wp","href":"https:\/\/api.w.org\/{rel}","templated":true}]}}