{"id":340422,"date":"2024-05-16T14:57:46","date_gmt":"2024-05-16T14:00:11","guid":{"rendered":"https:\/\/www.moskito.cz\/produkt\/cuchillo-macizo-cold-steel-natchez-bowie-16dn\/"},"modified":"2025-05-07T11:15:05","modified_gmt":"2025-05-07T10:15:05","slug":"cuchillo-macizo-cold-steel-natchez-bowie-16dn","status":"publish","type":"product","link":"https:\/\/www.moskito.cz\/es\/produkt\/cuchillo-macizo-cold-steel-natchez-bowie-16dn\/","title":{"rendered":"Cuchillo Macizo COLD STEEL NATCHEZ BOWIE 16DN"},"content":{"rendered":"<p>Cuchillo Macizo <strong>COLD STEEL<\/strong> NATCHEZ BOWIE 16DN.<\/p>\n<p>\u00abUnder-The Hill\u00bb era un barrio costero notoriamente ruidoso de Natchez, Mississippi, a principios del siglo XIX. Tan dudoso que rara vez se mencionaba en los educados salones de las mansiones anteriores a la guerra que salpicaban el otro lado de la ciudad durante la era del algod\u00f3n.<\/p>\n<p>Natchez Bowie de Cold Steel naci\u00f3 \u00abUnder-The-Hill\u00bb y tiene su pedigr\u00ed en esas tabernas s\u00f3rdidas y calles con poca luz. Una l\u00ednea creada para la batalla, es el Bowie de combate definitivo. Su larga hoja tiene una forma perfecta para potencia, alcance y apalancamiento, y su importante peso est\u00e1 perfectamente equilibrado, lo que le confiere una vivacidad y velocidad incomparables. \u00a1Combina todo esto con su filo perversamente afilado y tendr\u00e1s un cuchillo que apu\u00f1ala como una daga, corta como una navaja y corta como una cuchilla!<\/p>\n<p>Lo mejor en materiales y mano de obra es lo que hace posible dicho rendimiento. La hoja est\u00e1 hecha de acero para herramientas CPM-3V. Es caro y dif\u00edcil de producir, pero la hoja resultante es pr\u00e1cticamente indestructible. El mango tambi\u00e9n juega un papel importante en el rendimiento general. Tiene una protecci\u00f3n de doble quill\u00f3n, un cabezal y un cabezal fabricados en acero inoxidable serie 300 altamente pulido y un resistente mango negro G10. Se adapta f\u00e1cilmente a una amplia variedad de empu\u00f1aduras y al mismo tiempo sirve como un arma de impacto formidable.<\/p>\n<p>Cada Natchez Bowie viene con una funda Secure-Ex que protege la espada y te permite llevarla de forma segura a tu lado, siempre lista para defenderte a ti y a tus seres queridos.<\/p>\n<p>Peso: 624 gramos<br \/>\nLongitud de la hoja: 29,8 cm<br \/>\nLongitud del mango: 13,6 cm<br \/>\nMaterial del mango: Micarta negra pulida larga<br \/>\nColor: Negro\/Plata<br \/>\nTama\u00f1o total: 43,4 cm<br \/>\nMaterial de la funda: Funda Secure-Ex\u00ae<br \/>\nGrosor de la hoja: 8 mm<br \/>\nAcero: CPM 3-V<\/p>\n<p><iframe title=\"COLD STEEL&#039;S DEADLIEST WEAPON THE NATCHEZ BOWIE\" width=\"800\" height=\"450\" src=\"https:\/\/www.youtube.com\/embed\/q3OE1W9UGrs?feature=oembed\" frameborder=\"0\" allow=\"accelerometer; autoplay; clipboard-write; encrypted-media; gyroscope; picture-in-picture; web-share\" referrerpolicy=\"strict-origin-when-cross-origin\" allowfullscreen><\/iframe><\/p>\n<p>&nbsp;<\/p>\n","protected":false},"excerpt":{"rendered":"<p><strong>Cada Natchez Bowie viene con una funda Secure-Ex que protege la espada y te permite llevarla de forma segura a tu lado, siempre lista para defenderte a ti y a tus seres queridos.<\/strong><\/p>\n<p><strong>Transporte gratuito.<\/strong><\/p>\n","protected":false},"featured_media":340409,"comment_status":"open","ping_status":"closed","template":"","meta":[],"pwb-brand":[3790],"product_brand":[],"product_cat":[3726,3727],"product_tag":[3756],"class_list":{"0":"post-340422","1":"product","2":"type-product","3":"status-publish","4":"has-post-thumbnail","6":"pwb-brand-arma-blanca","7":"product_cat-cuchillos","8":"product_cat-cuchillos-macizos","9":"product_tag-b2b-es","11":"first","12":"instock","13":"taxable","14":"shipping-taxable","15":"purchasable","16":"product-type-simple"},"brands":[{"id":3790,"name":"Arma blanca","slug":"arma-blanca"}],"_links":{"self":[{"href":"https:\/\/www.moskito.cz\/es\/wp-json\/wp\/v2\/product\/340422","targetHints":{"allow":["GET"]}}],"collection":[{"href":"https:\/\/www.moskito.cz\/es\/wp-json\/wp\/v2\/product"}],"about":[{"href":"https:\/\/www.moskito.cz\/es\/wp-json\/wp\/v2\/types\/product"}],"replies":[{"embeddable":true,"href":"https:\/\/www.moskito.cz\/es\/wp-json\/wp\/v2\/comments?post=340422"}],"wp:featuredmedia":[{"embeddable":true,"href":"https:\/\/www.moskito.cz\/es\/wp-json\/wp\/v2\/media\/340409"}],"wp:attachment":[{"href":"https:\/\/www.moskito.cz\/es\/wp-json\/wp\/v2\/media?parent=340422"}],"wp:term":[{"taxonomy":"pwb-brand","embeddable":true,"href":"https:\/\/www.moskito.cz\/es\/wp-json\/wp\/v2\/pwb-brand?post=340422"},{"taxonomy":"product_brand","embeddable":true,"href":"https:\/\/www.moskito.cz\/es\/wp-json\/wp\/v2\/product_brand?post=340422"},{"taxonomy":"product_cat","embeddable":true,"href":"https:\/\/www.moskito.cz\/es\/wp-json\/wp\/v2\/product_cat?post=340422"},{"taxonomy":"product_tag","embeddable":true,"href":"https:\/\/www.moskito.cz\/es\/wp-json\/wp\/v2\/product_tag?post=340422"}],"curies":[{"name":"wp","href":"https:\/\/api.w.org\/{rel}","templated":true}]}}