{"id":340553,"date":"2024-05-16T15:54:16","date_gmt":"2024-05-16T14:54:16","guid":{"rendered":"https:\/\/www.moskito.cz\/produkt\/cuchillo-solido-cold-steel-republic-bushcraft-knife-cs-fx-50fld\/"},"modified":"2025-05-07T11:15:07","modified_gmt":"2025-05-07T10:15:07","slug":"cuchillo-solido-cold-steel-republic-bushcraft-knife-cs-fx-50fld","status":"publish","type":"product","link":"https:\/\/www.moskito.cz\/es\/produkt\/cuchillo-solido-cold-steel-republic-bushcraft-knife-cs-fx-50fld\/","title":{"rendered":"Cuchillo S\u00f3lido Cold Steel REPUBLIC BUSHCRAFT KNIFE CS-FX-50FLD"},"content":{"rendered":"<p>Cuchillo S\u00f3lido <strong>Cold Steel<\/strong> REPUBLIC BUSHCRAFT KNIFE CS-FX-50FLD.<\/p>\n<p>Ya sea que est\u00e9 construyendo un refugio, preparando una comida o enfrentando desaf\u00edos imprevistos en una situaci\u00f3n de supervivencia, necesita un cuchillo en el que pueda confiar, uno que pueda resistir cualquier obst\u00e1culo que encuentre. Presentamos el compa\u00f1ero perfecto para cualquier actividad al aire libre: el nuevo Republic, un duradero cuchillo de supervivencia para bushcraft con punta de ca\u00edda de Cold Steel.<\/p>\n<p>Fabricada en los EE. UU., Republic presenta una impresionante hoja de acero S35VN de 5 pulgadas con una dureza de HRC58-60 y un grosor robusto de 3,9 mm; su mecanizado de precisi\u00f3n proporciona una herramienta vers\u00e1til y confiable que sobresaldr\u00e1 en los entornos salvajes m\u00e1s exigentes. Su durabilidad se ve reforzada a\u00fan m\u00e1s por el resistente acabado Ionbond, que no solo ofrece una resistencia excepcional a la corrosi\u00f3n, sino tambi\u00e9n una est\u00e9tica elegante y t\u00e1ctica que seguramente tocar\u00e1 la fibra sensible de cualquier aventurero en la naturaleza.<\/p>\n<p>Y con solo 8,4 onzas, Republic facilita su transporte incluso cuando se guarda en el estuche de cuero premium incluido. La confiable hoja se acopla a un mango Micarta de 5 pulgadas con un agarre seguro que minimiza el riesgo de resbalar incluso cuando est\u00e1 mojado. Adem\u00e1s, el mango se puede quitar f\u00e1cilmente, por lo que puedes adaptar r\u00e1pidamente la herramienta a tus necesidades o preferencias espec\u00edficas en cualquier situaci\u00f3n. El movimiento y el movimiento de la hoja brindan un mejor agarre y control con el pulgar para tareas delicadas, mientras que el orificio para cord\u00f3n integrado ofrece una amplia gama de opciones de transporte, incluida una forma de sujetar el cuchillo a su equipo o mu\u00f1eca para que est\u00e9 siempre a su alcance.<\/p>\n<p>&#8211; La hoja afilada S35VN de 3,9 mm de grosor y 5 pulgadas puede realizar diversas tareas al aire libre<br \/>\n&#8211; El acabado Ionbond resiste la corrosi\u00f3n y proporciona una apariencia t\u00e1ctica y de buen gusto.<br \/>\n&#8211; Jimping y choil para mayor agarre y maniobrabilidad.<br \/>\n&#8211; El mango Micarta de cinco pulgadas proporciona un agarre firme independientemente de las condiciones clim\u00e1ticas<br \/>\n&#8211; El mango extra\u00edble permite la personalizaci\u00f3n seg\u00fan la situaci\u00f3n o el negocio.<br \/>\n&#8211; Construcci\u00f3n robusta y duradera con retenci\u00f3n de bordes duradera<br \/>\n&#8211; Pesa s\u00f3lo 8,4 onzas<br \/>\n&#8211; Hecho en los EE.UU.<\/p>\n<p>Masa. 238 gramos<br \/>\nDe color negro<br \/>\nTama\u00f1o total: 25,4 cm<br \/>\nLongitud del mango: 12,7 cm<br \/>\nAcero: CPM-S35VN<br \/>\nLongitud de la hoja: 12,7 cm<br \/>\nGrosor de la hoja: 3,9 mm<br \/>\nMaterial mango: Micarta<br \/>\nMaterial de la caja: cuero<\/p>\n<p><iframe title=\"Republic Bushcraft Knife - Made in the USA\" width=\"800\" height=\"450\" src=\"https:\/\/www.youtube.com\/embed\/9VzB1jGOVOk?feature=oembed\" frameborder=\"0\" allow=\"accelerometer; autoplay; clipboard-write; encrypted-media; gyroscope; picture-in-picture; web-share\" referrerpolicy=\"strict-origin-when-cross-origin\" allowfullscreen><\/iframe><\/p>\n<p>&nbsp;<\/p>\n","protected":false},"excerpt":{"rendered":"<p><strong>Ya sea que est\u00e9 construyendo un refugio, preparando una comida o enfrentando desaf\u00edos imprevistos en una situaci\u00f3n de supervivencia, necesita un cuchillo en el que pueda confiar, uno que pueda resistir cualquier obst\u00e1culo que encuentre.<\/strong><\/p>\n<p><strong>Transporte gratuito.<\/strong><\/p>\n","protected":false},"featured_media":340484,"comment_status":"open","ping_status":"closed","template":"","meta":[],"pwb-brand":[3790],"product_brand":[],"product_cat":[3727,3726],"product_tag":[3756],"class_list":{"0":"post-340553","1":"product","2":"type-product","3":"status-publish","4":"has-post-thumbnail","6":"pwb-brand-arma-blanca","7":"product_cat-cuchillos-macizos","8":"product_cat-cuchillos","9":"product_tag-b2b-es","11":"first","12":"instock","13":"taxable","14":"shipping-taxable","15":"purchasable","16":"product-type-simple"},"brands":[{"id":3790,"name":"Arma blanca","slug":"arma-blanca"}],"_links":{"self":[{"href":"https:\/\/www.moskito.cz\/es\/wp-json\/wp\/v2\/product\/340553","targetHints":{"allow":["GET"]}}],"collection":[{"href":"https:\/\/www.moskito.cz\/es\/wp-json\/wp\/v2\/product"}],"about":[{"href":"https:\/\/www.moskito.cz\/es\/wp-json\/wp\/v2\/types\/product"}],"replies":[{"embeddable":true,"href":"https:\/\/www.moskito.cz\/es\/wp-json\/wp\/v2\/comments?post=340553"}],"wp:featuredmedia":[{"embeddable":true,"href":"https:\/\/www.moskito.cz\/es\/wp-json\/wp\/v2\/media\/340484"}],"wp:attachment":[{"href":"https:\/\/www.moskito.cz\/es\/wp-json\/wp\/v2\/media?parent=340553"}],"wp:term":[{"taxonomy":"pwb-brand","embeddable":true,"href":"https:\/\/www.moskito.cz\/es\/wp-json\/wp\/v2\/pwb-brand?post=340553"},{"taxonomy":"product_brand","embeddable":true,"href":"https:\/\/www.moskito.cz\/es\/wp-json\/wp\/v2\/product_brand?post=340553"},{"taxonomy":"product_cat","embeddable":true,"href":"https:\/\/www.moskito.cz\/es\/wp-json\/wp\/v2\/product_cat?post=340553"},{"taxonomy":"product_tag","embeddable":true,"href":"https:\/\/www.moskito.cz\/es\/wp-json\/wp\/v2\/product_tag?post=340553"}],"curies":[{"name":"wp","href":"https:\/\/api.w.org\/{rel}","templated":true}]}}